{"id":3139,"date":"2022-10-14T14:21:57","date_gmt":"2022-10-14T16:21:57","guid":{"rendered":"http:\/\/ltim.lt\/?page_id=3139"},"modified":"2022-10-14T14:27:54","modified_gmt":"2022-10-14T16:27:54","slug":"kodel-lietuvos-totoriai-puikus-pavyzdys-ukrainos-totoriams","status":"publish","type":"page","link":"https:\/\/ltim.lt\/en\/galerija\/literatura-ir-spauda\/kodel-lietuvos-totoriai-puikus-pavyzdys-ukrainos-totoriams\/","title":{"rendered":"Kod\u0117l Lietuvos totoriai \u2013 puikus pavyzdys Ukrainai? (2017 m.)"},"content":{"rendered":"\t\t<div data-elementor-type=\"wp-page\" data-elementor-id=\"3139\" class=\"elementor elementor-3139\" data-elementor-settings=\"[]\">\n\t\t\t\t\t\t<div class=\"elementor-inner\">\n\t\t\t\t\t\t\t<div class=\"elementor-section-wrap\">\n\t\t\t\t\t\t\t<section class=\"elementor-section elementor-top-section elementor-element elementor-element-f645269 elementor-section-boxed elementor-section-height-default elementor-section-height-default\" data-id=\"f645269\" data-element_type=\"section\">\n\t\t\t\t\t\t<div class=\"elementor-container elementor-column-gap-default\">\n\t\t\t\t\t\t\t<div class=\"elementor-row\">\n\t\t\t\t\t<div class=\"elementor-column elementor-col-100 elementor-top-column elementor-element elementor-element-9f5974b\" data-id=\"9f5974b\" data-element_type=\"column\">\n\t\t\t<div class=\"elementor-column-wrap elementor-element-populated\">\n\t\t\t\t\t\t\t<div class=\"elementor-widget-wrap\">\n\t\t\t\t\t\t<div class=\"elementor-element elementor-element-accb2b8 elementor-view-default elementor-widget elementor-widget-icon\" data-id=\"accb2b8\" data-element_type=\"widget\" data-widget_type=\"icon.default\">\n\t\t\t\t<div class=\"elementor-widget-container\">\n\t\t\t\t\t<div class=\"elementor-icon-wrapper\">\n\t\t\t<div class=\"elementor-icon\">\n\t\t\t<i aria-hidden=\"true\" class=\"fas fa-book-open\"><\/i>\t\t\t<\/div>\n\t\t<\/div>\n\t\t\t\t<\/div>\n\t\t\t\t<\/div>\n\t\t\t\t\t\t<\/div>\n\t\t\t\t\t<\/div>\n\t\t<\/div>\n\t\t\t\t\t\t\t\t<\/div>\n\t\t\t\t\t<\/div>\n\t\t<\/section>\n\t\t\t\t<section class=\"elementor-section elementor-top-section elementor-element elementor-element-8d5e89e elementor-section-boxed elementor-section-height-default elementor-section-height-default\" data-id=\"8d5e89e\" data-element_type=\"section\">\n\t\t\t\t\t\t<div class=\"elementor-container elementor-column-gap-default\">\n\t\t\t\t\t\t\t<div class=\"elementor-row\">\n\t\t\t\t\t<div class=\"elementor-column elementor-col-100 elementor-top-column elementor-element elementor-element-32906e5\" data-id=\"32906e5\" data-element_type=\"column\">\n\t\t\t<div class=\"elementor-column-wrap elementor-element-populated\">\n\t\t\t\t\t\t\t<div class=\"elementor-widget-wrap\">\n\t\t\t\t\t\t<div class=\"elementor-element elementor-element-543d27a elementor-widget elementor-widget-text-editor\" data-id=\"543d27a\" data-element_type=\"widget\" data-widget_type=\"text-editor.default\">\n\t\t\t\t<div class=\"elementor-widget-container\">\n\t\t\t\t\t<div class=\"elementor-text-editor elementor-clearfix\"><p><span style=\"font-family: 'book antiqua', palatino, serif; color: #000000;\">Tokiu pavadinimu 2017 m. rugpj\u016b\u010dio m\u0117n. Ukrainos leidinyje \u201eKraina\u201c atspausdintas \u017eurnalist\u0117s Veronikos Mironovos interviu su Lietuvos totori\u0173 bendruomeni\u0173 s\u0105jungos pirmininku prof. dr. Adu Jakubausku. Pa\u0161nekovei buvo \u017einoma, kad A. Jakubauskas praeityje yra buv\u0119s Lietuvos Respublikos Ministro Pirmininko visuomeniniu konsultantu tautini\u0173 ma\u017eum\u0173 klausimais, daugel\u012f met\u0173 atstovauja Krymo totori\u0173 Med\u017elis\u0105 \u2013 Tautin\u012f parlament\u0105 Lietuvoje, nuo 2015 m. yra Pasaulio Krymo totori\u0173 Kongreso generalinio sekretoriaus pavaduotojas. Adas Jakubauskas pristatytas ir kaip ra\u0161ytojas, poetas, kuris savo k\u016bryboje, poezijoje, es\u0117 daug d\u0117mesio skiria Krymui ir Krymo totoriams.<\/span><\/p>\n<p><span style=\"font-family: 'book antiqua', palatino, serif; color: #000000;\">\u017durnalist\u0117 dom\u0117josi Ado Jakubausko literat\u016brine k\u016bryba. Jai taip pat buvo \u012fdomu pasi\u0161nek\u0117ti apie pozityv\u0173 totoriaus kario \u2013 valstyb\u0117s gyn\u0117jo \u012fvaizd\u012f Lietuvoje ir kaimynin\u0117je Lenkijoje. Interviu buvo kalbama ir apie totori\u0173 integracij\u0105 \u012f Lietuvos visuomen\u0119, kuo \u0161is pavyzdys gal\u0117t\u0173 pasitarnauti Ukrainai.<\/span><\/p>\n<p><span style=\"font-family: 'book antiqua', palatino, serif; color: #000000;\">\u0160iemet minimas totori\u0173 \u012fsik\u016brimo LDK 620-osios metin\u0117s, \u017eurnalist\u0117 pa\u0161nekovo klaus\u0117 kaip Lietuvos totoriams pavyko i\u0161laikyti savo religij\u0105, kult\u016br\u0105, tauti\u0161kum\u0105. Kaip totoriams i\u0161likti XXI am\u017eiuje, i\u0161saugoti savo tapatyb\u0119 kintan\u010dioje realyb\u0117je? A. Jakubauskas perteik\u0117 totori\u0173 persik\u0117limo \u012f Lietuvos Did\u017ei\u0105j\u0105 Kunigaik\u0161tyst\u0119 istorines aplinkybes, samprotavo kaip Lietuvos totoriams pavyko i\u0161likti atskira etnine grupe, apie Lietuvos totori\u0173 perspektyvas i\u0161likti global\u0117jan\u010dioje visuomen\u0117je. Vis\u0173 pirma, pabr\u0117\u017e\u0117 jis, reikia gerbti \u0161al\u012f, kurioje gyveni, jos kult\u016br\u0105, \u012fstatymus, papro\u010dius, tuomet bus gera gyventi toje \u0161alyje.<\/span><\/p>\n<p><span style=\"font-family: 'book antiqua', palatino, serif; color: #000000;\">Interviu buvo kalbama ir apie dabartin\u0119 Krymo totori\u0173 pad\u0117t\u012f. Lietuvos \u017emon\u0117s&nbsp;<\/span><span style=\"font-family: 'book antiqua', palatino, serif; color: #000000;\">\u017einojo apie Krymo totori\u0173 deportacij\u0105, nes lietuviai patys patyr\u0117 1941 m. bir\u017eelio 14 d. ir v\u0117lesnius tr\u0117mimus \u012f Sibir\u0105 ir kitas SSRS vietas. Pa\u0161nekovas pa\u017eym\u0117jo, kad dabartin\u0117 Krymo totori\u0173 pad\u0117tis prasta, Rusijos okupuotame Kryme atvirai vyksta \u017emogaus teisi\u0173 pa\u017eeidimai, Krymo totori\u0173 bauginimai. Po Krymo okupacijos dalis Krymo totori\u0173 buvo spaud\u017eiama i\u0161vykti i\u0161 Krymo. A. Jakubausko nuomone, patys baisiausi metai, kuomet visa Krymo totori\u0173 tauta buvo i\u0161tremta \u012f Vidurin\u0119 Azij\u0105, nepasikartos, tod\u0117l svarbu i\u0161tveri \u0161\u012f nelengv\u0105 laikotarp\u012f, i\u0161mokti i\u0161saugoti savo vertybes, mokyti jaun\u0105j\u0105 kart\u0105. Sugr\u012f\u017eimas \u012f i\u0161svajot\u0105&nbsp;<\/span><span style=\"font-family: 'book antiqua', palatino, serif; color: #000000;\">Krym\u0105 buvo nelengvas, tod\u0117l dabar svarbu pasilikti jame, nepasiduoti spaudimui ir nepal\u016b\u017eti. Ai\u0161ku, Rusijos vald\u017eia nor\u0117t\u0173, kad totoriai palikt\u0173 Krym\u0105, tai b\u016bt\u0173 jos svajoni\u0173 i\u0161sipildymas, nes Krymo totorius tr\u0117m\u0117 ir persekiojo dar imperatorien\u0117 Jekaterina II. Lietuva palaiko Krymo totori\u0173 tautos kov\u0105 su Rusijos agresija. Du kartus Lietuvos Respublikos Seime vyko tarptautin\u0117s konferencijos situacijai Kryme aptarti, \u012f kurias buvo susirink\u0119 \u012ftakingi Lietuvos ir u\u017esienio politikai, vyko Krymo totori\u0173 atstov\u0173 susitikimai su Seimo, Vyriausyb\u0117s vadovais, Prezidente Dalia Grybauskaite.<\/span><\/p>\n<p><span style=\"font-family: 'book antiqua', palatino, serif; color: #000000;\">Vis\u0105 interviu galite perskaityti 2017 m. rugpj\u016b\u010dio m\u0117n. \u017eurnale \u201eKraina 387 numeryje\u201c.<\/span><\/p><\/div>\n\t\t\t\t<\/div>\n\t\t\t\t<\/div>\n\t\t\t\t\t\t<\/div>\n\t\t\t\t\t<\/div>\n\t\t<\/div>\n\t\t\t\t\t\t\t\t<\/div>\n\t\t\t\t\t<\/div>\n\t\t<\/section>\n\t\t\t\t\t\t<\/div>\n\t\t\t\t\t\t<\/div>\n\t\t\t\t\t<\/div>\n\t\t","protected":false},"excerpt":{"rendered":"<p>Tokiu pavadinimu 2017 m. rugpj\u016b\u010dio m\u0117n. Ukrainos leidinyje \u201eKraina\u201c atspausdintas \u017eurnalist\u0117s Veronikos Mironovos interviu su Lietuvos totori\u0173 bendruomeni\u0173 s\u0105jungos pirmininku prof. dr. Adu Jakubausku. Pa\u0161nekovei buvo \u017einoma, kad A. Jakubauskas praeityje yra buv\u0119s Lietuvos Respublikos Ministro Pirmininko visuomeniniu konsultantu tautini\u0173 ma\u017eum\u0173 klausimais, daugel\u012f met\u0173 atstovauja Krymo totori\u0173 Med\u017elis\u0105 \u2013 Tautin\u012f parlament\u0105 Lietuvoje, nuo 2015 m. [&hellip;]<\/p>\n","protected":false},"author":1,"featured_media":0,"parent":142,"menu_order":0,"comment_status":"closed","ping_status":"closed","template":"page-text.php","meta":[],"_links":{"self":[{"href":"https:\/\/ltim.lt\/en\/wp-json\/wp\/v2\/pages\/3139"}],"collection":[{"href":"https:\/\/ltim.lt\/en\/wp-json\/wp\/v2\/pages"}],"about":[{"href":"https:\/\/ltim.lt\/en\/wp-json\/wp\/v2\/types\/page"}],"author":[{"embeddable":true,"href":"https:\/\/ltim.lt\/en\/wp-json\/wp\/v2\/users\/1"}],"replies":[{"embeddable":true,"href":"https:\/\/ltim.lt\/en\/wp-json\/wp\/v2\/comments?post=3139"}],"version-history":[{"count":7,"href":"https:\/\/ltim.lt\/en\/wp-json\/wp\/v2\/pages\/3139\/revisions"}],"predecessor-version":[{"id":3148,"href":"https:\/\/ltim.lt\/en\/wp-json\/wp\/v2\/pages\/3139\/revisions\/3148"}],"up":[{"embeddable":true,"href":"https:\/\/ltim.lt\/en\/wp-json\/wp\/v2\/pages\/142"}],"wp:attachment":[{"href":"https:\/\/ltim.lt\/en\/wp-json\/wp\/v2\/media?parent=3139"}],"curies":[{"name":"wp","href":"https:\/\/api.w.org\/{rel}","templated":true}]}}