{"id":3133,"date":"2022-10-14T13:29:10","date_gmt":"2022-10-14T15:29:10","guid":{"rendered":"http:\/\/ltim.lt\/?page_id=3133"},"modified":"2022-10-14T13:35:53","modified_gmt":"2022-10-14T15:35:53","slug":"generolo-tadeuso-kosciuskos-mirties-metiniu-minejimas-vdu-kauno-botanikos-sode","status":"publish","type":"page","link":"https:\/\/ltim.lt\/en\/galerija\/vyke-renginiai\/generolo-tadeuso-kosciuskos-mirties-metiniu-minejimas-vdu-kauno-botanikos-sode\/","title":{"rendered":"Generolo Tadeu\u0161o Kosciu\u0161kos mirties metini\u0173 min\u0117jimas VDU Kauno botanikos sode"},"content":{"rendered":"\t\t<div data-elementor-type=\"wp-page\" data-elementor-id=\"3133\" class=\"elementor elementor-3133\" data-elementor-settings=\"[]\">\n\t\t\t\t\t\t<div class=\"elementor-inner\">\n\t\t\t\t\t\t\t<div class=\"elementor-section-wrap\">\n\t\t\t\t\t\t\t<section class=\"elementor-section elementor-top-section elementor-element elementor-element-799cf89 elementor-section-boxed elementor-section-height-default elementor-section-height-default\" data-id=\"799cf89\" data-element_type=\"section\">\n\t\t\t\t\t\t<div class=\"elementor-container elementor-column-gap-default\">\n\t\t\t\t\t\t\t<div class=\"elementor-row\">\n\t\t\t\t\t<div class=\"elementor-column elementor-col-100 elementor-top-column elementor-element elementor-element-fa38872\" data-id=\"fa38872\" data-element_type=\"column\">\n\t\t\t<div class=\"elementor-column-wrap elementor-element-populated\">\n\t\t\t\t\t\t\t<div class=\"elementor-widget-wrap\">\n\t\t\t\t\t\t<div class=\"elementor-element elementor-element-6a8047d elementor-view-default elementor-widget elementor-widget-icon\" data-id=\"6a8047d\" data-element_type=\"widget\" data-widget_type=\"icon.default\">\n\t\t\t\t<div class=\"elementor-widget-container\">\n\t\t\t\t\t<div class=\"elementor-icon-wrapper\">\n\t\t\t<div class=\"elementor-icon\">\n\t\t\t<i aria-hidden=\"true\" class=\"fas fa-book-open\"><\/i>\t\t\t<\/div>\n\t\t<\/div>\n\t\t\t\t<\/div>\n\t\t\t\t<\/div>\n\t\t\t\t\t\t<\/div>\n\t\t\t\t\t<\/div>\n\t\t<\/div>\n\t\t\t\t\t\t\t\t<\/div>\n\t\t\t\t\t<\/div>\n\t\t<\/section>\n\t\t\t\t<section class=\"elementor-section elementor-top-section elementor-element elementor-element-b04b83d elementor-section-boxed elementor-section-height-default elementor-section-height-default\" data-id=\"b04b83d\" data-element_type=\"section\">\n\t\t\t\t\t\t<div class=\"elementor-container elementor-column-gap-default\">\n\t\t\t\t\t\t\t<div class=\"elementor-row\">\n\t\t\t\t\t<div class=\"elementor-column elementor-col-100 elementor-top-column elementor-element elementor-element-b19d1d2\" data-id=\"b19d1d2\" data-element_type=\"column\">\n\t\t\t<div class=\"elementor-column-wrap elementor-element-populated\">\n\t\t\t\t\t\t\t<div class=\"elementor-widget-wrap\">\n\t\t\t\t\t\t<div class=\"elementor-element elementor-element-9682ab2 elementor-widget elementor-widget-text-editor\" data-id=\"9682ab2\" data-element_type=\"widget\" data-widget_type=\"text-editor.default\">\n\t\t\t\t<div class=\"elementor-widget-container\">\n\t\t\t\t\t<div class=\"elementor-text-editor elementor-clearfix\"><p><span style=\"font-family: 'book antiqua', palatino, serif; color: #000000;\">Generolo Tadeu\u0161o Kosciu\u0161kos veikla istori\u0161kai vienija LIETUV\u0104, LENKIJ\u0104, BALTARUSIJ\u0104, PRANCUZIJ\u0104, JAV, VEICARIJ\u0104. Lietuvos Respublikos seimas ir UNESCO 2017 metus paskelb\u0117 Tadeu\u0161o Kosciu\u0161kos metais.<\/span><\/p>\n<p><span style=\"font-family: 'book antiqua', palatino, serif; color: #000000;\">VDU Kauno botanikos sode 2017m. gegu\u017e\u0117s m\u0117nesio 11 d. vyko renginys, kur\u012f organizavo Kauno miesto savivaldyb\u0117s administracijos Aleksoto seni\u016bnija ir Lenk\u0173 institutas Vilniuje.<\/span><\/p>\n<p><span style=\"font-family: 'book antiqua', palatino, serif; color: #000000;\">Sode \u0161alia Prezidento Lecho Kaszynskio med\u017eio buvo pasodintas medis generolo Tadeu\u0161o Kosciu\u0161kos mirties 200 met\u0173 datai pamin\u0117ti.<\/span><\/p>\n<p><span style=\"font-family: 'book antiqua', palatino, serif; color: #000000;\">Renginio metu profesorius Vladas Rakutis perskait\u0117 paskait\u0105. Kalbas sak\u0117: Lenk\u0173 Instituto direktorius Macin Lap\u010dinski, JAV ambasados Lietuvoje atstov\u0117 Heather Steil, Baltarusijos ambasadorius Lietuvoje Aleksandr Kozol, VDU rektorius Juozas Augutis.<\/span><\/p>\n<p><span style=\"font-family: 'book antiqua', palatino, serif; color: #000000;\">Renginyje garb\u0117s sargyboje dalyvavo su istorin\u0117mis XVIII ir XIX a. uniformomis \u0161i\u0173 klub\u0173 nariai: Karo istorijos klubas prie Vytauto Did\u017eiojo muziejaus, I-o drag\u016bn\u0173 Prusijos kn.Albrechto (Klaip\u0117da) pulkas, 4-to p\u0117stinink\u0173 pulko (Aleksoto), LDK generolo Juzefo Bieliako vardo Lietuvos totori\u0173 karo istorijos klubas.<\/span><\/p>\n<p><span style=\"font-family: 'book antiqua', palatino, serif; color: #000000;\">Istorini\u0173 klub\u0173 nariams vadovavo artilerijos generolas Arvydas Poci\u016bnas.<\/span><br \/><br \/><span style=\"font-family: 'book antiqua', palatino, serif; color: #000000;\">LDK \u2013I- as Did\u017eiojo etmono p\u0117stinink\u0173 regimentas atliko pasirodym\u0105 (dalite), Laisvieji Kauno pavieto \u0161auliai atliko istorine patranka tris salves: u\u017e \u201egenerol\u0105 Juzef\u0105 Kosciu\u0161k\u0105\u201c, u\u017e \u201eLIETUV\u0104\u201c, u\u017e \u201eLenkij\u0105\u201c.<\/span><\/p>\n<p><span style=\"font-family: 'book antiqua', palatino, serif; color: #000000;\">Istorini\u0173 klub\u0173 nariai pakartojo istorin\u0119 sukil\u0117li\u0173 priesaik\u0105.<\/span><\/p>\n<p><span style=\"font-family: 'book antiqua', palatino, serif; color: #000000;\">Renginio metu orkestras \u201e\u0104\u017euolynas\u201c grojo mar\u0161us, \u0160auli\u0173 s\u0105jungos Aleksoto kuopa ir Lietuvos kariuomen\u0117s generolo Stasio Ra\u0161tikio mokyklos kariai, bendruomen\u0117s nariai, mokykl\u0173 atstovai ne\u0161\u0117 valstybines v\u0117liavas, u\u017etikrino tvark\u0105.<\/span><\/p>\n<p><span style=\"font-family: 'book antiqua', palatino, serif; color: #000000;\">LDK Generolo Juzefo Bieliako vardo Lietuvos totori\u0173 klubo nariai K.Z.\u0160afranavi\u010dius ir E. Gaidukevi\u010dius vilk\u0117jo istorin\u0117mis PSP I \u2013 mo pulko karininko ir PSP IV \u2013to pulko pa\u0161tininko uniformomis, tur\u0117jo istorinius ginklus, amunicij\u0105 ir Pulko v\u0117liav\u0105.<\/span><\/p>\n<p><span style=\"font-family: 'book antiqua', palatino, serif; color: #000000;\">Renginys yra apra\u0161ytas Lenkijos, Lietuvos spaudoje, \u012fvairiuose interneto svetain\u0117se. Lietuvos valstybin\u0117 televizija informacin\u0117se laidose komentavo rengin\u012f.<\/span><\/p><\/div>\n\t\t\t\t<\/div>\n\t\t\t\t<\/div>\n\t\t\t\t\t\t<\/div>\n\t\t\t\t\t<\/div>\n\t\t<\/div>\n\t\t\t\t\t\t\t\t<\/div>\n\t\t\t\t\t<\/div>\n\t\t<\/section>\n\t\t\t\t\t\t<\/div>\n\t\t\t\t\t\t<\/div>\n\t\t\t\t\t<\/div>\n\t\t","protected":false},"excerpt":{"rendered":"<p>Generolo Tadeu\u0161o Kosciu\u0161kos veikla istori\u0161kai vienija LIETUV\u0104, LENKIJ\u0104, BALTARUSIJ\u0104, PRANCUZIJ\u0104, JAV, VEICARIJ\u0104. Lietuvos Respublikos seimas ir UNESCO 2017 metus paskelb\u0117 Tadeu\u0161o Kosciu\u0161kos metais. VDU Kauno botanikos sode 2017m. gegu\u017e\u0117s m\u0117nesio 11 d. vyko renginys, kur\u012f organizavo Kauno miesto savivaldyb\u0117s administracijos Aleksoto seni\u016bnija ir Lenk\u0173 institutas Vilniuje. Sode \u0161alia Prezidento Lecho Kaszynskio med\u017eio buvo pasodintas medis [&hellip;]<\/p>\n","protected":false},"author":1,"featured_media":0,"parent":2935,"menu_order":0,"comment_status":"closed","ping_status":"closed","template":"page-text.php","meta":[],"_links":{"self":[{"href":"https:\/\/ltim.lt\/en\/wp-json\/wp\/v2\/pages\/3133"}],"collection":[{"href":"https:\/\/ltim.lt\/en\/wp-json\/wp\/v2\/pages"}],"about":[{"href":"https:\/\/ltim.lt\/en\/wp-json\/wp\/v2\/types\/page"}],"author":[{"embeddable":true,"href":"https:\/\/ltim.lt\/en\/wp-json\/wp\/v2\/users\/1"}],"replies":[{"embeddable":true,"href":"https:\/\/ltim.lt\/en\/wp-json\/wp\/v2\/comments?post=3133"}],"version-history":[{"count":4,"href":"https:\/\/ltim.lt\/en\/wp-json\/wp\/v2\/pages\/3133\/revisions"}],"predecessor-version":[{"id":3138,"href":"https:\/\/ltim.lt\/en\/wp-json\/wp\/v2\/pages\/3133\/revisions\/3138"}],"up":[{"embeddable":true,"href":"https:\/\/ltim.lt\/en\/wp-json\/wp\/v2\/pages\/2935"}],"wp:attachment":[{"href":"https:\/\/ltim.lt\/en\/wp-json\/wp\/v2\/media?parent=3133"}],"curies":[{"name":"wp","href":"https:\/\/api.w.org\/{rel}","templated":true}]}}