{"id":3090,"date":"2022-10-14T07:48:03","date_gmt":"2022-10-14T09:48:03","guid":{"rendered":"http:\/\/ltim.lt\/?page_id=3090"},"modified":"2022-11-12T16:04:56","modified_gmt":"2022-11-12T18:04:56","slug":"tamaros-bairasauskaites-knyga-lietuvos-totoriu-istorija","status":"publish","type":"page","link":"https:\/\/ltim.lt\/en\/galerija\/literatura-ir-spauda\/tamaros-bairasauskaites-knyga-lietuvos-totoriu-istorija\/","title":{"rendered":"Tamaros Baira\u0161auskait\u0117s knyga \u201eLietuvos totori\u0173 istorija\u201c"},"content":{"rendered":"\n<p>2021 m. spalio 27 d. 17.00 val. Trak\u0173 Salos pilies Did\u017eiojoje men\u0117je\u00a0\u012fvyko knygos \u201eLietuvos totori\u0173 istorija\u201d pristatymas (autor\u0117 prof. habil.\u00a0dr. Tamara Baira\u0161auskait\u0117).<\/p>\n<p>\u201eLietuvos totori\u0173 istorija\u201c \u2013 pirmas\u00a0lietuvi\u0161kas sintetinis darbas apie i\u0161eivius i\u0161 byran\u010dios Aukso ordos ir Krymo chanato, atmigravusius \u012f Lietuvos\u00a0Did\u017ei\u0105j\u0105 Kunigaik\u0161tyst\u0119 ir \u010dia \u012fleidusius \u0161aknis. Knygoje sud\u0117tos \u017einios,\u00a0kurias sukaup\u0117 Azerbaid\u017eano, Baltarusijos, Did\u017eiosios Britanijos, Lenkijos, Lietuvos, Rusijos, \u0160veicarijos,\u00a0Tatarstano ir Ukrainos istorikai ir filologai, tyrin\u0117jantys totori\u0173 religin\u0119 literat\u016br\u0105. Taip pat remiamasi skelbtais\u00a0ir neskelbtais istorijos \u0161altiniais. Diskutuojama su \u012fsisen\u0117jusiais istoriografiniais teiginiais, pateikiama nauja\u00a0Lietuvos totori\u0173 XIV\u2013XX a. \u0161e\u0161tojo de\u0161imtme\u010dio istorijos interpretacija.<\/p>\n<p>Tamara Baira\u0161auskait\u0117 \u2013 istorik\u0117, humanitarini\u0173 moksl\u0173 habilituota daktar\u0117, tyrin\u0117janti XIX a. socialin\u0119\u00a0istorij\u0105, bajor\u0173, tautini\u0173 ma\u017eum\u0173 ir Lietuvos totori\u0173 istorij\u0105. Ji yra\u00a0keli\u0173 monografij\u0173 autor\u0117: \u201eLietuvos totoriai\u00a0XIX am\u017eiuje\u201c (1996),\u00a0\u201eLietuvos bajor\u0173 savivalda XIX a. pirmojoje pus\u0117je\u201c (2003), \u201eMykolas Juozapas R\u00f6meris\u00a0(1778\u20131853). Bajoro vie\u0161oji ir privati erdv\u0117s\u00a0XIX a. pirmojoje pus\u0117je\u201c (2011), \u201eBajoro\u00a0dvaras kei\u010dia savinink\u0105.\u00a0Vilniaus, Kauno ir Gardino gubernij\u0173 dvar\u0173\u00a0likimai 1863\u20131914 m.\u201c (2018), knygos \u201e1863\u20131864 met\u0173 sukil\u0117li\u0173 kelias \u012f mirt\u012f ir atgimim\u0105\u201c\u00a0(2019) sudarytoja ir bendraautor\u0117.<\/p>\n<p>\u201eLietuvos totori\u0173 istorijoje\u201c pateikiama nauja Lietuvos totori\u0173 XIV\u2013XX a. \u0161e\u0161tojo de\u0161imtme\u010dio istorijos ir kult\u016bros interpretacija, diskutuojama su \u012fsisen\u0117jusiais teiginiais. Perm\u0105stomos i\u0161eivi\u0173 i\u0161 Aukso ordos ir Krymo chanato migravimo prie\u017eastys ir s\u0105lygos, j\u0173 teisin\u0117 ir socialin\u0117 pad\u0117tis, bajoryst\u0117s klausimas, karyba, religin\u0117s bendruomen\u0117s susidarymas. Aptariama XX a. prad\u017eioje i\u0161ry\u0161k\u0117jusios totori\u0173 inteligentijos, prisi\u0117musios atsakomyb\u0119 u\u017e tautin\u012f, kult\u016brin\u012f ir konfesin\u012f atgimim\u0105, veikla. Knygos apr\u0117piamas laikotarpis baigiamas pokariu, kai dalis bendruomen\u0117s drauge su emigravusiais ir repatrijavusiais Lietuvos gyventojais i\u0161vyko i\u0161 istorin\u0117s t\u0117vyn\u0117s. Totori\u0173 kult\u016brin\u012f savitum\u0105 geriausiai\u00a0atspindi arabi\u0161kais ra\u0161menimis ra\u0161yti rankra\u0161\u010diai.<\/p>\n<p>Knygoje analizuojama turtinga, religinius papro\u010dius, apeigas ir tradicijas atspindinti literat\u016bra, kuriai peno semtasi i\u0161 Ryt\u0173 ir Vakar\u0173 kult\u016brini\u0173 tradicij\u0173. Aptariama intriguojanti spausdinto Korano, skirto Lietuvos totoriams, vertimo ir leidybos istorija, \u012frodoma, kad reik\u0161mingu laikytas XVI a. anoniminio autoriaus k\u016brinys\u00a0\u201eRisalei-Tatari-Lech\u201c yra literat\u016brin\u0117 klastot\u0117, ir nustatomas antitotori\u0161ko\u00a0XVII a. prad\u017eios paskvilio, pasira\u0161yto Petro \u010ci\u017eevskio slapyvard\u017eiu,\u00a0tikrasis autorius.<\/p>\n<p><img loading=\"lazy\" class=\"alignnone size-medium aligncenter\" src=\"https:\/\/pirmynpopasauli.files.wordpress.com\/2022\/11\/1.png\" width=\"196\" height=\"290\" \/><\/p>\n<hr \/>\n<p><em>\u0160altinis: laikra\u0161tis \u201eLietuvos totoriai\u201c 168 laikra\u0161tis<\/em><\/p>\n","protected":false},"excerpt":{"rendered":"<p>2021 m. spalio 27 d. 17.00 val. Trak\u0173 Salos pilies Did\u017eiojoje men\u0117je\u00a0\u012fvyko knygos \u201eLietuvos totori\u0173 istorija\u201d pristatymas (autor\u0117 prof. habil.\u00a0dr. Tamara Baira\u0161auskait\u0117). \u201eLietuvos totori\u0173 istorija\u201c \u2013 pirmas\u00a0lietuvi\u0161kas sintetinis darbas apie i\u0161eivius i\u0161 byran\u010dios Aukso ordos ir Krymo chanato, atmigravusius \u012f Lietuvos\u00a0Did\u017ei\u0105j\u0105 Kunigaik\u0161tyst\u0119 ir \u010dia \u012fleidusius \u0161aknis. Knygoje sud\u0117tos \u017einios,\u00a0kurias sukaup\u0117 Azerbaid\u017eano, Baltarusijos, Did\u017eiosios Britanijos, Lenkijos, [&hellip;]<\/p>\n","protected":false},"author":1,"featured_media":927,"parent":142,"menu_order":0,"comment_status":"closed","ping_status":"closed","template":"page-text.php","meta":[],"_links":{"self":[{"href":"https:\/\/ltim.lt\/en\/wp-json\/wp\/v2\/pages\/3090"}],"collection":[{"href":"https:\/\/ltim.lt\/en\/wp-json\/wp\/v2\/pages"}],"about":[{"href":"https:\/\/ltim.lt\/en\/wp-json\/wp\/v2\/types\/page"}],"author":[{"embeddable":true,"href":"https:\/\/ltim.lt\/en\/wp-json\/wp\/v2\/users\/1"}],"replies":[{"embeddable":true,"href":"https:\/\/ltim.lt\/en\/wp-json\/wp\/v2\/comments?post=3090"}],"version-history":[{"count":2,"href":"https:\/\/ltim.lt\/en\/wp-json\/wp\/v2\/pages\/3090\/revisions"}],"predecessor-version":[{"id":3488,"href":"https:\/\/ltim.lt\/en\/wp-json\/wp\/v2\/pages\/3090\/revisions\/3488"}],"up":[{"embeddable":true,"href":"https:\/\/ltim.lt\/en\/wp-json\/wp\/v2\/pages\/142"}],"wp:featuredmedia":[{"embeddable":true,"href":"https:\/\/ltim.lt\/en\/wp-json\/wp\/v2\/media\/927"}],"wp:attachment":[{"href":"https:\/\/ltim.lt\/en\/wp-json\/wp\/v2\/media?parent=3090"}],"curies":[{"name":"wp","href":"https:\/\/api.w.org\/{rel}","templated":true}]}}