{"id":3061,"date":"2022-10-09T13:52:56","date_gmt":"2022-10-09T15:52:56","guid":{"rendered":"http:\/\/ltim.lt\/?page_id=3061"},"modified":"2022-10-09T13:52:57","modified_gmt":"2022-10-09T15:52:57","slug":"vytauto-didziojo-bareljefas","status":"publish","type":"page","link":"https:\/\/ltim.lt\/en\/galerija\/menas\/skulpturos\/vytauto-didziojo-bareljefas\/","title":{"rendered":"Vytauto Did\u017eiojo bareljefas"},"content":{"rendered":"\n<p>Vytauto Did\u017eiojo bareljefas, kuris buvo \u012fmontuotos \u012f Kauno me\u010det\u0117s fasad\u0105.<\/p>\n<p>Skulptorius Petras Rim\u0161a.<\/p>\n","protected":false},"excerpt":{"rendered":"<p>Vytauto Did\u017eiojo bareljefas, kuris buvo \u012fmontuotos \u012f Kauno me\u010det\u0117s fasad\u0105. Skulptorius Petras Rim\u0161a.<\/p>\n","protected":false},"author":1,"featured_media":3058,"parent":3057,"menu_order":0,"comment_status":"closed","ping_status":"closed","template":"page-gallery-inside.php","meta":[],"_links":{"self":[{"href":"https:\/\/ltim.lt\/en\/wp-json\/wp\/v2\/pages\/3061"}],"collection":[{"href":"https:\/\/ltim.lt\/en\/wp-json\/wp\/v2\/pages"}],"about":[{"href":"https:\/\/ltim.lt\/en\/wp-json\/wp\/v2\/types\/page"}],"author":[{"embeddable":true,"href":"https:\/\/ltim.lt\/en\/wp-json\/wp\/v2\/users\/1"}],"replies":[{"embeddable":true,"href":"https:\/\/ltim.lt\/en\/wp-json\/wp\/v2\/comments?post=3061"}],"version-history":[{"count":2,"href":"https:\/\/ltim.lt\/en\/wp-json\/wp\/v2\/pages\/3061\/revisions"}],"predecessor-version":[{"id":3063,"href":"https:\/\/ltim.lt\/en\/wp-json\/wp\/v2\/pages\/3061\/revisions\/3063"}],"up":[{"embeddable":true,"href":"https:\/\/ltim.lt\/en\/wp-json\/wp\/v2\/pages\/3057"}],"wp:featuredmedia":[{"embeddable":true,"href":"https:\/\/ltim.lt\/en\/wp-json\/wp\/v2\/media\/3058"}],"wp:attachment":[{"href":"https:\/\/ltim.lt\/en\/wp-json\/wp\/v2\/media?parent=3061"}],"curies":[{"name":"wp","href":"https:\/\/api.w.org\/{rel}","templated":true}]}}