{"id":3046,"date":"2022-10-09T12:42:12","date_gmt":"2022-10-09T14:42:12","guid":{"rendered":"http:\/\/ltim.lt\/?page_id=3046"},"modified":"2022-10-09T12:42:13","modified_gmt":"2022-10-09T14:42:13","slug":"eilerascio-iliustracija","status":"publish","type":"page","link":"https:\/\/ltim.lt\/en\/galerija\/menas\/grafika\/eilerascio-iliustracija\/","title":{"rendered":"Eil\u0117ra\u0161\u010dio iliustracija"},"content":{"rendered":"\n<p>Eil\u0117ra\u0161\u010dio iliustracija, me\u010det\u0117 ir kapin\u0117s.<\/p>\n","protected":false},"excerpt":{"rendered":"<p>Eil\u0117ra\u0161\u010dio iliustracija, me\u010det\u0117 ir kapin\u0117s.<\/p>\n","protected":false},"author":1,"featured_media":3024,"parent":1024,"menu_order":0,"comment_status":"closed","ping_status":"closed","template":"page-gallery-inside.php","meta":[],"_links":{"self":[{"href":"https:\/\/ltim.lt\/en\/wp-json\/wp\/v2\/pages\/3046"}],"collection":[{"href":"https:\/\/ltim.lt\/en\/wp-json\/wp\/v2\/pages"}],"about":[{"href":"https:\/\/ltim.lt\/en\/wp-json\/wp\/v2\/types\/page"}],"author":[{"embeddable":true,"href":"https:\/\/ltim.lt\/en\/wp-json\/wp\/v2\/users\/1"}],"replies":[{"embeddable":true,"href":"https:\/\/ltim.lt\/en\/wp-json\/wp\/v2\/comments?post=3046"}],"version-history":[{"count":2,"href":"https:\/\/ltim.lt\/en\/wp-json\/wp\/v2\/pages\/3046\/revisions"}],"predecessor-version":[{"id":3048,"href":"https:\/\/ltim.lt\/en\/wp-json\/wp\/v2\/pages\/3046\/revisions\/3048"}],"up":[{"embeddable":true,"href":"https:\/\/ltim.lt\/en\/wp-json\/wp\/v2\/pages\/1024"}],"wp:featuredmedia":[{"embeddable":true,"href":"https:\/\/ltim.lt\/en\/wp-json\/wp\/v2\/media\/3024"}],"wp:attachment":[{"href":"https:\/\/ltim.lt\/en\/wp-json\/wp\/v2\/media?parent=3046"}],"curies":[{"name":"wp","href":"https:\/\/api.w.org\/{rel}","templated":true}]}}