{"id":3043,"date":"2022-10-09T12:40:44","date_gmt":"2022-10-09T14:40:44","guid":{"rendered":"http:\/\/ltim.lt\/?page_id=3043"},"modified":"2022-10-09T12:40:45","modified_gmt":"2022-10-09T14:40:45","slug":"ivijos-mecete","status":"publish","type":"page","link":"https:\/\/ltim.lt\/en\/galerija\/menas\/grafika\/ivijos-mecete\/","title":{"rendered":"Ivijos me\u010det\u0117"},"content":{"rendered":"\n<p>Ivijos me\u010det\u0117. Publikuota L. Kri\u010dinskio monografijoje \u201eTaip vadinam\u0173 Lietuvos totori\u0173 gyvenimas\u201c.<\/p>\n","protected":false},"excerpt":{"rendered":"<p>Ivijos me\u010det\u0117. Publikuota L. Kri\u010dinskio monografijoje \u201eTaip vadinam\u0173 Lietuvos totori\u0173 gyvenimas\u201c.<\/p>\n","protected":false},"author":1,"featured_media":3023,"parent":1024,"menu_order":0,"comment_status":"closed","ping_status":"closed","template":"page-gallery-inside.php","meta":[],"_links":{"self":[{"href":"https:\/\/ltim.lt\/en\/wp-json\/wp\/v2\/pages\/3043"}],"collection":[{"href":"https:\/\/ltim.lt\/en\/wp-json\/wp\/v2\/pages"}],"about":[{"href":"https:\/\/ltim.lt\/en\/wp-json\/wp\/v2\/types\/page"}],"author":[{"embeddable":true,"href":"https:\/\/ltim.lt\/en\/wp-json\/wp\/v2\/users\/1"}],"replies":[{"embeddable":true,"href":"https:\/\/ltim.lt\/en\/wp-json\/wp\/v2\/comments?post=3043"}],"version-history":[{"count":2,"href":"https:\/\/ltim.lt\/en\/wp-json\/wp\/v2\/pages\/3043\/revisions"}],"predecessor-version":[{"id":3045,"href":"https:\/\/ltim.lt\/en\/wp-json\/wp\/v2\/pages\/3043\/revisions\/3045"}],"up":[{"embeddable":true,"href":"https:\/\/ltim.lt\/en\/wp-json\/wp\/v2\/pages\/1024"}],"wp:featuredmedia":[{"embeddable":true,"href":"https:\/\/ltim.lt\/en\/wp-json\/wp\/v2\/media\/3023"}],"wp:attachment":[{"href":"https:\/\/ltim.lt\/en\/wp-json\/wp\/v2\/media?parent=3043"}],"curies":[{"name":"wp","href":"https:\/\/api.w.org\/{rel}","templated":true}]}}