{"id":3028,"date":"2022-10-09T12:23:38","date_gmt":"2022-10-09T14:23:38","guid":{"rendered":"http:\/\/ltim.lt\/?page_id=3028"},"modified":"2022-10-09T12:23:38","modified_gmt":"2022-10-09T14:23:38","slug":"vinksnupiu-totoriu-mecete","status":"publish","type":"page","link":"https:\/\/ltim.lt\/en\/galerija\/menas\/grafika\/vinksnupiu-totoriu-mecete\/","title":{"rendered":"Vink\u0161nupi\u0173 totori\u0173 me\u010det\u0117"},"content":{"rendered":"\n<p>Vink\u0161nupi\u0173 totori\u0173 me\u010det\u0117. K. Guralskis. 1868 m.\u00a0<\/p>\n","protected":false},"excerpt":{"rendered":"<p>Vink\u0161nupi\u0173 totori\u0173 me\u010det\u0117. K. Guralskis. 1868 m.\u00a0<\/p>\n","protected":false},"author":1,"featured_media":3020,"parent":1024,"menu_order":0,"comment_status":"closed","ping_status":"closed","template":"page-gallery-inside.php","meta":[],"_links":{"self":[{"href":"https:\/\/ltim.lt\/en\/wp-json\/wp\/v2\/pages\/3028"}],"collection":[{"href":"https:\/\/ltim.lt\/en\/wp-json\/wp\/v2\/pages"}],"about":[{"href":"https:\/\/ltim.lt\/en\/wp-json\/wp\/v2\/types\/page"}],"author":[{"embeddable":true,"href":"https:\/\/ltim.lt\/en\/wp-json\/wp\/v2\/users\/1"}],"replies":[{"embeddable":true,"href":"https:\/\/ltim.lt\/en\/wp-json\/wp\/v2\/comments?post=3028"}],"version-history":[{"count":2,"href":"https:\/\/ltim.lt\/en\/wp-json\/wp\/v2\/pages\/3028\/revisions"}],"predecessor-version":[{"id":3030,"href":"https:\/\/ltim.lt\/en\/wp-json\/wp\/v2\/pages\/3028\/revisions\/3030"}],"up":[{"embeddable":true,"href":"https:\/\/ltim.lt\/en\/wp-json\/wp\/v2\/pages\/1024"}],"wp:featuredmedia":[{"embeddable":true,"href":"https:\/\/ltim.lt\/en\/wp-json\/wp\/v2\/media\/3020"}],"wp:attachment":[{"href":"https:\/\/ltim.lt\/en\/wp-json\/wp\/v2\/media?parent=3028"}],"curies":[{"name":"wp","href":"https:\/\/api.w.org\/{rel}","templated":true}]}}