{"id":3014,"date":"2022-10-09T12:09:00","date_gmt":"2022-10-09T14:09:00","guid":{"rendered":"http:\/\/ltim.lt\/?page_id=3014"},"modified":"2022-10-09T12:09:31","modified_gmt":"2022-10-09T14:09:31","slug":"dvieju-konfesiju-sventikai-paminklo-atidengimo-metu","status":"publish","type":"page","link":"https:\/\/ltim.lt\/en\/galerija\/vietoves\/alytus\/dvieju-konfesiju-sventikai-paminklo-atidengimo-metu\/","title":{"rendered":"Dviej\u0173 konfesij\u0173 \u0161ventikai paminklo atidengimo metu"},"content":{"rendered":"\n<p>Paminklo atidengimo metu Vytautui Did\u017eiajam ir \u017dalgirio m\u016b\u0161iui atminti. Dviej\u0173 konfesij\u0173 \u0161ventikai atlieka maldas.\u00a0<\/p>\n<p>2010 m. Zitos Stankevi\u010dien\u0117s nuotrauka.<\/p>\n","protected":false},"excerpt":{"rendered":"<p>Paminklo atidengimo metu Vytautui Did\u017eiajam ir \u017dalgirio m\u016b\u0161iui atminti. Dviej\u0173 konfesij\u0173 \u0161ventikai atlieka maldas.\u00a0 2010 m. Zitos Stankevi\u010dien\u0117s nuotrauka.<\/p>\n","protected":false},"author":1,"featured_media":3010,"parent":153,"menu_order":0,"comment_status":"closed","ping_status":"closed","template":"page-gallery-inside.php","meta":[],"_links":{"self":[{"href":"https:\/\/ltim.lt\/en\/wp-json\/wp\/v2\/pages\/3014"}],"collection":[{"href":"https:\/\/ltim.lt\/en\/wp-json\/wp\/v2\/pages"}],"about":[{"href":"https:\/\/ltim.lt\/en\/wp-json\/wp\/v2\/types\/page"}],"author":[{"embeddable":true,"href":"https:\/\/ltim.lt\/en\/wp-json\/wp\/v2\/users\/1"}],"replies":[{"embeddable":true,"href":"https:\/\/ltim.lt\/en\/wp-json\/wp\/v2\/comments?post=3014"}],"version-history":[{"count":3,"href":"https:\/\/ltim.lt\/en\/wp-json\/wp\/v2\/pages\/3014\/revisions"}],"predecessor-version":[{"id":3017,"href":"https:\/\/ltim.lt\/en\/wp-json\/wp\/v2\/pages\/3014\/revisions\/3017"}],"up":[{"embeddable":true,"href":"https:\/\/ltim.lt\/en\/wp-json\/wp\/v2\/pages\/153"}],"wp:featuredmedia":[{"embeddable":true,"href":"https:\/\/ltim.lt\/en\/wp-json\/wp\/v2\/media\/3010"}],"wp:attachment":[{"href":"https:\/\/ltim.lt\/en\/wp-json\/wp\/v2\/media?parent=3014"}],"curies":[{"name":"wp","href":"https:\/\/api.w.org\/{rel}","templated":true}]}}