{"id":3000,"date":"2022-10-09T11:48:01","date_gmt":"2022-10-09T13:48:01","guid":{"rendered":"http:\/\/ltim.lt\/?page_id=3000"},"modified":"2022-10-09T11:48:02","modified_gmt":"2022-10-09T13:48:02","slug":"vilniaus-lukiskiu-mecetes-piesinys","status":"publish","type":"page","link":"https:\/\/ltim.lt\/en\/galerija\/vietoves\/vilnius\/vilniaus-lukiskiu-mecetes-piesinys\/","title":{"rendered":"Vilniaus Luki\u0161ki\u0173 me\u010det\u0117s pie\u0161inys"},"content":{"rendered":"\n<p>Malda Vilniaus Luki\u0161ki\u0173 me\u010det\u0117je. 1781 m. P. Smuglevi\u010diaus pie\u0161inys.<\/p>\n","protected":false},"excerpt":{"rendered":"<p>Malda Vilniaus Luki\u0161ki\u0173 me\u010det\u0117je. 1781 m. P. Smuglevi\u010diaus pie\u0161inys.<\/p>\n","protected":false},"author":1,"featured_media":2995,"parent":150,"menu_order":0,"comment_status":"closed","ping_status":"closed","template":"page-gallery-inside.php","meta":[],"_links":{"self":[{"href":"https:\/\/ltim.lt\/en\/wp-json\/wp\/v2\/pages\/3000"}],"collection":[{"href":"https:\/\/ltim.lt\/en\/wp-json\/wp\/v2\/pages"}],"about":[{"href":"https:\/\/ltim.lt\/en\/wp-json\/wp\/v2\/types\/page"}],"author":[{"embeddable":true,"href":"https:\/\/ltim.lt\/en\/wp-json\/wp\/v2\/users\/1"}],"replies":[{"embeddable":true,"href":"https:\/\/ltim.lt\/en\/wp-json\/wp\/v2\/comments?post=3000"}],"version-history":[{"count":2,"href":"https:\/\/ltim.lt\/en\/wp-json\/wp\/v2\/pages\/3000\/revisions"}],"predecessor-version":[{"id":3002,"href":"https:\/\/ltim.lt\/en\/wp-json\/wp\/v2\/pages\/3000\/revisions\/3002"}],"up":[{"embeddable":true,"href":"https:\/\/ltim.lt\/en\/wp-json\/wp\/v2\/pages\/150"}],"wp:featuredmedia":[{"embeddable":true,"href":"https:\/\/ltim.lt\/en\/wp-json\/wp\/v2\/media\/2995"}],"wp:attachment":[{"href":"https:\/\/ltim.lt\/en\/wp-json\/wp\/v2\/media?parent=3000"}],"curies":[{"name":"wp","href":"https:\/\/api.w.org\/{rel}","templated":true}]}}