{"id":2969,"date":"2022-10-09T11:20:44","date_gmt":"2022-10-09T13:20:44","guid":{"rendered":"http:\/\/ltim.lt\/?page_id=2969"},"modified":"2022-10-09T11:20:45","modified_gmt":"2022-10-09T13:20:45","slug":"kitabas-1789-1790-m","status":"publish","type":"page","link":"https:\/\/ltim.lt\/en\/galerija\/religija\/kitabas-1789-1790-m\/","title":{"rendered":"Kitabas 1789-1790 m."},"content":{"rendered":"\n<p>Baltarusi\u0173 ir turk\u0173 k., arabi\u0161kas \u0161riftas. Knyga priklaus\u0117 dvarininkui Iljai Ivanovi\u010diui (\u0160egidevi\u010diui). Kitabo pabaigoje yra ted\u017evidas &#8211; Korano skaitymo vadov\u0117lis.<\/p>\n","protected":false},"excerpt":{"rendered":"<p>Baltarusi\u0173 ir turk\u0173 k., arabi\u0161kas \u0161riftas. Knyga priklaus\u0117 dvarininkui Iljai Ivanovi\u010diui (\u0160egidevi\u010diui). Kitabo pabaigoje yra ted\u017evidas &#8211; Korano skaitymo vadov\u0117lis.<\/p>\n","protected":false},"author":1,"featured_media":2970,"parent":101,"menu_order":0,"comment_status":"closed","ping_status":"closed","template":"page-gallery-inside.php","meta":[],"_links":{"self":[{"href":"https:\/\/ltim.lt\/en\/wp-json\/wp\/v2\/pages\/2969"}],"collection":[{"href":"https:\/\/ltim.lt\/en\/wp-json\/wp\/v2\/pages"}],"about":[{"href":"https:\/\/ltim.lt\/en\/wp-json\/wp\/v2\/types\/page"}],"author":[{"embeddable":true,"href":"https:\/\/ltim.lt\/en\/wp-json\/wp\/v2\/users\/1"}],"replies":[{"embeddable":true,"href":"https:\/\/ltim.lt\/en\/wp-json\/wp\/v2\/comments?post=2969"}],"version-history":[{"count":2,"href":"https:\/\/ltim.lt\/en\/wp-json\/wp\/v2\/pages\/2969\/revisions"}],"predecessor-version":[{"id":2972,"href":"https:\/\/ltim.lt\/en\/wp-json\/wp\/v2\/pages\/2969\/revisions\/2972"}],"up":[{"embeddable":true,"href":"https:\/\/ltim.lt\/en\/wp-json\/wp\/v2\/pages\/101"}],"wp:featuredmedia":[{"embeddable":true,"href":"https:\/\/ltim.lt\/en\/wp-json\/wp\/v2\/media\/2970"}],"wp:attachment":[{"href":"https:\/\/ltim.lt\/en\/wp-json\/wp\/v2\/media?parent=2969"}],"curies":[{"name":"wp","href":"https:\/\/api.w.org\/{rel}","templated":true}]}}