{"id":2965,"date":"2022-10-09T11:15:26","date_gmt":"2022-10-09T13:15:26","guid":{"rendered":"http:\/\/ltim.lt\/?page_id=2965"},"modified":"2022-10-09T11:15:26","modified_gmt":"2022-10-09T13:15:26","slug":"sarasas-vardu-kurios-reikia-mineti-skaitant-korano-sura-ja-sin","status":"publish","type":"page","link":"https:\/\/ltim.lt\/en\/galerija\/dokumentai\/sarasas-vardu-kurios-reikia-mineti-skaitant-korano-sura-ja-sin\/","title":{"rendered":"S\u0105ra\u0161as vard\u0173, kurios reikia min\u0117ti skaitant Korano sur\u0105 Ja sin"},"content":{"rendered":"\n<p>S\u0105ra\u0161as vard\u0173, kuriuos reikia min\u0117ti, skaitant Korano sur\u0105 Ja sin. Rus\u0173 k. XX a. prad\u017eia. Atsargos generolo majoro Tamerlano Ivanovi\u010diaus Maliu\u0161ickio &#8211; Ulano asmeniniame blanke sudarytas mirusi\u0173 ir gyv\u0173 giminai\u010di\u0173 s\u0105ra\u0161as.<\/p>\n","protected":false},"excerpt":{"rendered":"<p>S\u0105ra\u0161as vard\u0173, kuriuos reikia min\u0117ti, skaitant Korano sur\u0105 Ja sin. Rus\u0173 k. XX a. prad\u017eia. Atsargos generolo majoro Tamerlano Ivanovi\u010diaus Maliu\u0161ickio &#8211; Ulano asmeniniame blanke sudarytas mirusi\u0173 ir gyv\u0173 giminai\u010di\u0173 s\u0105ra\u0161as.<\/p>\n","protected":false},"author":1,"featured_media":2966,"parent":128,"menu_order":0,"comment_status":"closed","ping_status":"closed","template":"page-gallery-inside.php","meta":[],"_links":{"self":[{"href":"https:\/\/ltim.lt\/en\/wp-json\/wp\/v2\/pages\/2965"}],"collection":[{"href":"https:\/\/ltim.lt\/en\/wp-json\/wp\/v2\/pages"}],"about":[{"href":"https:\/\/ltim.lt\/en\/wp-json\/wp\/v2\/types\/page"}],"author":[{"embeddable":true,"href":"https:\/\/ltim.lt\/en\/wp-json\/wp\/v2\/users\/1"}],"replies":[{"embeddable":true,"href":"https:\/\/ltim.lt\/en\/wp-json\/wp\/v2\/comments?post=2965"}],"version-history":[{"count":2,"href":"https:\/\/ltim.lt\/en\/wp-json\/wp\/v2\/pages\/2965\/revisions"}],"predecessor-version":[{"id":2968,"href":"https:\/\/ltim.lt\/en\/wp-json\/wp\/v2\/pages\/2965\/revisions\/2968"}],"up":[{"embeddable":true,"href":"https:\/\/ltim.lt\/en\/wp-json\/wp\/v2\/pages\/128"}],"wp:featuredmedia":[{"embeddable":true,"href":"https:\/\/ltim.lt\/en\/wp-json\/wp\/v2\/media\/2966"}],"wp:attachment":[{"href":"https:\/\/ltim.lt\/en\/wp-json\/wp\/v2\/media?parent=2965"}],"curies":[{"name":"wp","href":"https:\/\/api.w.org\/{rel}","templated":true}]}}