{"id":2957,"date":"2022-10-08T10:22:03","date_gmt":"2022-10-08T12:22:03","guid":{"rendered":"http:\/\/ltim.lt\/?page_id=2957"},"modified":"2022-10-08T10:22:23","modified_gmt":"2022-10-08T12:22:23","slug":"juljano-talko-hryncewicziaus-veikalas-muslimowie-czyli-tak-zwani-tatarzy-litewscy","status":"publish","type":"page","link":"https:\/\/ltim.lt\/en\/galerija\/literatura-ir-spauda\/juljano-talko-hryncewicziaus-veikalas-muslimowie-czyli-tak-zwani-tatarzy-litewscy\/","title":{"rendered":"Juljano Talko\u2013Hryncewicziaus veikalas \u201eMu\u015blimowie, czyli tak zwani Tatarzy Litewscy\u201c"},"content":{"rendered":"\n<p>Profesoriaus Juljano Talko\u2013Hryncewicziaus veikalas \u201eMu\u015blimowie, czyli tak zwani Tatarzy Litewscy\u201c (\u201eMusulmonai, arba taip vadinami Lietuvos totoriai\u201c), i\u0161leistas Krokuvoje 1924 metais.<\/p>\n<p>Knyga yra 126 puslapi\u0173,.\u00a0Krokuvos Jogailos universiteto profesorius J. Talko\u2013Hryncewiczius prie\u0161karyje\u00a0buvo pla\u010diai \u017einomas antropologas. Tyrin\u0117jo \u012fvairi\u0173 taut\u0173 etnografij\u0105, antropologij\u0105 ir archeologij\u0105 Lenkijoje, Ukrainoje, Sibire. Daugelio monografij\u0173 autorius. Po Pirmojo pasaulinio karo jis susidom\u0117jo Lietuvos totoriais, kuri\u0173 problematikos tyrin\u0117jimams paskyr\u0117 nema\u017eai laiko.<\/p>\n","protected":false},"excerpt":{"rendered":"<p>Profesoriaus Juljano Talko\u2013Hryncewicziaus veikalas \u201eMu\u015blimowie, czyli tak zwani Tatarzy Litewscy\u201c (\u201eMusulmonai, arba taip vadinami Lietuvos totoriai\u201c), i\u0161leistas Krokuvoje 1924 metais. Knyga yra 126 puslapi\u0173,.\u00a0Krokuvos Jogailos universiteto profesorius J. Talko\u2013Hryncewiczius prie\u0161karyje\u00a0buvo pla\u010diai \u017einomas antropologas. Tyrin\u0117jo \u012fvairi\u0173 taut\u0173 etnografij\u0105, antropologij\u0105 ir archeologij\u0105 Lenkijoje, Ukrainoje, Sibire. Daugelio monografij\u0173 autorius. Po Pirmojo pasaulinio karo jis susidom\u0117jo Lietuvos totoriais, kuri\u0173 [&hellip;]<\/p>\n","protected":false},"author":1,"featured_media":2958,"parent":142,"menu_order":0,"comment_status":"closed","ping_status":"closed","template":"page-gallery-inside.php","meta":[],"_links":{"self":[{"href":"https:\/\/ltim.lt\/en\/wp-json\/wp\/v2\/pages\/2957"}],"collection":[{"href":"https:\/\/ltim.lt\/en\/wp-json\/wp\/v2\/pages"}],"about":[{"href":"https:\/\/ltim.lt\/en\/wp-json\/wp\/v2\/types\/page"}],"author":[{"embeddable":true,"href":"https:\/\/ltim.lt\/en\/wp-json\/wp\/v2\/users\/1"}],"replies":[{"embeddable":true,"href":"https:\/\/ltim.lt\/en\/wp-json\/wp\/v2\/comments?post=2957"}],"version-history":[{"count":4,"href":"https:\/\/ltim.lt\/en\/wp-json\/wp\/v2\/pages\/2957\/revisions"}],"predecessor-version":[{"id":2962,"href":"https:\/\/ltim.lt\/en\/wp-json\/wp\/v2\/pages\/2957\/revisions\/2962"}],"up":[{"embeddable":true,"href":"https:\/\/ltim.lt\/en\/wp-json\/wp\/v2\/pages\/142"}],"wp:featuredmedia":[{"embeddable":true,"href":"https:\/\/ltim.lt\/en\/wp-json\/wp\/v2\/media\/2958"}],"wp:attachment":[{"href":"https:\/\/ltim.lt\/en\/wp-json\/wp\/v2\/media?parent=2957"}],"curies":[{"name":"wp","href":"https:\/\/api.w.org\/{rel}","templated":true}]}}