{"id":2945,"date":"2022-10-08T09:56:38","date_gmt":"2022-10-08T11:56:38","guid":{"rendered":"http:\/\/ltim.lt\/?page_id=2945"},"modified":"2022-10-09T11:04:04","modified_gmt":"2022-10-09T13:04:04","slug":"atminimo-lentele","status":"publish","type":"page","link":"https:\/\/ltim.lt\/en\/galerija\/vietoves\/vilnius\/atminimo-lentele\/","title":{"rendered":"Atminimo lentel\u0117"},"content":{"rendered":"\n<p>Atminimo lentel\u0117, kurioje u\u017era\u0161ytas tekstas:<\/p>\n<p style=\"text-align: center;\"><em>\u201e\u0160ioje vietoje buvo Lietuvos totori\u0173\u00a0kapin\u0117s, kurios 1901 \u2013 1902 m. statant\u00a0Luki\u0161ki\u0173 kal\u0117jim\u0105 caro vald\u017eios sprendimu sunaikintos. Nuo 1941-02-15 \u010dia buvo\u00a0kalinamas i\u0161kilus Lietuvos totori\u0173 visuomen\u0117s veik\u0117jas, teisininkas Olgierdas Naimanas Mirza Kri\u010dinskis. SSSR NKVD\u00a0sprendimu i\u0161si\u0173stas \u012f Gorkio kal\u0117jim\u0105 Nr.<\/em><br \/><em>1. 1942-06-01 su\u0161audytas\u201c. <\/em><\/p>\n<p>Jo brolis garsus Lietuvos totori\u0173 visuomen\u0117s veik\u0117jas teisininkas Leo\u00ad nas Naimanas Mirza Kri\u010dinskis 1939 m. gestapo su\u0161audytas prie Veihero\u00advo, Lenkijoje.<\/p>\n","protected":false},"excerpt":{"rendered":"<p>Atminimo lentel\u0117, kurioje u\u017era\u0161ytas tekstas: \u201e\u0160ioje vietoje buvo Lietuvos totori\u0173\u00a0kapin\u0117s, kurios 1901 \u2013 1902 m. statant\u00a0Luki\u0161ki\u0173 kal\u0117jim\u0105 caro vald\u017eios sprendimu sunaikintos. Nuo 1941-02-15 \u010dia buvo\u00a0kalinamas i\u0161kilus Lietuvos totori\u0173 visuomen\u0117s veik\u0117jas, teisininkas Olgierdas Naimanas Mirza Kri\u010dinskis. SSSR NKVD\u00a0sprendimu i\u0161si\u0173stas \u012f Gorkio kal\u0117jim\u0105 Nr.1. 1942-06-01 su\u0161audytas\u201c. Jo brolis garsus Lietuvos totori\u0173 visuomen\u0117s veik\u0117jas teisininkas Leo\u00ad nas Naimanas [&hellip;]<\/p>\n","protected":false},"author":1,"featured_media":2963,"parent":150,"menu_order":0,"comment_status":"closed","ping_status":"closed","template":"page-gallery-inside.php","meta":[],"_links":{"self":[{"href":"https:\/\/ltim.lt\/en\/wp-json\/wp\/v2\/pages\/2945"}],"collection":[{"href":"https:\/\/ltim.lt\/en\/wp-json\/wp\/v2\/pages"}],"about":[{"href":"https:\/\/ltim.lt\/en\/wp-json\/wp\/v2\/types\/page"}],"author":[{"embeddable":true,"href":"https:\/\/ltim.lt\/en\/wp-json\/wp\/v2\/users\/1"}],"replies":[{"embeddable":true,"href":"https:\/\/ltim.lt\/en\/wp-json\/wp\/v2\/comments?post=2945"}],"version-history":[{"count":5,"href":"https:\/\/ltim.lt\/en\/wp-json\/wp\/v2\/pages\/2945\/revisions"}],"predecessor-version":[{"id":2964,"href":"https:\/\/ltim.lt\/en\/wp-json\/wp\/v2\/pages\/2945\/revisions\/2964"}],"up":[{"embeddable":true,"href":"https:\/\/ltim.lt\/en\/wp-json\/wp\/v2\/pages\/150"}],"wp:featuredmedia":[{"embeddable":true,"href":"https:\/\/ltim.lt\/en\/wp-json\/wp\/v2\/media\/2963"}],"wp:attachment":[{"href":"https:\/\/ltim.lt\/en\/wp-json\/wp\/v2\/media?parent=2945"}],"curies":[{"name":"wp","href":"https:\/\/api.w.org\/{rel}","templated":true}]}}