{"id":2939,"date":"2022-10-08T09:49:57","date_gmt":"2022-10-08T11:49:57","guid":{"rendered":"http:\/\/ltim.lt\/?page_id=2939"},"modified":"2022-11-12T15:29:30","modified_gmt":"2022-11-12T17:29:30","slug":"vytauto-didziojo-karo-muziejaus-renginys-artilerijos-istorijos-blyksniai","status":"publish","type":"page","link":"https:\/\/ltim.lt\/en\/galerija\/vyke-renginiai\/vytauto-didziojo-karo-muziejaus-renginys-artilerijos-istorijos-blyksniai\/","title":{"rendered":"Vytauto Did\u017eiojo karo muziejaus renginys \u201eArtilerijos istorijos blyksniai\u201c"},"content":{"rendered":"\n<p>2022-05-21 Vytauto Did\u017eiojo karo muziejuje vyko muziej\u0173 nakties renginys \u201eArtilerijos istorijos blyksniai\u201c. Vienai i\u0161 reik\u0161mingiausi\u0173 Lietuvos kariuomen\u0117s r\u016b\u0161i\u0173 \u2013 artilerijai sukanka 640 met\u0173.<\/p>\n\n\n\n<p>Muziejaus istorinio pab\u016bklo salv\u0117s per svarbius istorinius renginius tapo \u012fvairi\u0173 \u0161ven\u010di\u0173 atributu.<\/p>\n\n\n\n<p>LDK generolo Juzefo Bieliako Lietuvos totori\u0173 karo istorijos klubas jau ne pirmus metus kvie\u010diamas ir dalyvauja renginiuose.<\/p>\n\n\n\n<p>\u0160ias metais galima buvo susipa\u017einti su XV a., XVIII a., XX a. ir \u0161iuolaikine artilerija. Artilerij\u0105 pristat\u0117 brolija \u201eViduram\u017ei\u0173 pasiuntiniai\u201c, Lietuvos kariuomen\u0117s Sausumos paj\u0117g\u0173 Motorizuotoji p\u0117stinink\u0173 brigada \u201e\u017demaitija\u201c, brg. gen. Motiejaus Pe\u010diulionio artilerijos batalionas ir Sausumos paj\u0117g\u0173 Mechanizuotosios p\u0117stinink\u0173 brigados \u201eGele\u017einis Vilkas\u201c gen. Romualdo Giedrai\u010dio artilerijos batalionas. Karo muziejaus sodelyje buvo galimyb\u0117 pamatyti skirting\u0173 laikotarpi\u0173 garderob\u0105. Renginio metu vyko \u012fvair\u016bs pasirodymai: riteri\u0173 dvikova, fechtavimo ilguoju kalaviju pamoka, viduram\u017ei\u0173 \u0161okiai, edukaciniai \u017eaidimai, ugnies spektaklis \u201eInfermo\u201c.<\/p>\n\n\n\n<p> Lietuvos totori\u0173 bendruomenei atstovavo K. Z. \u0160afranavi\u010dius, M. Makulavi\u010dius, D. Dzejanavi\u010dius, vilk\u0117j\u0119 1-jo prie\u0161akin\u0117s sargybos pulko uniformas. Karo istorikas Arvydas Poci\u016bnas vadovavo salvi\u0173 i\u0161 pab\u016bklo proced\u016brai.<\/p>\n\n\n\n<p><\/p>\n\n\n\n<hr \/>\n<p><em>\u0160altinis: laikra\u0161tis \u201eLietuvos totoriai\u201c 170 numeris<\/em><\/p>\n","protected":false},"excerpt":{"rendered":"<p>2022-05-21 Vytauto Did\u017eiojo karo muziejuje vyko muziej\u0173 nakties renginys \u201eArtilerijos istorijos blyksniai\u201c. Vienai i\u0161 reik\u0161mingiausi\u0173 Lietuvos kariuomen\u0117s r\u016b\u0161i\u0173 \u2013 artilerijai sukanka 640 met\u0173. Muziejaus istorinio pab\u016bklo salv\u0117s per svarbius istorinius renginius tapo \u012fvairi\u0173 \u0161ven\u010di\u0173 atributu. LDK generolo Juzefo Bieliako Lietuvos totori\u0173 karo istorijos klubas jau ne pirmus metus kvie\u010diamas ir dalyvauja renginiuose. \u0160ias metais galima [&hellip;]<\/p>\n","protected":false},"author":1,"featured_media":0,"parent":2935,"menu_order":0,"comment_status":"closed","ping_status":"closed","template":"page-gallery-inside.php","meta":[],"_links":{"self":[{"href":"https:\/\/ltim.lt\/en\/wp-json\/wp\/v2\/pages\/2939"}],"collection":[{"href":"https:\/\/ltim.lt\/en\/wp-json\/wp\/v2\/pages"}],"about":[{"href":"https:\/\/ltim.lt\/en\/wp-json\/wp\/v2\/types\/page"}],"author":[{"embeddable":true,"href":"https:\/\/ltim.lt\/en\/wp-json\/wp\/v2\/users\/1"}],"replies":[{"embeddable":true,"href":"https:\/\/ltim.lt\/en\/wp-json\/wp\/v2\/comments?post=2939"}],"version-history":[{"count":4,"href":"https:\/\/ltim.lt\/en\/wp-json\/wp\/v2\/pages\/2939\/revisions"}],"predecessor-version":[{"id":2944,"href":"https:\/\/ltim.lt\/en\/wp-json\/wp\/v2\/pages\/2939\/revisions\/2944"}],"up":[{"embeddable":true,"href":"https:\/\/ltim.lt\/en\/wp-json\/wp\/v2\/pages\/2935"}],"wp:attachment":[{"href":"https:\/\/ltim.lt\/en\/wp-json\/wp\/v2\/media?parent=2939"}],"curies":[{"name":"wp","href":"https:\/\/api.w.org\/{rel}","templated":true}]}}