{"id":2926,"date":"2022-10-03T22:35:05","date_gmt":"2022-10-04T00:35:05","guid":{"rendered":"http:\/\/ltim.lt\/?page_id=2926"},"modified":"2022-10-03T22:35:06","modified_gmt":"2022-10-04T00:35:06","slug":"efsane","status":"publish","type":"page","link":"https:\/\/ltim.lt\/en\/galerija\/kultura\/efsane\/","title":{"rendered":"\u201eEfsane\u201c"},"content":{"rendered":"\n<p>Lietuvos totori\u0173 folkloro ansamblis \u201eEfsane\u201c \u012fkurtas 2018m siekiant atgaivinti ir i\u0161saugoti Lietuvos totori\u0173 tautos kult\u016br\u0105 ir tradicijas.<\/p>\n","protected":false},"excerpt":{"rendered":"<p>Lietuvos totori\u0173 folkloro ansamblis \u201eEfsane\u201c \u012fkurtas 2018m siekiant atgaivinti ir i\u0161saugoti Lietuvos totori\u0173 tautos kult\u016br\u0105 ir tradicijas.<\/p>\n","protected":false},"author":1,"featured_media":2927,"parent":2801,"menu_order":0,"comment_status":"closed","ping_status":"closed","template":"page-gallery-inside.php","meta":[],"_links":{"self":[{"href":"https:\/\/ltim.lt\/en\/wp-json\/wp\/v2\/pages\/2926"}],"collection":[{"href":"https:\/\/ltim.lt\/en\/wp-json\/wp\/v2\/pages"}],"about":[{"href":"https:\/\/ltim.lt\/en\/wp-json\/wp\/v2\/types\/page"}],"author":[{"embeddable":true,"href":"https:\/\/ltim.lt\/en\/wp-json\/wp\/v2\/users\/1"}],"replies":[{"embeddable":true,"href":"https:\/\/ltim.lt\/en\/wp-json\/wp\/v2\/comments?post=2926"}],"version-history":[{"count":2,"href":"https:\/\/ltim.lt\/en\/wp-json\/wp\/v2\/pages\/2926\/revisions"}],"predecessor-version":[{"id":2929,"href":"https:\/\/ltim.lt\/en\/wp-json\/wp\/v2\/pages\/2926\/revisions\/2929"}],"up":[{"embeddable":true,"href":"https:\/\/ltim.lt\/en\/wp-json\/wp\/v2\/pages\/2801"}],"wp:featuredmedia":[{"embeddable":true,"href":"https:\/\/ltim.lt\/en\/wp-json\/wp\/v2\/media\/2927"}],"wp:attachment":[{"href":"https:\/\/ltim.lt\/en\/wp-json\/wp\/v2\/media?parent=2926"}],"curies":[{"name":"wp","href":"https:\/\/api.w.org\/{rel}","templated":true}]}}