{"id":2917,"date":"2022-10-03T22:21:54","date_gmt":"2022-10-04T00:21:54","guid":{"rendered":"http:\/\/ltim.lt\/?page_id=2917"},"modified":"2022-10-03T22:21:54","modified_gmt":"2022-10-04T00:21:54","slug":"ulonas-vilniuje","status":"publish","type":"page","link":"https:\/\/ltim.lt\/en\/galerija\/menas\/tapyba\/ulonas-vilniuje\/","title":{"rendered":"Ulonas Vilniuje"},"content":{"rendered":"\n<p>Ulonas Vilniuje prie Au\u0161ros vart\u0173. Senovinis pie\u0161inys<\/p>\n","protected":false},"excerpt":{"rendered":"<p>Ulonas Vilniuje prie Au\u0161ros vart\u0173. Senovinis pie\u0161inys<\/p>\n","protected":false},"author":1,"featured_media":2918,"parent":258,"menu_order":0,"comment_status":"closed","ping_status":"closed","template":"page-gallery-inside.php","meta":[],"_links":{"self":[{"href":"https:\/\/ltim.lt\/en\/wp-json\/wp\/v2\/pages\/2917"}],"collection":[{"href":"https:\/\/ltim.lt\/en\/wp-json\/wp\/v2\/pages"}],"about":[{"href":"https:\/\/ltim.lt\/en\/wp-json\/wp\/v2\/types\/page"}],"author":[{"embeddable":true,"href":"https:\/\/ltim.lt\/en\/wp-json\/wp\/v2\/users\/1"}],"replies":[{"embeddable":true,"href":"https:\/\/ltim.lt\/en\/wp-json\/wp\/v2\/comments?post=2917"}],"version-history":[{"count":2,"href":"https:\/\/ltim.lt\/en\/wp-json\/wp\/v2\/pages\/2917\/revisions"}],"predecessor-version":[{"id":2920,"href":"https:\/\/ltim.lt\/en\/wp-json\/wp\/v2\/pages\/2917\/revisions\/2920"}],"up":[{"embeddable":true,"href":"https:\/\/ltim.lt\/en\/wp-json\/wp\/v2\/pages\/258"}],"wp:featuredmedia":[{"embeddable":true,"href":"https:\/\/ltim.lt\/en\/wp-json\/wp\/v2\/media\/2918"}],"wp:attachment":[{"href":"https:\/\/ltim.lt\/en\/wp-json\/wp\/v2\/media?parent=2917"}],"curies":[{"name":"wp","href":"https:\/\/api.w.org\/{rel}","templated":true}]}}