{"id":2910,"date":"2022-10-03T22:10:02","date_gmt":"2022-10-04T00:10:02","guid":{"rendered":"http:\/\/ltim.lt\/?page_id=2910"},"modified":"2022-10-03T22:12:13","modified_gmt":"2022-10-04T00:12:13","slug":"krinickas-ramazanas-scenografas-ir-dailininkas","status":"publish","type":"page","link":"https:\/\/ltim.lt\/en\/galerija\/zymus-zmones\/krinickas-ramazanas-scenografas-ir-dailininkas\/","title":{"rendered":"KRINICKAS RAMAZANAS, scenografas ir dailininkas"},"content":{"rendered":"\n<p>Scenografas, grafikas, tapytojas Ramazanas (Romanas) Krinickas gim\u0117 1904 m. gegu\u017e\u0117s 1 d. Kaune. Pirmojo pasaulinio karo metais kartu su t\u0117vais pasitrauk\u0117 \u012f Rusij\u0105. Gyveno Maskvoje, ten baig\u0117 septynias gimnazijos klases. I\u0161ry\u0161k\u0117jus polinkiui \u012f dail\u0119, 1922 metais i\u0161laik\u0117 stojamuosius egzaminus \u012f Auk\u0161t\u0105sias meno ir technikos dirbtuves (VCHUTEMAS) (buv. Stroganovo mokykla), ta\u010diau jau t\u0173 pat met\u0173 rugs\u0117jo m\u0117nes\u012f i\u0161 karo ir revoliucijos nualintos Rusijos gr\u012f\u017eo \u012f Lietuv\u0105. 1926 m., b\u016bdamas 21-eri\u0173, \u012fstojo \u012f Kauno meno mokykl\u0105 kaip laisvasis klausytojas. Baigdamas I kurs\u0105, R. Krinickas jau dalyvavo \u0161ios mokyklos mokini\u0173 parodoje ir net buvo pamin\u0117tas laikra\u0161tyje \u201eLietuvos \u017einios\u201c.<\/p>\n<p>Baig\u0119s Kauno meno mokyklos Bendrojo lavinimo skyri\u0173, 1929\u20131930 m. R. Krinickas t\u0119s\u0117 moksl\u0105 \u0161ios mokyklos Specialiojo skyriaus dekoratyvin\u0117s tapybos studijoje, o 1930\u20131936 m. \u2013 priva\u010dioje prof. M. Dobu\u017einskio dekoracij\u0173 studijoje.<\/p>\n<p>1930\u20131959 m. dirbo dailininku Valstyb\u0117s, Kauno operet\u0117s, Kauno valstybiniame muzikin\u0117s komedijos, Jaunojo \u017ei\u016brovo teatruose.<\/p>\n<p>Dirbdamas \u0161iuose teatruose, R. Krinickas suk\u016br\u0117 dekoracijas \u0161iems spektakliams: V. Zonenbergo \u201eJaunieji dar\u017eininkai\u201c (1936), B. Aleksandrovo \u201eVestuv\u0117s Malinovkoje\u201c (1941), F. Leharo \u201eLinksmoji na\u0161l\u0117\u201c (1941, 1945) ir \u201eGrafas Liuksemburgas\u201c (1942, 1944), F. Herves \u201eMadmuazel Nitu\u0161\u201c (1946), A. Brun\u0161tein \u201eD\u0117d\u0117s Tomo l\u016b\u0161nel\u0117\u201c (1949), P. Maliarovskio \u201eBatuotas katinas\u201c (1955) ir kt. I\u0161 viso pagal jo eskizus buvo apipavidalinta per 20 spektakli\u0173. 1936 m. R. Krinickas \u012fstojo \u012f Lietuvos dailinink\u0173 s\u0105jung\u0105, 1939 m. priklaus\u0117 \u0161ios s\u0105jungos Realist\u0173 sekcijai. Aktyviai \u012fsijung\u0119s \u012f tarpukario Lietuvos dail\u0117s gyvenim\u0105, nuo 1935 m. R. Krinickas reguliariai dalyvavo Kaune ir kituose Lietuvos miestuose rengtose parodose. Pirmoji personalin\u0117 jo darb\u0173 paroda surengta 1939 m. Lietuvos dailinink\u0173 s\u0105jungos patalpose.<\/p>\n<p>R. Krinicko k\u016brybin\u0117 veikla plati ir \u012fvairiapus\u0117 \u2013 menininkas yra k\u016br\u0119s plakatus, pa\u0161to \u017eenklus, dalyvavo 1937 m., 1938 m. Plakato, Pa\u0161to \u017eenklo konkursuose, iliustravo P. Tarasenkos apysak\u0105 vaikams \u201eRambyno burtininkas\u201c (1958, 1997) ir kt. knygas, i\u0161 senos kartografin\u0117s med\u017eiagos brai\u017e\u0117 \u017eem\u0117lapius.<\/p>\n<p>D\u0117l pablog\u0117jusios sveikatos i\u0161\u0117j\u0119s i\u0161 darbo teatre, R. Krinickas toliau tap\u0117, fiksuodamas tai, kas patraukdavo jo d\u0117mes\u012f, suteikdamas darbams savit\u0105 menin\u0119 i\u0161rai\u0161k\u0105. \u0160iuo laikotarpiu suk\u016br\u0117 akvareles: \u201eTyla\u201c (1961), \u201eRuduo parke\u201c (1969) ir grafikos darbus: \u201eMi\u0161kas \u017eiem\u0105\u201c (1960), \u201ePavasaris\u201c (1962), \u201eVasar\u0117jant\u201c (1977), taip pat daugel\u012f kit\u0173.<\/p>\n<p>\u00a0<\/p>\n<p style=\"text-align: center;\"><img loading=\"lazy\" class=\"wp-image-2912 size-medium\" src=\"http:\/\/ltim.lt\/wp-content\/uploads\/2022\/10\/28-300x190.png\" alt=\"Paveikslas \u201eTotoriai \u017eygyje\u201c. Eugenijaus Striogos nuotrauka.\" width=\"300\" height=\"190\" srcset=\"https:\/\/ltim.lt\/wp-content\/uploads\/2022\/10\/28-300x190.png 300w, https:\/\/ltim.lt\/wp-content\/uploads\/2022\/10\/28.png 573w\" sizes=\"(max-width: 300px) 100vw, 300px\" \/><br \/>Paveikslas \u201eTotoriai \u017eygyje\u201c. Eugenijaus Striogos nuotrauka.<\/p>\n<p style=\"text-align: center;\"><img loading=\"lazy\" class=\"wp-image-2911 size-medium\" src=\"http:\/\/ltim.lt\/wp-content\/uploads\/2022\/10\/27-300x206.png\" alt=\"\" width=\"300\" height=\"206\" srcset=\"https:\/\/ltim.lt\/wp-content\/uploads\/2022\/10\/27-300x206.png 300w, https:\/\/ltim.lt\/wp-content\/uploads\/2022\/10\/27.png 537w\" sizes=\"(max-width: 300px) 100vw, 300px\" \/><br \/>R. Krinickas.Tyla. 1961<\/p>\n<hr \/>\n<p><em>\u0160altinis: laikra\u0161tis \u201eLietuvos totoriai\u201c 139-141 numeris<\/em><\/p>\n","protected":false},"excerpt":{"rendered":"<p>Scenografas, grafikas, tapytojas Ramazanas (Romanas) Krinickas gim\u0117 1904 m. gegu\u017e\u0117s 1 d. Kaune. Pirmojo pasaulinio karo metais kartu su t\u0117vais pasitrauk\u0117 \u012f Rusij\u0105. Gyveno Maskvoje, ten baig\u0117 septynias gimnazijos klases. I\u0161ry\u0161k\u0117jus polinkiui \u012f dail\u0119, 1922 metais i\u0161laik\u0117 stojamuosius egzaminus \u012f Auk\u0161t\u0105sias meno ir technikos dirbtuves (VCHUTEMAS) (buv. Stroganovo mokykla), ta\u010diau jau t\u0173 pat met\u0173 rugs\u0117jo [&hellip;]<\/p>\n","protected":false},"author":1,"featured_media":2911,"parent":137,"menu_order":0,"comment_status":"closed","ping_status":"closed","template":"page-gallery.php","meta":[],"_links":{"self":[{"href":"https:\/\/ltim.lt\/en\/wp-json\/wp\/v2\/pages\/2910"}],"collection":[{"href":"https:\/\/ltim.lt\/en\/wp-json\/wp\/v2\/pages"}],"about":[{"href":"https:\/\/ltim.lt\/en\/wp-json\/wp\/v2\/types\/page"}],"author":[{"embeddable":true,"href":"https:\/\/ltim.lt\/en\/wp-json\/wp\/v2\/users\/1"}],"replies":[{"embeddable":true,"href":"https:\/\/ltim.lt\/en\/wp-json\/wp\/v2\/comments?post=2910"}],"version-history":[{"count":4,"href":"https:\/\/ltim.lt\/en\/wp-json\/wp\/v2\/pages\/2910\/revisions"}],"predecessor-version":[{"id":2916,"href":"https:\/\/ltim.lt\/en\/wp-json\/wp\/v2\/pages\/2910\/revisions\/2916"}],"up":[{"embeddable":true,"href":"https:\/\/ltim.lt\/en\/wp-json\/wp\/v2\/pages\/137"}],"wp:featuredmedia":[{"embeddable":true,"href":"https:\/\/ltim.lt\/en\/wp-json\/wp\/v2\/media\/2911"}],"wp:attachment":[{"href":"https:\/\/ltim.lt\/en\/wp-json\/wp\/v2\/media?parent=2910"}],"curies":[{"name":"wp","href":"https:\/\/api.w.org\/{rel}","templated":true}]}}