{"id":2890,"date":"2022-10-03T21:30:55","date_gmt":"2022-10-03T23:30:55","guid":{"rendered":"http:\/\/ltim.lt\/?page_id=2890"},"modified":"2022-10-03T21:31:18","modified_gmt":"2022-10-03T23:31:18","slug":"ado-jakubausko-poezijos-knyga-buties-fugos-akordai","status":"publish","type":"page","link":"https:\/\/ltim.lt\/en\/galerija\/literatura-ir-spauda\/ado-jakubausko-poezijos-knyga-buties-fugos-akordai\/","title":{"rendered":"Ado Jakubausko poezijos knyga \u201eB\u016bties fugos akordai\u201c"},"content":{"rendered":"\n<p>\u201eB\u016bties fugos akordai\u201c \u2013 antrasis Ado Jakubausko poezijos rinkinys.<\/p>\n<p>Adas Jakubauskas gim\u0117 1964 m. rugpj\u016b\u010dio 19 d. Alytaus rajone, Butrimonyse, viename centr\u0173, kuriame sutelktai gyvena Lietuvos totoriai.<\/p>\n<p>Poezijos knygos autorius aktyviai dalyvavo Lietuvos totori\u0173 visuomenin\u0117je veikloje nuo pat Lietuvos Atgimimo prad\u017eios, 2003 m. buvo i\u0161rinktas Lietuvos totori\u0173 bendruomeni\u0173 s\u0105jungos pirmininku, 2012 m. paskirtas Lietuvos Respublikos Ministro pirmininko visuomeniniu konsultantu tautini\u0173 ma\u017eum\u0173 klausimais. Ilgus metus yra Krymo totori\u0173 Med\u017eliso (tautinio parlamento) atstovas Lietuvoje. 2007 m. dalyvavo pirmame tarptautiniame totori\u0173 mokslinink\u0173 Forume Kazan\u0117je, tapo prie Tatarstano Respublikos Moksl\u0173 akademijos \u012fsteigtos totori\u0173 mokslinink\u0173 koordinacin\u0117s tarybos nariu.<\/p>\n<p>Adas Jakubauskas nuo mokyklos suolo dom\u0117josi literat\u016bra, band\u0117 eiliuoti. \u012edomu, kad mokydamasis lietuvi\u0161koje mokykloje, jis susi\u017eav\u0117jo rus\u0173 poezija, didel\u012f \u012fsp\u016bd\u012f jam paliko A. Bloko, S. Jesenino eil\u0117s, o v\u0117lesniais metais ir Ryt\u0173 poezijos vertimai. Susidom\u0117jimas rus\u0173 literat\u016bra atved\u0117 \u012f Vilniaus Edukologijos universitet\u0105 (anks\u010diau Vilniaus pedagogin\u012f institut\u0105) Rus\u0173 filologijos fakultet\u0105, kur\u012f pabaig\u0117 1993 m. 1992 m. i\u0161\u0117jo pirmasis Ado Jakubausko poezijos rinkinys \u201eKelio prad\u017eia\u201c. Paskesniais metais jis didesn\u0119 laiko dal\u012f skyr\u0117 mokslinei veiklai, Poznan\u0117s A. Mickevi\u010diaus universiteto Politikos moksl\u0173 fakultete apgyn\u0117 humanitarini\u0173 (Lietuvoje \u2013 socialini\u0173) moksl\u0173 daktaro disertacij\u0105, \u0161iuo metu d\u0117sto politikos mokslus Mykolo Romerio universitete, yra \u0161io universiteto docentas.<\/p>\n<hr \/>\n<p><em>\u0160altinis: laikra\u0161tis \u201eLietuvos totoriai\u201c 151-153 numeris<\/em><\/p>\n","protected":false},"excerpt":{"rendered":"<p>\u201eB\u016bties fugos akordai\u201c \u2013 antrasis Ado Jakubausko poezijos rinkinys. Adas Jakubauskas gim\u0117 1964 m. rugpj\u016b\u010dio 19 d. Alytaus rajone, Butrimonyse, viename centr\u0173, kuriame sutelktai gyvena Lietuvos totoriai. Poezijos knygos autorius aktyviai dalyvavo Lietuvos totori\u0173 visuomenin\u0117je veikloje nuo pat Lietuvos Atgimimo prad\u017eios, 2003 m. buvo i\u0161rinktas Lietuvos totori\u0173 bendruomeni\u0173 s\u0105jungos pirmininku, 2012 m. paskirtas Lietuvos Respublikos [&hellip;]<\/p>\n","protected":false},"author":1,"featured_media":2891,"parent":142,"menu_order":0,"comment_status":"closed","ping_status":"closed","template":"page-gallery-inside.php","meta":[],"_links":{"self":[{"href":"https:\/\/ltim.lt\/en\/wp-json\/wp\/v2\/pages\/2890"}],"collection":[{"href":"https:\/\/ltim.lt\/en\/wp-json\/wp\/v2\/pages"}],"about":[{"href":"https:\/\/ltim.lt\/en\/wp-json\/wp\/v2\/types\/page"}],"author":[{"embeddable":true,"href":"https:\/\/ltim.lt\/en\/wp-json\/wp\/v2\/users\/1"}],"replies":[{"embeddable":true,"href":"https:\/\/ltim.lt\/en\/wp-json\/wp\/v2\/comments?post=2890"}],"version-history":[{"count":3,"href":"https:\/\/ltim.lt\/en\/wp-json\/wp\/v2\/pages\/2890\/revisions"}],"predecessor-version":[{"id":2894,"href":"https:\/\/ltim.lt\/en\/wp-json\/wp\/v2\/pages\/2890\/revisions\/2894"}],"up":[{"embeddable":true,"href":"https:\/\/ltim.lt\/en\/wp-json\/wp\/v2\/pages\/142"}],"wp:featuredmedia":[{"embeddable":true,"href":"https:\/\/ltim.lt\/en\/wp-json\/wp\/v2\/media\/2891"}],"wp:attachment":[{"href":"https:\/\/ltim.lt\/en\/wp-json\/wp\/v2\/media?parent=2890"}],"curies":[{"name":"wp","href":"https:\/\/api.w.org\/{rel}","templated":true}]}}