{"id":2871,"date":"2022-10-03T20:58:30","date_gmt":"2022-10-03T22:58:30","guid":{"rendered":"http:\/\/ltim.lt\/?page_id=2871"},"modified":"2022-10-03T20:59:04","modified_gmt":"2022-10-03T22:59:04","slug":"totoriu-skveras-trakuose","status":"publish","type":"page","link":"https:\/\/ltim.lt\/en\/galerija\/vietoves\/trakai\/totoriu-skveras-trakuose\/","title":{"rendered":"Totori\u0173 skveras Trakuose"},"content":{"rendered":"\n<p>2017 m. rugs\u0117jo 18 d., pirmadien\u012f, Trakuose totoriams buvo d\u017eiugi \u0161vent\u0117 \u2013 prie Trak\u0173 rajono savivaldyb\u0117s esan\u010diam skverui oficialiai buvo suteiktas Totori\u0173 skvero vardas, skirtas totori\u0173 apgyvendinimo Lietuvoje 620-osioms metin\u0117ms pamin\u0117ti. \u012e atidarymo i\u0161kilmes susirinko vald\u017eios atstovai, Turkijos ambasados darbuotojai &#8211; pirmasis sekretorius Erdem Karal, ata\u0161\u0117 religijos klausimais Ibrahim Ceyhan, Trak\u0173 kra\u0161to totori\u0173 bendruomen\u0117s pirminink\u0117 Jelena Tra\u010duk, atminimo lentos gamintojas ir r\u0117m\u0117jas Motiejus Jakubauskas, totori\u0173 bendruomen\u0117s atstovai, miesto gyventojai ir sve\u010diai. Susirinkusiesiems muzikin\u0119 program\u0105 atliko totori\u0173 folkloro ansamblis \u201eIlsu\u201c (T\u0117vyn\u0117), vadov\u0117 Almira Parmaksizoglu, koncertmeisteris Liutauras Mila\u0161auskas.<\/p>\n","protected":false},"excerpt":{"rendered":"<p>2017 m. rugs\u0117jo 18 d., pirmadien\u012f, Trakuose totoriams buvo d\u017eiugi \u0161vent\u0117 \u2013 prie Trak\u0173 rajono savivaldyb\u0117s esan\u010diam skverui oficialiai buvo suteiktas Totori\u0173 skvero vardas, skirtas totori\u0173 apgyvendinimo Lietuvoje 620-osioms metin\u0117ms pamin\u0117ti. \u012e atidarymo i\u0161kilmes susirinko vald\u017eios atstovai, Turkijos ambasados darbuotojai &#8211; pirmasis sekretorius Erdem Karal, ata\u0161\u0117 religijos klausimais Ibrahim Ceyhan, Trak\u0173 kra\u0161to totori\u0173 bendruomen\u0117s pirminink\u0117 [&hellip;]<\/p>\n","protected":false},"author":1,"featured_media":2843,"parent":2873,"menu_order":0,"comment_status":"closed","ping_status":"closed","template":"page-gallery-inside.php","meta":[],"_links":{"self":[{"href":"https:\/\/ltim.lt\/en\/wp-json\/wp\/v2\/pages\/2871"}],"collection":[{"href":"https:\/\/ltim.lt\/en\/wp-json\/wp\/v2\/pages"}],"about":[{"href":"https:\/\/ltim.lt\/en\/wp-json\/wp\/v2\/types\/page"}],"author":[{"embeddable":true,"href":"https:\/\/ltim.lt\/en\/wp-json\/wp\/v2\/users\/1"}],"replies":[{"embeddable":true,"href":"https:\/\/ltim.lt\/en\/wp-json\/wp\/v2\/comments?post=2871"}],"version-history":[{"count":2,"href":"https:\/\/ltim.lt\/en\/wp-json\/wp\/v2\/pages\/2871\/revisions"}],"predecessor-version":[{"id":2876,"href":"https:\/\/ltim.lt\/en\/wp-json\/wp\/v2\/pages\/2871\/revisions\/2876"}],"up":[{"embeddable":true,"href":"https:\/\/ltim.lt\/en\/wp-json\/wp\/v2\/pages\/2873"}],"wp:featuredmedia":[{"embeddable":true,"href":"https:\/\/ltim.lt\/en\/wp-json\/wp\/v2\/media\/2843"}],"wp:attachment":[{"href":"https:\/\/ltim.lt\/en\/wp-json\/wp\/v2\/media?parent=2871"}],"curies":[{"name":"wp","href":"https:\/\/api.w.org\/{rel}","templated":true}]}}