{"id":2868,"date":"2022-10-03T20:49:52","date_gmt":"2022-10-03T22:49:52","guid":{"rendered":"http:\/\/ltim.lt\/?page_id=2868"},"modified":"2022-10-03T20:50:21","modified_gmt":"2022-10-03T22:50:21","slug":"jankova-veneta-mokslininke","status":"publish","type":"page","link":"https:\/\/ltim.lt\/en\/galerija\/zymus-zmones\/jankova-veneta-mokslininke\/","title":{"rendered":"JANKOVA VENETA, mokslinink\u0117"},"content":{"rendered":"\n<p>Bulgar\u0173 tyrin\u0117tojos Venetos Jankovos mokslinio darbo objektas Lietuvoje\u00a0 \u2013 Lietuvos totori\u0173 bendruomen\u0117s gyvenimas.<\/p>\n<p>Veneta Jankova gyvena Bulgarijoje \u0160umeno mieste ir d\u0117sto \u0161io miesto universitete. \u0160umenas, senas istorinis miestas netoli Varnos ir Juodosios j\u016bros, gars\u0117ja savo i\u0161skirtine praeitimi. Netoli nuo \u010dia esama pirmosios Bulgarijos sostin\u0117s Pliskos ir antrosios \u2013 Preslavlio, daug istorini\u0173 viet\u0173, menan\u010di\u0173 viduram\u017ei\u0173 bei Osman\u0173 imperijos laikus. Tai \u2013 tikra Meka praeities istorini\u0173 paminkl\u0173 tyrin\u0117tojams bei turistams. Ko vertas vien unikalus, vienintelis toks pasaulyje raitelio atvaizdas, i\u0161kaltas uoloje \u2013 Madarskij konnik.<\/p>\n<p>Venet\u0105 Jankov\u0105 kalbino Dana Kurmilavi\u010di\u016bt\u0117 apie ry\u0161kiausius Lietuvos totori\u0173 bruo\u017eus. Mokslinink\u0117 sak\u0117: \u201eKalb\u0117siu ne i\u0161 mokslini\u0173, o i\u0161 \u017emogi\u0161k\u0173j\u0173 pozicij\u0173. Labai didel\u012f \u012fsp\u016bd\u012f man paliko draugi\u0161ki Lietuvos totori\u0173 bendruomen\u0117s nari\u0173 tarpusavio santykiai. Jie mane itin \u0161iltai pri\u0117m\u0117, \u012fdomiai nu\u0161viet\u0117 savo tautos istorij\u0105, gyvenim\u0105 Lietuvoje. Surinkau vertingos med\u017eiagos, ir apskritai jau\u010diausi kaip namie. Man labai d\u017eiugu, kad \u0161ios tautos atstovai, per \u0161itiek am\u017ei\u0173 i\u0161laik\u0119 savitum\u0105, tradicijas, neu\u017emir\u0161o savo \u0161akn\u0173, kad prisimena garbingus t\u0117vynaini\u0173 \u017eygdarbius. Istorin\u0117 praeitis \u2013 svarbus ir j\u0173 dabartinio gyvenimo elementas. Lietuvos totoriai did\u017eiuojasi es\u0105 did\u017ei\u0173 kovotoj\u0173 palikuonys, d\u017eiaugiasi, kad j\u0173 prot\u0117vi\u0173 ir t\u0117v\u0173 ind\u0117lis m\u016b\u0161iuose d\u0117l Lietuvos laisv\u0117s ir nepriklausomyb\u0117s yra tikrai didelis.<\/p>\n<p>Kai atvykau \u012f Lietuv\u0105 pirm\u0105syk, \u010dia i\u0161buvau de\u0161imt dien\u0173. Buvau atsive\u017eusi i\u0161 anksto parengtas anketas, \u012f kuri\u0173 klausimus \u017emon\u0117s ir atsakin\u0117jo. Lankiausi Keturiasde\u0161imties totori\u0173 kaime, Trakuose, Nev\u0117\u017eyje, Rai\u017eiuose, Vilniuje. Iki \u0161iol su didele \u0161iluma prisimenu am\u017ein\u0105 atils\u012f mo\u010diut\u0119 Ai\u0161\u0105 i\u0161\u00a0 Keturiasde\u0161imties totori\u0173 kaimo. Kiek daug vertingos informacijos ji man suteik\u0117, kaip \u012fdomiai apie savo gyvenim\u0105 papasakojo!\u201c<\/p>\n<hr \/>\n<p><em>\u0160altinis: laikra\u0161tis \u201eLietuvos totoriai\u201c 164-166 numeris<\/em><\/p>\n","protected":false},"excerpt":{"rendered":"<p>Bulgar\u0173 tyrin\u0117tojos Venetos Jankovos mokslinio darbo objektas Lietuvoje\u00a0 \u2013 Lietuvos totori\u0173 bendruomen\u0117s gyvenimas. Veneta Jankova gyvena Bulgarijoje \u0160umeno mieste ir d\u0117sto \u0161io miesto universitete. \u0160umenas, senas istorinis miestas netoli Varnos ir Juodosios j\u016bros, gars\u0117ja savo i\u0161skirtine praeitimi. Netoli nuo \u010dia esama pirmosios Bulgarijos sostin\u0117s Pliskos ir antrosios \u2013 Preslavlio, daug istorini\u0173 viet\u0173, menan\u010di\u0173 viduram\u017ei\u0173 bei [&hellip;]<\/p>\n","protected":false},"author":1,"featured_media":2842,"parent":137,"menu_order":0,"comment_status":"closed","ping_status":"closed","template":"page-gallery-inside.php","meta":[],"_links":{"self":[{"href":"https:\/\/ltim.lt\/en\/wp-json\/wp\/v2\/pages\/2868"}],"collection":[{"href":"https:\/\/ltim.lt\/en\/wp-json\/wp\/v2\/pages"}],"about":[{"href":"https:\/\/ltim.lt\/en\/wp-json\/wp\/v2\/types\/page"}],"author":[{"embeddable":true,"href":"https:\/\/ltim.lt\/en\/wp-json\/wp\/v2\/users\/1"}],"replies":[{"embeddable":true,"href":"https:\/\/ltim.lt\/en\/wp-json\/wp\/v2\/comments?post=2868"}],"version-history":[{"count":2,"href":"https:\/\/ltim.lt\/en\/wp-json\/wp\/v2\/pages\/2868\/revisions"}],"predecessor-version":[{"id":2870,"href":"https:\/\/ltim.lt\/en\/wp-json\/wp\/v2\/pages\/2868\/revisions\/2870"}],"up":[{"embeddable":true,"href":"https:\/\/ltim.lt\/en\/wp-json\/wp\/v2\/pages\/137"}],"wp:featuredmedia":[{"embeddable":true,"href":"https:\/\/ltim.lt\/en\/wp-json\/wp\/v2\/media\/2842"}],"wp:attachment":[{"href":"https:\/\/ltim.lt\/en\/wp-json\/wp\/v2\/media?parent=2868"}],"curies":[{"name":"wp","href":"https:\/\/api.w.org\/{rel}","templated":true}]}}