{"id":2805,"date":"2022-10-03T19:13:38","date_gmt":"2022-10-03T21:13:38","guid":{"rendered":"http:\/\/ltim.lt\/?page_id=2805"},"modified":"2022-10-03T19:13:49","modified_gmt":"2022-10-03T21:13:49","slug":"ilsu","status":"publish","type":"page","link":"https:\/\/ltim.lt\/en\/galerija\/kultura\/ilsu\/","title":{"rendered":"\u201eIlsu\u201c"},"content":{"rendered":"\n<p>Totori\u0173 folkloro ansamblis \u201eIlsu\u201c su vadove Almira Trak\u0161eliene.<\/p>\n<p>R. Sinkevi\u010di\u016bt\u0117s nuotr.<\/p>\n","protected":false},"excerpt":{"rendered":"<p>Totori\u0173 folkloro ansamblis \u201eIlsu\u201c su vadove Almira Trak\u0161eliene. R. Sinkevi\u010di\u016bt\u0117s nuotr.<\/p>\n","protected":false},"author":1,"featured_media":2806,"parent":2801,"menu_order":0,"comment_status":"closed","ping_status":"closed","template":"page-gallery-inside.php","meta":[],"_links":{"self":[{"href":"https:\/\/ltim.lt\/en\/wp-json\/wp\/v2\/pages\/2805"}],"collection":[{"href":"https:\/\/ltim.lt\/en\/wp-json\/wp\/v2\/pages"}],"about":[{"href":"https:\/\/ltim.lt\/en\/wp-json\/wp\/v2\/types\/page"}],"author":[{"embeddable":true,"href":"https:\/\/ltim.lt\/en\/wp-json\/wp\/v2\/users\/1"}],"replies":[{"embeddable":true,"href":"https:\/\/ltim.lt\/en\/wp-json\/wp\/v2\/comments?post=2805"}],"version-history":[{"count":3,"href":"https:\/\/ltim.lt\/en\/wp-json\/wp\/v2\/pages\/2805\/revisions"}],"predecessor-version":[{"id":2809,"href":"https:\/\/ltim.lt\/en\/wp-json\/wp\/v2\/pages\/2805\/revisions\/2809"}],"up":[{"embeddable":true,"href":"https:\/\/ltim.lt\/en\/wp-json\/wp\/v2\/pages\/2801"}],"wp:featuredmedia":[{"embeddable":true,"href":"https:\/\/ltim.lt\/en\/wp-json\/wp\/v2\/media\/2806"}],"wp:attachment":[{"href":"https:\/\/ltim.lt\/en\/wp-json\/wp\/v2\/media?parent=2805"}],"curies":[{"name":"wp","href":"https:\/\/api.w.org\/{rel}","templated":true}]}}