{"id":2779,"date":"2022-10-03T18:25:29","date_gmt":"2022-10-03T20:25:29","guid":{"rendered":"http:\/\/ltim.lt\/?page_id=2779"},"modified":"2022-10-03T18:25:57","modified_gmt":"2022-10-03T20:25:57","slug":"saules-laikrodis","status":"publish","type":"page","link":"https:\/\/ltim.lt\/en\/galerija\/vietoves\/alytus\/saules-laikrodis\/","title":{"rendered":"Saul\u0117s laikrodis"},"content":{"rendered":"\n<p>Prie Rai\u017ei\u0173 me\u010der\u0117s \u012frengtas Saul\u0117s laikrodis, rodantis vietos ir \u017dalgirio lauko laik\u0105.<\/p>\n","protected":false},"excerpt":{"rendered":"<p>Prie Rai\u017ei\u0173 me\u010der\u0117s \u012frengtas Saul\u0117s laikrodis, rodantis vietos ir \u017dalgirio lauko laik\u0105.<\/p>\n","protected":false},"author":1,"featured_media":2770,"parent":153,"menu_order":0,"comment_status":"closed","ping_status":"closed","template":"page-gallery-inside.php","meta":[],"_links":{"self":[{"href":"https:\/\/ltim.lt\/en\/wp-json\/wp\/v2\/pages\/2779"}],"collection":[{"href":"https:\/\/ltim.lt\/en\/wp-json\/wp\/v2\/pages"}],"about":[{"href":"https:\/\/ltim.lt\/en\/wp-json\/wp\/v2\/types\/page"}],"author":[{"embeddable":true,"href":"https:\/\/ltim.lt\/en\/wp-json\/wp\/v2\/users\/1"}],"replies":[{"embeddable":true,"href":"https:\/\/ltim.lt\/en\/wp-json\/wp\/v2\/comments?post=2779"}],"version-history":[{"count":4,"href":"https:\/\/ltim.lt\/en\/wp-json\/wp\/v2\/pages\/2779\/revisions"}],"predecessor-version":[{"id":2783,"href":"https:\/\/ltim.lt\/en\/wp-json\/wp\/v2\/pages\/2779\/revisions\/2783"}],"up":[{"embeddable":true,"href":"https:\/\/ltim.lt\/en\/wp-json\/wp\/v2\/pages\/153"}],"wp:featuredmedia":[{"embeddable":true,"href":"https:\/\/ltim.lt\/en\/wp-json\/wp\/v2\/media\/2770"}],"wp:attachment":[{"href":"https:\/\/ltim.lt\/en\/wp-json\/wp\/v2\/media?parent=2779"}],"curies":[{"name":"wp","href":"https:\/\/api.w.org\/{rel}","templated":true}]}}