{"id":2755,"date":"2022-10-03T17:48:34","date_gmt":"2022-10-03T19:48:34","guid":{"rendered":"http:\/\/ltim.lt\/?page_id=2755"},"modified":"2022-10-03T17:48:35","modified_gmt":"2022-10-03T19:48:35","slug":"memorialine-lenta-buvusioje-vilniaus-lukiskiu-totoriu-kapiniu-ir-mecetes-vietoje","status":"publish","type":"page","link":"https:\/\/ltim.lt\/en\/galerija\/vietoves\/vilnius\/memorialine-lenta-buvusioje-vilniaus-lukiskiu-totoriu-kapiniu-ir-mecetes-vietoje\/","title":{"rendered":"Memorialin\u0117 lenta buvusioje Vilniaus Luki\u0161ki\u0173 totori\u0173 kapini\u0173 ir me\u010det\u0117s vietoje"},"content":{"rendered":"\n<p>2009 m. bir\u017eelio 10 d. ant Puslaidininki\u0173 fizikos instituto pastato kampo (Vilnius, Go\u0161tauto g. 11) buvusi\u0173 Luki\u0161ki\u0173 kapini\u0173 ir me\u010det\u0117s vietoje \u012frengta memorialin\u0117 lenta. <\/p>\n\n\n\n<p>Tarybiniais metais vald\u017eiai u\u017eank\u0161t\u0117 kukli medin\u0117 me\u010det\u0117 ir kapinait\u0117s. Prasid\u0117jus Vilniaus pl\u0117trai, 1968 m. me\u010det\u0117 ir kapin\u0117s buvo sunaikintos. Liudininkai mat\u0117, kaip \u0161alia gyvenanti muedzino Chaleckio \u017emona band\u0117 gelb\u0117ti paminklinius akmenis, i\u0161pirkdama juos i\u0161 darbinink\u0173. Taip pat ne vienas \u017emogus liudijo, kad geriausi paminkliniai akmenys buvo ve\u017eami perkalti \u012f \u012fmon\u0119 Vilniuje, o dalis i\u0161 j\u0173 pateko \u012f Ras\u0173 kapines ir i\u0161 j\u0173 vienoje nuokalni\u0173 sud\u0117ti laiptai. <\/p>\n\n\n\n<p>Totori\u0173 Luki\u0161k\u0117s \u2013 viena seniausi\u0173 viet\u0173, kur apsigyveno totoriai. Kai kurie istoriniai dokumentai teigia, kad totoriai \u010dia \u012fsik\u016br\u0117 dar XIV\u2013XV a. 1559\u20131567 m. Luki\u0161k\u0117s priklaus\u0117 Izmailiui ir Tahatarui Kurma\u0161evi\u010diams, nuo kuri\u0173 senelio Lukos, gyvenusio apie 1500 m. ir kilo vietov\u0117s pavadinimas.<\/p>\n\n\n\n<hr \/>\n<p><em>\u0160altinis: laikra\u0161tis \u201eLietuvos totoriai\u201c 125-127 numeris<\/em><\/p>\n","protected":false},"excerpt":{"rendered":"<p>2009 m. bir\u017eelio 10 d. ant Puslaidininki\u0173 fizikos instituto pastato kampo (Vilnius, Go\u0161tauto g. 11) buvusi\u0173 Luki\u0161ki\u0173 kapini\u0173 ir me\u010det\u0117s vietoje \u012frengta memorialin\u0117 lenta. Tarybiniais metais vald\u017eiai u\u017eank\u0161t\u0117 kukli medin\u0117 me\u010det\u0117 ir kapinait\u0117s. Prasid\u0117jus Vilniaus pl\u0117trai, 1968 m. me\u010det\u0117 ir kapin\u0117s buvo sunaikintos. Liudininkai mat\u0117, kaip \u0161alia gyvenanti muedzino Chaleckio \u017emona band\u0117 gelb\u0117ti paminklinius akmenis, [&hellip;]<\/p>\n","protected":false},"author":1,"featured_media":2749,"parent":150,"menu_order":0,"comment_status":"closed","ping_status":"closed","template":"page-gallery-inside.php","meta":[],"_links":{"self":[{"href":"https:\/\/ltim.lt\/en\/wp-json\/wp\/v2\/pages\/2755"}],"collection":[{"href":"https:\/\/ltim.lt\/en\/wp-json\/wp\/v2\/pages"}],"about":[{"href":"https:\/\/ltim.lt\/en\/wp-json\/wp\/v2\/types\/page"}],"author":[{"embeddable":true,"href":"https:\/\/ltim.lt\/en\/wp-json\/wp\/v2\/users\/1"}],"replies":[{"embeddable":true,"href":"https:\/\/ltim.lt\/en\/wp-json\/wp\/v2\/comments?post=2755"}],"version-history":[{"count":2,"href":"https:\/\/ltim.lt\/en\/wp-json\/wp\/v2\/pages\/2755\/revisions"}],"predecessor-version":[{"id":2757,"href":"https:\/\/ltim.lt\/en\/wp-json\/wp\/v2\/pages\/2755\/revisions\/2757"}],"up":[{"embeddable":true,"href":"https:\/\/ltim.lt\/en\/wp-json\/wp\/v2\/pages\/150"}],"wp:featuredmedia":[{"embeddable":true,"href":"https:\/\/ltim.lt\/en\/wp-json\/wp\/v2\/media\/2749"}],"wp:attachment":[{"href":"https:\/\/ltim.lt\/en\/wp-json\/wp\/v2\/media?parent=2755"}],"curies":[{"name":"wp","href":"https:\/\/api.w.org\/{rel}","templated":true}]}}