{"id":2752,"date":"2022-10-03T17:37:57","date_gmt":"2022-10-03T19:37:57","guid":{"rendered":"http:\/\/ltim.lt\/?page_id=2752"},"modified":"2022-10-03T17:37:57","modified_gmt":"2022-10-03T19:37:57","slug":"paminklas-vytautui-didziajam-ir-zalgirio-musio-600-osioms-metinems-atminti","status":"publish","type":"page","link":"https:\/\/ltim.lt\/en\/galerija\/vietoves\/alytus\/paminklas-vytautui-didziajam-ir-zalgirio-musio-600-osioms-metinems-atminti\/","title":{"rendered":"Paminklas Vytautui Did\u017eiajam ir \u017dalgirio m\u016b\u0161io 600-osioms metin\u0117ms atminti"},"content":{"rendered":"\n<p>Plakatas vaizduojantis Vytautui Did\u017eiajam ir \u017dalgirio m\u016b\u0161iui 600-osiomis metin\u0117ms skirt\u0105 paminkl\u0105.<\/p>\n","protected":false},"excerpt":{"rendered":"<p>Plakatas vaizduojantis Vytautui Did\u017eiajam ir \u017dalgirio m\u016b\u0161iui 600-osiomis metin\u0117ms skirt\u0105 paminkl\u0105.<\/p>\n","protected":false},"author":1,"featured_media":2748,"parent":153,"menu_order":0,"comment_status":"closed","ping_status":"closed","template":"page-gallery-inside.php","meta":[],"_links":{"self":[{"href":"https:\/\/ltim.lt\/en\/wp-json\/wp\/v2\/pages\/2752"}],"collection":[{"href":"https:\/\/ltim.lt\/en\/wp-json\/wp\/v2\/pages"}],"about":[{"href":"https:\/\/ltim.lt\/en\/wp-json\/wp\/v2\/types\/page"}],"author":[{"embeddable":true,"href":"https:\/\/ltim.lt\/en\/wp-json\/wp\/v2\/users\/1"}],"replies":[{"embeddable":true,"href":"https:\/\/ltim.lt\/en\/wp-json\/wp\/v2\/comments?post=2752"}],"version-history":[{"count":2,"href":"https:\/\/ltim.lt\/en\/wp-json\/wp\/v2\/pages\/2752\/revisions"}],"predecessor-version":[{"id":2754,"href":"https:\/\/ltim.lt\/en\/wp-json\/wp\/v2\/pages\/2752\/revisions\/2754"}],"up":[{"embeddable":true,"href":"https:\/\/ltim.lt\/en\/wp-json\/wp\/v2\/pages\/153"}],"wp:featuredmedia":[{"embeddable":true,"href":"https:\/\/ltim.lt\/en\/wp-json\/wp\/v2\/media\/2748"}],"wp:attachment":[{"href":"https:\/\/ltim.lt\/en\/wp-json\/wp\/v2\/media?parent=2752"}],"curies":[{"name":"wp","href":"https:\/\/api.w.org\/{rel}","templated":true}]}}