{"id":2163,"date":"2022-01-30T17:06:17","date_gmt":"2022-01-30T19:06:17","guid":{"rendered":"http:\/\/ltim.lt\/?page_id=2163"},"modified":"2022-01-30T17:07:22","modified_gmt":"2022-01-30T19:07:22","slug":"virtuali-paroda-totoriai-lietuvos-kariai","status":"publish","type":"page","link":"https:\/\/ltim.lt\/en\/laikinos-parodos\/virtuali-paroda-totoriai-lietuvos-kariai\/","title":{"rendered":"VIRTUALI PARODA \u201eTOTORIAI &#8211; LIETUVOS KARIAI\u201c"},"content":{"rendered":"\n<p>2021 m. &#8211; Lietuvos totori\u0173 istorijos ir kult\u016bros metais &#8211; Vytauto Did\u017eiojo karo muziejuje buvo atidaryta paroda \u201eTotoriai &#8211; Lietuvos kariai\u201c. Parodoje buvo siekiama pristatyti reik\u0161ming\u0105 totori\u0173 ind\u0117l\u012f \u012f Lietuvos karybos istorij\u0105, parodant ne tik j\u0173 i\u0161takas, bet ir pa\u017evelgiant \u012f dokumentus, kuriuose ap\u017evelgiamos j\u0173 tur\u0117tos teis\u0117s ir privilegijos, ginkluot\u0119, kuri kito nuo lank\u0173 ir kard\u0173 iki pistolet\u0173, trump\u0173 \u0161autuv\u0173 ir ilg\u0173 ie\u010di\u0173 bei skirti d\u0117mes\u012f j\u0173 uniformoms. Visa tai buvo ap\u017evelgta karo muziejaus parodoje, kurioje buvo siekiama supa\u017eindinti visuomen\u0119 su Lietuvos totoriais, viena seniausi\u0173 etnini\u0173 grupi\u0173, gyvenan\u010di\u0173 Lietuvoje, bei j\u0173 ind\u0117liu \u012f Lietuvos valstyb\u0117s gynyb\u0105. Parodos partneriai: Kauno apskrities Totori\u0173 bendruomen\u0117, Lietuvos nacionalinis muziejus ir Tautini\u0173 ma\u017eum\u0173 departamentas prie Lietuvos Respublikos Vyriausyb\u0117s.<\/p>\n<p>Kvie\u010diame apsilankyti parod\u0105oje paspaudus <a href=\"https:\/\/www.vdkaromuziejus.lt\/prds\/2022\/totoriai\/\" target=\"_blank\" rel=\"noopener noreferrer\"><span style=\"background-color: #ffffff; color: #333399;\">\u010dia<\/span><\/a>.<\/p>\n","protected":false},"excerpt":{"rendered":"<p>2021 m. &#8211; Lietuvos totori\u0173 istorijos ir kult\u016bros metais &#8211; Vytauto Did\u017eiojo karo muziejuje buvo atidaryta paroda \u201eTotoriai &#8211; Lietuvos kariai\u201c. Parodoje buvo siekiama pristatyti reik\u0161ming\u0105 totori\u0173 ind\u0117l\u012f \u012f Lietuvos karybos istorij\u0105, parodant ne tik j\u0173 i\u0161takas, bet ir pa\u017evelgiant \u012f dokumentus, kuriuose ap\u017evelgiamos j\u0173 tur\u0117tos teis\u0117s ir privilegijos, ginkluot\u0119, kuri kito nuo lank\u0173 ir [&hellip;]<\/p>\n","protected":false},"author":1,"featured_media":2164,"parent":14,"menu_order":0,"comment_status":"closed","ping_status":"closed","template":"page-text.php","meta":[],"_links":{"self":[{"href":"https:\/\/ltim.lt\/en\/wp-json\/wp\/v2\/pages\/2163"}],"collection":[{"href":"https:\/\/ltim.lt\/en\/wp-json\/wp\/v2\/pages"}],"about":[{"href":"https:\/\/ltim.lt\/en\/wp-json\/wp\/v2\/types\/page"}],"author":[{"embeddable":true,"href":"https:\/\/ltim.lt\/en\/wp-json\/wp\/v2\/users\/1"}],"replies":[{"embeddable":true,"href":"https:\/\/ltim.lt\/en\/wp-json\/wp\/v2\/comments?post=2163"}],"version-history":[{"count":1,"href":"https:\/\/ltim.lt\/en\/wp-json\/wp\/v2\/pages\/2163\/revisions"}],"predecessor-version":[{"id":2165,"href":"https:\/\/ltim.lt\/en\/wp-json\/wp\/v2\/pages\/2163\/revisions\/2165"}],"up":[{"embeddable":true,"href":"https:\/\/ltim.lt\/en\/wp-json\/wp\/v2\/pages\/14"}],"wp:featuredmedia":[{"embeddable":true,"href":"https:\/\/ltim.lt\/en\/wp-json\/wp\/v2\/media\/2164"}],"wp:attachment":[{"href":"https:\/\/ltim.lt\/en\/wp-json\/wp\/v2\/media?parent=2163"}],"curies":[{"name":"wp","href":"https:\/\/api.w.org\/{rel}","templated":true}]}}