{"id":1934,"date":"2022-01-13T22:59:42","date_gmt":"2022-01-14T00:59:42","guid":{"rendered":"http:\/\/ltim.lt\/?page_id=1934"},"modified":"2022-01-14T00:13:18","modified_gmt":"2022-01-14T02:13:18","slug":"buves-totoriu-priemiestis-kaune","status":"publish","type":"page","link":"https:\/\/ltim.lt\/en\/galerija\/straipsniu-ciklas-portale-15min\/buves-totoriu-priemiestis-kaune\/","title":{"rendered":"Buv\u0119s totori\u0173 priemiestis Kaune"},"content":{"rendered":"\t\t<div data-elementor-type=\"wp-page\" data-elementor-id=\"1934\" class=\"elementor elementor-1934\" data-elementor-settings=\"[]\">\n\t\t\t\t\t\t<div class=\"elementor-inner\">\n\t\t\t\t\t\t\t<div class=\"elementor-section-wrap\">\n\t\t\t\t\t\t\t<section class=\"elementor-section elementor-top-section elementor-element elementor-element-34c2827 elementor-section-boxed elementor-section-height-default elementor-section-height-default\" data-id=\"34c2827\" data-element_type=\"section\">\n\t\t\t\t\t\t<div class=\"elementor-container elementor-column-gap-default\">\n\t\t\t\t\t\t\t<div class=\"elementor-row\">\n\t\t\t\t\t<div class=\"elementor-column elementor-col-100 elementor-top-column elementor-element elementor-element-16cabc2\" data-id=\"16cabc2\" data-element_type=\"column\">\n\t\t\t<div class=\"elementor-column-wrap elementor-element-populated\">\n\t\t\t\t\t\t\t<div class=\"elementor-widget-wrap\">\n\t\t\t\t\t\t<div class=\"elementor-element elementor-element-3b77f23 elementor-invisible elementor-widget elementor-widget-wp-widget-media_gallery\" data-id=\"3b77f23\" data-element_type=\"widget\" data-settings=\"{&quot;_animation&quot;:&quot;none&quot;}\" data-widget_type=\"wp-widget-media_gallery.default\">\n\t\t\t\t<div class=\"elementor-widget-container\">\n\t\t\t\n\t\t<style type=\"text\/css\">\n\t\t\t#gallery-1 {\n\t\t\t\tmargin: auto;\n\t\t\t}\n\t\t\t#gallery-1 .gallery-item {\n\t\t\t\tfloat: left;\n\t\t\t\tmargin-top: 10px;\n\t\t\t\ttext-align: center;\n\t\t\t\twidth: 100%;\n\t\t\t}\n\t\t\t#gallery-1 img {\n\t\t\t\tborder: 2px solid #cfcfcf;\n\t\t\t}\n\t\t\t#gallery-1 .gallery-caption {\n\t\t\t\tmargin-left: 0;\n\t\t\t}\n\t\t\t\/* see gallery_shortcode() in wp-includes\/media.php *\/\n\t\t<\/style>\n\t\t<div id='gallery-1' class='gallery galleryid-1934 gallery-columns-1 gallery-size-full'><dl class='gallery-item'>\n\t\t\t<dt class='gallery-icon landscape'>\n\t\t\t\t<img width=\"1238\" height=\"773\" src=\"https:\/\/ltim.lt\/wp-content\/uploads\/2022\/01\/Screenshot_25.png\" class=\"attachment-full size-full\" alt=\"\" loading=\"lazy\" aria-describedby=\"gallery-1-1959\" srcset=\"https:\/\/ltim.lt\/wp-content\/uploads\/2022\/01\/Screenshot_25.png 1238w, https:\/\/ltim.lt\/wp-content\/uploads\/2022\/01\/Screenshot_25-300x187.png 300w, https:\/\/ltim.lt\/wp-content\/uploads\/2022\/01\/Screenshot_25-1024x639.png 1024w, https:\/\/ltim.lt\/wp-content\/uploads\/2022\/01\/Screenshot_25-768x480.png 768w\" sizes=\"(max-width: 1238px) 100vw, 1238px\" \/>\n\t\t\t<\/dt>\n\t\t\t\t<dd class='wp-caption-text gallery-caption' id='gallery-1-1959'>\n\t\t\t\tPaminklin\u0117 lenta Aleksandrui Tuhan &#8211; Baranauskui\n\t\t\t\t<\/dd><\/dl><br style=\"clear: both\" \/><dl class='gallery-item'>\n\t\t\t<dt class='gallery-icon landscape'>\n\t\t\t\t<img width=\"1227\" height=\"772\" src=\"https:\/\/ltim.lt\/wp-content\/uploads\/2022\/01\/Screenshot_24.png\" class=\"attachment-full size-full\" alt=\"\" loading=\"lazy\" aria-describedby=\"gallery-1-1958\" srcset=\"https:\/\/ltim.lt\/wp-content\/uploads\/2022\/01\/Screenshot_24.png 1227w, https:\/\/ltim.lt\/wp-content\/uploads\/2022\/01\/Screenshot_24-300x189.png 300w, https:\/\/ltim.lt\/wp-content\/uploads\/2022\/01\/Screenshot_24-1024x644.png 1024w, https:\/\/ltim.lt\/wp-content\/uploads\/2022\/01\/Screenshot_24-768x483.png 768w\" sizes=\"(max-width: 1227px) 100vw, 1227px\" \/>\n\t\t\t<\/dt>\n\t\t\t\t<dd class='wp-caption-text gallery-caption' id='gallery-1-1958'>\n\t\t\t\tI\u0161lik\u0119 pastatai\n\t\t\t\t<\/dd><\/dl><br style=\"clear: both\" \/><dl class='gallery-item'>\n\t\t\t<dt class='gallery-icon landscape'>\n\t\t\t\t<img width=\"1228\" height=\"777\" src=\"https:\/\/ltim.lt\/wp-content\/uploads\/2022\/01\/Screenshot_23.png\" class=\"attachment-full size-full\" alt=\"\" loading=\"lazy\" aria-describedby=\"gallery-1-1957\" srcset=\"https:\/\/ltim.lt\/wp-content\/uploads\/2022\/01\/Screenshot_23.png 1228w, https:\/\/ltim.lt\/wp-content\/uploads\/2022\/01\/Screenshot_23-300x190.png 300w, https:\/\/ltim.lt\/wp-content\/uploads\/2022\/01\/Screenshot_23-1024x648.png 1024w, https:\/\/ltim.lt\/wp-content\/uploads\/2022\/01\/Screenshot_23-768x486.png 768w\" sizes=\"(max-width: 1228px) 100vw, 1228px\" \/>\n\t\t\t<\/dt>\n\t\t\t\t<dd class='wp-caption-text gallery-caption' id='gallery-1-1957'>\n\t\t\t\tI\u0161lik\u0119 pastatai\n\t\t\t\t<\/dd><\/dl><br style=\"clear: both\" \/><dl class='gallery-item'>\n\t\t\t<dt class='gallery-icon landscape'>\n\t\t\t\t<img width=\"1233\" height=\"774\" src=\"https:\/\/ltim.lt\/wp-content\/uploads\/2022\/01\/Screenshot_22.png\" class=\"attachment-full size-full\" alt=\"\" loading=\"lazy\" aria-describedby=\"gallery-1-1956\" srcset=\"https:\/\/ltim.lt\/wp-content\/uploads\/2022\/01\/Screenshot_22.png 1233w, https:\/\/ltim.lt\/wp-content\/uploads\/2022\/01\/Screenshot_22-300x188.png 300w, https:\/\/ltim.lt\/wp-content\/uploads\/2022\/01\/Screenshot_22-1024x643.png 1024w, https:\/\/ltim.lt\/wp-content\/uploads\/2022\/01\/Screenshot_22-768x482.png 768w\" sizes=\"(max-width: 1233px) 100vw, 1233px\" \/>\n\t\t\t<\/dt>\n\t\t\t\t<dd class='wp-caption-text gallery-caption' id='gallery-1-1956'>\n\t\t\t\tI\u0161lik\u0119 pastatai\n\t\t\t\t<\/dd><\/dl><br style=\"clear: both\" \/><dl class='gallery-item'>\n\t\t\t<dt class='gallery-icon landscape'>\n\t\t\t\t<img width=\"1274\" height=\"782\" src=\"https:\/\/ltim.lt\/wp-content\/uploads\/2022\/01\/Screenshot_21.png\" class=\"attachment-full size-full\" alt=\"\" loading=\"lazy\" aria-describedby=\"gallery-1-1955\" srcset=\"https:\/\/ltim.lt\/wp-content\/uploads\/2022\/01\/Screenshot_21.png 1274w, https:\/\/ltim.lt\/wp-content\/uploads\/2022\/01\/Screenshot_21-300x184.png 300w, https:\/\/ltim.lt\/wp-content\/uploads\/2022\/01\/Screenshot_21-1024x629.png 1024w, https:\/\/ltim.lt\/wp-content\/uploads\/2022\/01\/Screenshot_21-768x471.png 768w\" sizes=\"(max-width: 1274px) 100vw, 1274px\" \/>\n\t\t\t<\/dt>\n\t\t\t\t<dd class='wp-caption-text gallery-caption' id='gallery-1-1955'>\n\t\t\t\tI\u0161lik\u0119 pastatai\n\t\t\t\t<\/dd><\/dl><br style=\"clear: both\" \/><dl class='gallery-item'>\n\t\t\t<dt class='gallery-icon landscape'>\n\t\t\t\t<img width=\"1231\" height=\"780\" src=\"https:\/\/ltim.lt\/wp-content\/uploads\/2022\/01\/Screenshot_20.png\" class=\"attachment-full size-full\" alt=\"\" loading=\"lazy\" aria-describedby=\"gallery-1-1954\" srcset=\"https:\/\/ltim.lt\/wp-content\/uploads\/2022\/01\/Screenshot_20.png 1231w, https:\/\/ltim.lt\/wp-content\/uploads\/2022\/01\/Screenshot_20-300x190.png 300w, https:\/\/ltim.lt\/wp-content\/uploads\/2022\/01\/Screenshot_20-1024x649.png 1024w, https:\/\/ltim.lt\/wp-content\/uploads\/2022\/01\/Screenshot_20-768x487.png 768w\" sizes=\"(max-width: 1231px) 100vw, 1231px\" \/>\n\t\t\t<\/dt>\n\t\t\t\t<dd class='wp-caption-text gallery-caption' id='gallery-1-1954'>\n\t\t\t\tI\u0161lik\u0119 pastatai\n\t\t\t\t<\/dd><\/dl><br style=\"clear: both\" \/><dl class='gallery-item'>\n\t\t\t<dt class='gallery-icon landscape'>\n\t\t\t\t<img width=\"1234\" height=\"770\" src=\"https:\/\/ltim.lt\/wp-content\/uploads\/2022\/01\/Screenshot_19.png\" class=\"attachment-full size-full\" alt=\"\" loading=\"lazy\" aria-describedby=\"gallery-1-1953\" srcset=\"https:\/\/ltim.lt\/wp-content\/uploads\/2022\/01\/Screenshot_19.png 1234w, https:\/\/ltim.lt\/wp-content\/uploads\/2022\/01\/Screenshot_19-300x187.png 300w, https:\/\/ltim.lt\/wp-content\/uploads\/2022\/01\/Screenshot_19-1024x639.png 1024w, https:\/\/ltim.lt\/wp-content\/uploads\/2022\/01\/Screenshot_19-768x479.png 768w\" sizes=\"(max-width: 1234px) 100vw, 1234px\" \/>\n\t\t\t<\/dt>\n\t\t\t\t<dd class='wp-caption-text gallery-caption' id='gallery-1-1953'>\n\t\t\t\tI\u0161lik\u0119 pastatai\n\t\t\t\t<\/dd><\/dl><br style=\"clear: both\" \/><dl class='gallery-item'>\n\t\t\t<dt class='gallery-icon landscape'>\n\t\t\t\t<img width=\"1231\" height=\"774\" src=\"https:\/\/ltim.lt\/wp-content\/uploads\/2022\/01\/Screenshot_18.png\" class=\"attachment-full size-full\" alt=\"\" loading=\"lazy\" aria-describedby=\"gallery-1-1952\" srcset=\"https:\/\/ltim.lt\/wp-content\/uploads\/2022\/01\/Screenshot_18.png 1231w, https:\/\/ltim.lt\/wp-content\/uploads\/2022\/01\/Screenshot_18-300x189.png 300w, https:\/\/ltim.lt\/wp-content\/uploads\/2022\/01\/Screenshot_18-1024x644.png 1024w, https:\/\/ltim.lt\/wp-content\/uploads\/2022\/01\/Screenshot_18-768x483.png 768w\" sizes=\"(max-width: 1231px) 100vw, 1231px\" \/>\n\t\t\t<\/dt>\n\t\t\t\t<dd class='wp-caption-text gallery-caption' id='gallery-1-1952'>\n\t\t\t\tD. Po\u0161kos gatv\u0117 Kaune &#8211; kadaise ji buvo Ma\u017eoji totori\u0173 gatv\u0117\n\t\t\t\t<\/dd><\/dl><br style=\"clear: both\" \/><dl class='gallery-item'>\n\t\t\t<dt class='gallery-icon landscape'>\n\t\t\t\t<img width=\"1219\" height=\"778\" src=\"https:\/\/ltim.lt\/wp-content\/uploads\/2022\/01\/Screenshot_17.png\" class=\"attachment-full size-full\" alt=\"\" loading=\"lazy\" aria-describedby=\"gallery-1-1951\" srcset=\"https:\/\/ltim.lt\/wp-content\/uploads\/2022\/01\/Screenshot_17.png 1219w, https:\/\/ltim.lt\/wp-content\/uploads\/2022\/01\/Screenshot_17-300x191.png 300w, https:\/\/ltim.lt\/wp-content\/uploads\/2022\/01\/Screenshot_17-1024x654.png 1024w, https:\/\/ltim.lt\/wp-content\/uploads\/2022\/01\/Screenshot_17-768x490.png 768w\" sizes=\"(max-width: 1219px) 100vw, 1219px\" \/>\n\t\t\t<\/dt>\n\t\t\t\t<dd class='wp-caption-text gallery-caption' id='gallery-1-1951'>\n\t\t\t\tD. Po\u0161kos gatv\u0117 Kaune &#8211; kadaise ji buvo Ma\u017eoji totori\u0173 gatv\u0117\n\t\t\t\t<\/dd><\/dl><br style=\"clear: both\" \/><dl class='gallery-item'>\n\t\t\t<dt class='gallery-icon landscape'>\n\t\t\t\t<img width=\"1219\" height=\"775\" src=\"https:\/\/ltim.lt\/wp-content\/uploads\/2022\/01\/Screenshot_16-1.png\" class=\"attachment-full size-full\" alt=\"\" loading=\"lazy\" aria-describedby=\"gallery-1-1950\" srcset=\"https:\/\/ltim.lt\/wp-content\/uploads\/2022\/01\/Screenshot_16-1.png 1219w, https:\/\/ltim.lt\/wp-content\/uploads\/2022\/01\/Screenshot_16-1-300x191.png 300w, https:\/\/ltim.lt\/wp-content\/uploads\/2022\/01\/Screenshot_16-1-1024x651.png 1024w, https:\/\/ltim.lt\/wp-content\/uploads\/2022\/01\/Screenshot_16-1-768x488.png 768w\" sizes=\"(max-width: 1219px) 100vw, 1219px\" \/>\n\t\t\t<\/dt>\n\t\t\t\t<dd class='wp-caption-text gallery-caption' id='gallery-1-1950'>\n\t\t\t\tD. Po\u0161kos gatv\u0117 Kaune &#8211; kadaise ji buvo Ma\u017eoji totori\u0173 gatv\u0117\n\t\t\t\t<\/dd><\/dl><br style=\"clear: both\" \/><dl class='gallery-item'>\n\t\t\t<dt class='gallery-icon landscape'>\n\t\t\t\t<img width=\"1240\" height=\"770\" src=\"https:\/\/ltim.lt\/wp-content\/uploads\/2022\/01\/Screenshot_15-2.png\" class=\"attachment-full size-full\" alt=\"\" loading=\"lazy\" aria-describedby=\"gallery-1-1949\" srcset=\"https:\/\/ltim.lt\/wp-content\/uploads\/2022\/01\/Screenshot_15-2.png 1240w, https:\/\/ltim.lt\/wp-content\/uploads\/2022\/01\/Screenshot_15-2-300x186.png 300w, https:\/\/ltim.lt\/wp-content\/uploads\/2022\/01\/Screenshot_15-2-1024x636.png 1024w, https:\/\/ltim.lt\/wp-content\/uploads\/2022\/01\/Screenshot_15-2-768x477.png 768w\" sizes=\"(max-width: 1240px) 100vw, 1240px\" \/>\n\t\t\t<\/dt>\n\t\t\t\t<dd class='wp-caption-text gallery-caption' id='gallery-1-1949'>\n\t\t\t\tD. Po\u0161kos gatv\u0117 Kaune &#8211; kadaise ji buvo Ma\u017eoji totori\u0173 gatv\u0117\n\t\t\t\t<\/dd><\/dl><br style=\"clear: both\" \/><dl class='gallery-item'>\n\t\t\t<dt class='gallery-icon landscape'>\n\t\t\t\t<img width=\"1235\" height=\"772\" src=\"https:\/\/ltim.lt\/wp-content\/uploads\/2022\/01\/Screenshot_14-2.png\" class=\"attachment-full size-full\" alt=\"\" loading=\"lazy\" aria-describedby=\"gallery-1-1948\" srcset=\"https:\/\/ltim.lt\/wp-content\/uploads\/2022\/01\/Screenshot_14-2.png 1235w, https:\/\/ltim.lt\/wp-content\/uploads\/2022\/01\/Screenshot_14-2-300x188.png 300w, https:\/\/ltim.lt\/wp-content\/uploads\/2022\/01\/Screenshot_14-2-1024x640.png 1024w, https:\/\/ltim.lt\/wp-content\/uploads\/2022\/01\/Screenshot_14-2-768x480.png 768w\" sizes=\"(max-width: 1235px) 100vw, 1235px\" \/>\n\t\t\t<\/dt>\n\t\t\t\t<dd class='wp-caption-text gallery-caption' id='gallery-1-1948'>\n\t\t\t\tD. Po\u0161kos gatv\u0117 Kaune &#8211; kadaise ji buvo Ma\u017eoji totori\u0173 gatv\u0117\n\t\t\t\t<\/dd><\/dl><br style=\"clear: both\" \/><dl class='gallery-item'>\n\t\t\t<dt class='gallery-icon landscape'>\n\t\t\t\t<img width=\"1230\" height=\"778\" src=\"https:\/\/ltim.lt\/wp-content\/uploads\/2022\/01\/Screenshot_13-2.png\" class=\"attachment-full size-full\" alt=\"\" loading=\"lazy\" aria-describedby=\"gallery-1-1947\" srcset=\"https:\/\/ltim.lt\/wp-content\/uploads\/2022\/01\/Screenshot_13-2.png 1230w, https:\/\/ltim.lt\/wp-content\/uploads\/2022\/01\/Screenshot_13-2-300x190.png 300w, https:\/\/ltim.lt\/wp-content\/uploads\/2022\/01\/Screenshot_13-2-1024x648.png 1024w, https:\/\/ltim.lt\/wp-content\/uploads\/2022\/01\/Screenshot_13-2-768x486.png 768w\" sizes=\"(max-width: 1230px) 100vw, 1230px\" \/>\n\t\t\t<\/dt>\n\t\t\t\t<dd class='wp-caption-text gallery-caption' id='gallery-1-1947'>\n\t\t\t\tAtminimo lenta, \u017eyminti buvusio Kauno totori\u0173 priemies\u010dio vartus\n\t\t\t\t<\/dd><\/dl><br style=\"clear: both\" \/><dl class='gallery-item'>\n\t\t\t<dt class='gallery-icon landscape'>\n\t\t\t\t<img width=\"1230\" height=\"778\" src=\"https:\/\/ltim.lt\/wp-content\/uploads\/2022\/01\/Screenshot_12-3.png\" class=\"attachment-full size-full\" alt=\"\" loading=\"lazy\" aria-describedby=\"gallery-1-1946\" srcset=\"https:\/\/ltim.lt\/wp-content\/uploads\/2022\/01\/Screenshot_12-3.png 1230w, https:\/\/ltim.lt\/wp-content\/uploads\/2022\/01\/Screenshot_12-3-300x190.png 300w, https:\/\/ltim.lt\/wp-content\/uploads\/2022\/01\/Screenshot_12-3-1024x648.png 1024w, https:\/\/ltim.lt\/wp-content\/uploads\/2022\/01\/Screenshot_12-3-768x486.png 768w\" sizes=\"(max-width: 1230px) 100vw, 1230px\" \/>\n\t\t\t<\/dt>\n\t\t\t\t<dd class='wp-caption-text gallery-caption' id='gallery-1-1946'>\n\t\t\t\tAtminimo lenta, \u017eyminti buvusio Kauno totori\u0173 priemies\u010dio vartus\n\t\t\t\t<\/dd><\/dl><br style=\"clear: both\" \/><dl class='gallery-item'>\n\t\t\t<dt class='gallery-icon landscape'>\n\t\t\t\t<img width=\"1232\" height=\"763\" src=\"https:\/\/ltim.lt\/wp-content\/uploads\/2022\/01\/Screenshot_11-3.png\" class=\"attachment-full size-full\" alt=\"\" loading=\"lazy\" aria-describedby=\"gallery-1-1945\" srcset=\"https:\/\/ltim.lt\/wp-content\/uploads\/2022\/01\/Screenshot_11-3.png 1232w, https:\/\/ltim.lt\/wp-content\/uploads\/2022\/01\/Screenshot_11-3-300x186.png 300w, https:\/\/ltim.lt\/wp-content\/uploads\/2022\/01\/Screenshot_11-3-1024x634.png 1024w, https:\/\/ltim.lt\/wp-content\/uploads\/2022\/01\/Screenshot_11-3-768x476.png 768w\" sizes=\"(max-width: 1232px) 100vw, 1232px\" \/>\n\t\t\t<\/dt>\n\t\t\t\t<dd class='wp-caption-text gallery-caption' id='gallery-1-1945'>\n\t\t\t\tAtminimo lenta, \u017eyminti buvusio Kauno totori\u0173 priemies\u010dio vartus\n\t\t\t\t<\/dd><\/dl><br style=\"clear: both\" \/><dl class='gallery-item'>\n\t\t\t<dt class='gallery-icon landscape'>\n\t\t\t\t<img width=\"1240\" height=\"761\" src=\"https:\/\/ltim.lt\/wp-content\/uploads\/2022\/01\/Screenshot_10-3.png\" class=\"attachment-full size-full\" alt=\"\" loading=\"lazy\" aria-describedby=\"gallery-1-1944\" srcset=\"https:\/\/ltim.lt\/wp-content\/uploads\/2022\/01\/Screenshot_10-3.png 1240w, https:\/\/ltim.lt\/wp-content\/uploads\/2022\/01\/Screenshot_10-3-300x184.png 300w, https:\/\/ltim.lt\/wp-content\/uploads\/2022\/01\/Screenshot_10-3-1024x628.png 1024w, https:\/\/ltim.lt\/wp-content\/uploads\/2022\/01\/Screenshot_10-3-768x471.png 768w\" sizes=\"(max-width: 1240px) 100vw, 1240px\" \/>\n\t\t\t<\/dt>\n\t\t\t\t<dd class='wp-caption-text gallery-caption' id='gallery-1-1944'>\n\t\t\t\tI. Kanto gatv\u0117 Kaune\n\t\t\t\t<\/dd><\/dl><br style=\"clear: both\" \/><dl class='gallery-item'>\n\t\t\t<dt class='gallery-icon landscape'>\n\t\t\t\t<img width=\"1230\" height=\"766\" src=\"https:\/\/ltim.lt\/wp-content\/uploads\/2022\/01\/Screenshot_9-3.png\" class=\"attachment-full size-full\" alt=\"\" loading=\"lazy\" aria-describedby=\"gallery-1-1943\" srcset=\"https:\/\/ltim.lt\/wp-content\/uploads\/2022\/01\/Screenshot_9-3.png 1230w, https:\/\/ltim.lt\/wp-content\/uploads\/2022\/01\/Screenshot_9-3-300x187.png 300w, https:\/\/ltim.lt\/wp-content\/uploads\/2022\/01\/Screenshot_9-3-1024x638.png 1024w, https:\/\/ltim.lt\/wp-content\/uploads\/2022\/01\/Screenshot_9-3-768x478.png 768w\" sizes=\"(max-width: 1230px) 100vw, 1230px\" \/>\n\t\t\t<\/dt>\n\t\t\t\t<dd class='wp-caption-text gallery-caption' id='gallery-1-1943'>\n\t\t\t\tI. Kanto gatv\u0117 Kaune\n\t\t\t\t<\/dd><\/dl><br style=\"clear: both\" \/><dl class='gallery-item'>\n\t\t\t<dt class='gallery-icon landscape'>\n\t\t\t\t<img width=\"1237\" height=\"767\" src=\"https:\/\/ltim.lt\/wp-content\/uploads\/2022\/01\/Screenshot_8-3.png\" class=\"attachment-full size-full\" alt=\"\" loading=\"lazy\" aria-describedby=\"gallery-1-1942\" srcset=\"https:\/\/ltim.lt\/wp-content\/uploads\/2022\/01\/Screenshot_8-3.png 1237w, https:\/\/ltim.lt\/wp-content\/uploads\/2022\/01\/Screenshot_8-3-300x186.png 300w, https:\/\/ltim.lt\/wp-content\/uploads\/2022\/01\/Screenshot_8-3-1024x635.png 1024w, https:\/\/ltim.lt\/wp-content\/uploads\/2022\/01\/Screenshot_8-3-768x476.png 768w\" sizes=\"(max-width: 1237px) 100vw, 1237px\" \/>\n\t\t\t<\/dt>\n\t\t\t\t<dd class='wp-caption-text gallery-caption' id='gallery-1-1942'>\n\t\t\t\tI. Kanto gatv\u0117 Kaune\n\t\t\t\t<\/dd><\/dl><br style=\"clear: both\" \/><dl class='gallery-item'>\n\t\t\t<dt class='gallery-icon landscape'>\n\t\t\t\t<img width=\"1229\" height=\"773\" src=\"https:\/\/ltim.lt\/wp-content\/uploads\/2022\/01\/Screenshot_7-3.png\" class=\"attachment-full size-full\" alt=\"\" loading=\"lazy\" aria-describedby=\"gallery-1-1941\" srcset=\"https:\/\/ltim.lt\/wp-content\/uploads\/2022\/01\/Screenshot_7-3.png 1229w, https:\/\/ltim.lt\/wp-content\/uploads\/2022\/01\/Screenshot_7-3-300x189.png 300w, https:\/\/ltim.lt\/wp-content\/uploads\/2022\/01\/Screenshot_7-3-1024x644.png 1024w, https:\/\/ltim.lt\/wp-content\/uploads\/2022\/01\/Screenshot_7-3-768x483.png 768w\" sizes=\"(max-width: 1229px) 100vw, 1229px\" \/>\n\t\t\t<\/dt>\n\t\t\t\t<dd class='wp-caption-text gallery-caption' id='gallery-1-1941'>\n\t\t\t\tI. Kanto gatv\u0117 Kaune\n\t\t\t\t<\/dd><\/dl><br style=\"clear: both\" \/><dl class='gallery-item'>\n\t\t\t<dt class='gallery-icon landscape'>\n\t\t\t\t<img width=\"1229\" height=\"778\" src=\"https:\/\/ltim.lt\/wp-content\/uploads\/2022\/01\/Screenshot_6-3.png\" class=\"attachment-full size-full\" alt=\"\" loading=\"lazy\" aria-describedby=\"gallery-1-1940\" srcset=\"https:\/\/ltim.lt\/wp-content\/uploads\/2022\/01\/Screenshot_6-3.png 1229w, https:\/\/ltim.lt\/wp-content\/uploads\/2022\/01\/Screenshot_6-3-300x190.png 300w, https:\/\/ltim.lt\/wp-content\/uploads\/2022\/01\/Screenshot_6-3-1024x648.png 1024w, https:\/\/ltim.lt\/wp-content\/uploads\/2022\/01\/Screenshot_6-3-768x486.png 768w\" sizes=\"(max-width: 1229px) 100vw, 1229px\" \/>\n\t\t\t<\/dt>\n\t\t\t\t<dd class='wp-caption-text gallery-caption' id='gallery-1-1940'>\n\t\t\t\tI. Kanto gatv\u0117 Kaune\n\t\t\t\t<\/dd><\/dl><br style=\"clear: both\" \/><dl class='gallery-item'>\n\t\t\t<dt class='gallery-icon landscape'>\n\t\t\t\t<img width=\"1229\" height=\"777\" src=\"https:\/\/ltim.lt\/wp-content\/uploads\/2022\/01\/Screenshot_5-3.png\" class=\"attachment-full size-full\" alt=\"\" loading=\"lazy\" aria-describedby=\"gallery-1-1939\" srcset=\"https:\/\/ltim.lt\/wp-content\/uploads\/2022\/01\/Screenshot_5-3.png 1229w, https:\/\/ltim.lt\/wp-content\/uploads\/2022\/01\/Screenshot_5-3-300x190.png 300w, https:\/\/ltim.lt\/wp-content\/uploads\/2022\/01\/Screenshot_5-3-1024x647.png 1024w, https:\/\/ltim.lt\/wp-content\/uploads\/2022\/01\/Screenshot_5-3-768x486.png 768w\" sizes=\"(max-width: 1229px) 100vw, 1229px\" \/>\n\t\t\t<\/dt>\n\t\t\t\t<dd class='wp-caption-text gallery-caption' id='gallery-1-1939'>\n\t\t\t\tI. Kanto gatv\u0117 Kaune\n\t\t\t\t<\/dd><\/dl><br style=\"clear: both\" \/><dl class='gallery-item'>\n\t\t\t<dt class='gallery-icon landscape'>\n\t\t\t\t<img width=\"1220\" height=\"775\" src=\"https:\/\/ltim.lt\/wp-content\/uploads\/2022\/01\/Screenshot_4-3.png\" class=\"attachment-full size-full\" alt=\"\" loading=\"lazy\" aria-describedby=\"gallery-1-1938\" srcset=\"https:\/\/ltim.lt\/wp-content\/uploads\/2022\/01\/Screenshot_4-3.png 1220w, https:\/\/ltim.lt\/wp-content\/uploads\/2022\/01\/Screenshot_4-3-300x191.png 300w, https:\/\/ltim.lt\/wp-content\/uploads\/2022\/01\/Screenshot_4-3-1024x650.png 1024w, https:\/\/ltim.lt\/wp-content\/uploads\/2022\/01\/Screenshot_4-3-768x488.png 768w\" sizes=\"(max-width: 1220px) 100vw, 1220px\" \/>\n\t\t\t<\/dt>\n\t\t\t\t<dd class='wp-caption-text gallery-caption' id='gallery-1-1938'>\n\t\t\t\tI. Kanto gatv\u0117 Kaune\n\t\t\t\t<\/dd><\/dl><br style=\"clear: both\" \/><dl class='gallery-item'>\n\t\t\t<dt class='gallery-icon landscape'>\n\t\t\t\t<img width=\"1241\" height=\"777\" src=\"https:\/\/ltim.lt\/wp-content\/uploads\/2022\/01\/Screenshot_3-3.png\" class=\"attachment-full size-full\" alt=\"\" loading=\"lazy\" aria-describedby=\"gallery-1-1937\" srcset=\"https:\/\/ltim.lt\/wp-content\/uploads\/2022\/01\/Screenshot_3-3.png 1241w, https:\/\/ltim.lt\/wp-content\/uploads\/2022\/01\/Screenshot_3-3-300x188.png 300w, https:\/\/ltim.lt\/wp-content\/uploads\/2022\/01\/Screenshot_3-3-1024x641.png 1024w, https:\/\/ltim.lt\/wp-content\/uploads\/2022\/01\/Screenshot_3-3-768x481.png 768w\" sizes=\"(max-width: 1241px) 100vw, 1241px\" \/>\n\t\t\t<\/dt>\n\t\t\t\t<dd class='wp-caption-text gallery-caption' id='gallery-1-1937'>\n\t\t\t\tD. Po\u0161kos gatv\u0117 Kaune &#8211; kadaise ji buvo Ma\u017eoji totori\u0173 gatv\u0117\n\t\t\t\t<\/dd><\/dl><br style=\"clear: both\" \/><dl class='gallery-item'>\n\t\t\t<dt class='gallery-icon landscape'>\n\t\t\t\t<img width=\"1231\" height=\"812\" src=\"https:\/\/ltim.lt\/wp-content\/uploads\/2022\/01\/Screenshot_2-3.png\" class=\"attachment-full size-full\" alt=\"\" loading=\"lazy\" aria-describedby=\"gallery-1-1936\" srcset=\"https:\/\/ltim.lt\/wp-content\/uploads\/2022\/01\/Screenshot_2-3.png 1231w, https:\/\/ltim.lt\/wp-content\/uploads\/2022\/01\/Screenshot_2-3-300x198.png 300w, https:\/\/ltim.lt\/wp-content\/uploads\/2022\/01\/Screenshot_2-3-1024x675.png 1024w, https:\/\/ltim.lt\/wp-content\/uploads\/2022\/01\/Screenshot_2-3-768x507.png 768w\" sizes=\"(max-width: 1231px) 100vw, 1231px\" \/>\n\t\t\t<\/dt>\n\t\t\t\t<dd class='wp-caption-text gallery-caption' id='gallery-1-1936'>\n\t\t\t\tI. Kanto gatv\u0117 Kaune anks\u010diau buvo totori\u0173 kvartalo dalis ir vadinta Did\u017ei\u0105ja totori\u0173 gatve\n\t\t\t\t<\/dd><\/dl><br style=\"clear: both\" \/><dl class='gallery-item'>\n\t\t\t<dt class='gallery-icon landscape'>\n\t\t\t\t<img width=\"1229\" height=\"821\" src=\"https:\/\/ltim.lt\/wp-content\/uploads\/2022\/01\/Screenshot_1-2.png\" class=\"attachment-full size-full\" alt=\"\" loading=\"lazy\" aria-describedby=\"gallery-1-1935\" srcset=\"https:\/\/ltim.lt\/wp-content\/uploads\/2022\/01\/Screenshot_1-2.png 1229w, https:\/\/ltim.lt\/wp-content\/uploads\/2022\/01\/Screenshot_1-2-300x200.png 300w, https:\/\/ltim.lt\/wp-content\/uploads\/2022\/01\/Screenshot_1-2-1024x684.png 1024w, https:\/\/ltim.lt\/wp-content\/uploads\/2022\/01\/Screenshot_1-2-768x513.png 768w\" sizes=\"(max-width: 1229px) 100vw, 1229px\" \/>\n\t\t\t<\/dt>\n\t\t\t\t<dd class='wp-caption-text gallery-caption' id='gallery-1-1935'>\n\t\t\t\tAtminimo lenta, \u017eyminti buvusio Kauno totori\u0173 priemies\u010dio vartus\n\t\t\t\t<\/dd><\/dl><br style=\"clear: both\" \/>\n\t\t<\/div>\n\t\t<\/div>\n\t\t\t\t<\/div>\n\t\t\t\t\t\t<\/div>\n\t\t\t\t\t<\/div>\n\t\t<\/div>\n\t\t\t\t\t\t\t\t<\/div>\n\t\t\t\t\t<\/div>\n\t\t<\/section>\n\t\t\t\t<section class=\"elementor-section elementor-top-section elementor-element elementor-element-e45b41d elementor-section-boxed elementor-section-height-default elementor-section-height-default\" data-id=\"e45b41d\" data-element_type=\"section\">\n\t\t\t\t\t\t<div class=\"elementor-container elementor-column-gap-default\">\n\t\t\t\t\t\t\t<div class=\"elementor-row\">\n\t\t\t\t\t<div class=\"elementor-column elementor-col-100 elementor-top-column elementor-element elementor-element-cd9fb7e\" data-id=\"cd9fb7e\" data-element_type=\"column\">\n\t\t\t<div class=\"elementor-column-wrap elementor-element-populated\">\n\t\t\t\t\t\t\t<div class=\"elementor-widget-wrap\">\n\t\t\t\t\t\t<div class=\"elementor-element elementor-element-1a4f343 elementor-widget elementor-widget-text-editor\" data-id=\"1a4f343\" data-element_type=\"widget\" data-widget_type=\"text-editor.default\">\n\t\t\t\t<div class=\"elementor-widget-container\">\n\t\t\t\t\t<div class=\"elementor-text-editor elementor-clearfix\"><p><span style=\"color: #333399;\">\u0160altinis<\/span>:\u00a0<a href=\"https:\/\/www.15min.lt\/galerija\/kauno-totoriu-istorija-tyrinejantis-ir-saugantis-k-z-safranavicius-savo-galerijoje-228850#galerija\/228850\/6130838\" target=\"_blank\" rel=\"noopener\">https:\/\/www.15min.lt\/galerija\/kauno-totoriu-istorija-tyrinejantis-ir-saugantis-k-z-safranavicius-savo-galerijoje-228850#galerija\/228850\/6130838<\/a><\/p><\/div>\n\t\t\t\t<\/div>\n\t\t\t\t<\/div>\n\t\t\t\t\t\t<\/div>\n\t\t\t\t\t<\/div>\n\t\t<\/div>\n\t\t\t\t\t\t\t\t<\/div>\n\t\t\t\t\t<\/div>\n\t\t<\/section>\n\t\t\t\t\t\t<\/div>\n\t\t\t\t\t\t<\/div>\n\t\t\t\t\t<\/div>\n\t\t","protected":false},"excerpt":{"rendered":"<p>\u0160altinis:\u00a0https:\/\/www.15min.lt\/galerija\/kauno-totoriu-istorija-tyrinejantis-ir-saugantis-k-z-safranavicius-savo-galerijoje-228850#galerija\/228850\/6130838<\/p>\n","protected":false},"author":1,"featured_media":1949,"parent":1791,"menu_order":0,"comment_status":"closed","ping_status":"closed","template":"","meta":[],"_links":{"self":[{"href":"https:\/\/ltim.lt\/en\/wp-json\/wp\/v2\/pages\/1934"}],"collection":[{"href":"https:\/\/ltim.lt\/en\/wp-json\/wp\/v2\/pages"}],"about":[{"href":"https:\/\/ltim.lt\/en\/wp-json\/wp\/v2\/types\/page"}],"author":[{"embeddable":true,"href":"https:\/\/ltim.lt\/en\/wp-json\/wp\/v2\/users\/1"}],"replies":[{"embeddable":true,"href":"https:\/\/ltim.lt\/en\/wp-json\/wp\/v2\/comments?post=1934"}],"version-history":[{"count":25,"href":"https:\/\/ltim.lt\/en\/wp-json\/wp\/v2\/pages\/1934\/revisions"}],"predecessor-version":[{"id":2026,"href":"https:\/\/ltim.lt\/en\/wp-json\/wp\/v2\/pages\/1934\/revisions\/2026"}],"up":[{"embeddable":true,"href":"https:\/\/ltim.lt\/en\/wp-json\/wp\/v2\/pages\/1791"}],"wp:featuredmedia":[{"embeddable":true,"href":"https:\/\/ltim.lt\/en\/wp-json\/wp\/v2\/media\/1949"}],"wp:attachment":[{"href":"https:\/\/ltim.lt\/en\/wp-json\/wp\/v2\/media?parent=1934"}],"curies":[{"name":"wp","href":"https:\/\/api.w.org\/{rel}","templated":true}]}}