{"id":1907,"date":"2022-01-13T22:49:13","date_gmt":"2022-01-14T00:49:13","guid":{"rendered":"http:\/\/ltim.lt\/?page_id=1907"},"modified":"2022-01-14T00:27:30","modified_gmt":"2022-01-14T02:27:30","slug":"elementor-1907","status":"publish","type":"page","link":"https:\/\/ltim.lt\/en\/galerija\/straipsniu-ciklas-portale-15min\/elementor-1907\/","title":{"rendered":"Kauno totori\u0173 istorij\u0105 tyrin\u0117jantis ir saugantis K.Z.\u0160afranavi\u010dius savo galerijoje"},"content":{"rendered":"\t\t<div data-elementor-type=\"wp-page\" data-elementor-id=\"1907\" class=\"elementor elementor-1907\" data-elementor-settings=\"[]\">\n\t\t\t\t\t\t<div class=\"elementor-inner\">\n\t\t\t\t\t\t\t<div class=\"elementor-section-wrap\">\n\t\t\t\t\t\t\t<section class=\"elementor-section elementor-top-section elementor-element elementor-element-cb47dbb elementor-section-boxed elementor-section-height-default elementor-section-height-default\" data-id=\"cb47dbb\" data-element_type=\"section\">\n\t\t\t\t\t\t<div class=\"elementor-container elementor-column-gap-default\">\n\t\t\t\t\t\t\t<div class=\"elementor-row\">\n\t\t\t\t\t<div class=\"elementor-column elementor-col-100 elementor-top-column elementor-element elementor-element-4072a3a\" data-id=\"4072a3a\" data-element_type=\"column\">\n\t\t\t<div class=\"elementor-column-wrap elementor-element-populated\">\n\t\t\t\t\t\t\t<div class=\"elementor-widget-wrap\">\n\t\t\t\t\t\t<div class=\"elementor-element elementor-element-bca6f66 elementor-arrows-position-inside elementor-pagination-position-outside elementor-widget elementor-widget-image-carousel\" data-id=\"bca6f66\" data-element_type=\"widget\" data-settings=\"{&quot;navigation&quot;:&quot;both&quot;,&quot;autoplay&quot;:&quot;yes&quot;,&quot;pause_on_hover&quot;:&quot;yes&quot;,&quot;pause_on_interaction&quot;:&quot;yes&quot;,&quot;autoplay_speed&quot;:5000,&quot;infinite&quot;:&quot;yes&quot;,&quot;speed&quot;:500}\" data-widget_type=\"image-carousel.default\">\n\t\t\t\t<div class=\"elementor-widget-container\">\n\t\t\t\t\t<div class=\"elementor-image-carousel-wrapper swiper-container\" dir=\"ltr\">\n\t\t\t<div class=\"elementor-image-carousel swiper-wrapper\">\n\t\t\t\t<div class=\"swiper-slide\"><a data-elementor-open-lightbox=\"yes\" data-elementor-lightbox-slideshow=\"bca6f66\" data-elementor-lightbox-title=\"Vytautas Didysis totoriams ypa\u010d svarbus: daugelio totori\u0173 namuose iki \u0161iol yra jo atvaizd\u0173\" href=\"https:\/\/ltim.lt\/wp-content\/uploads\/2022\/01\/Screenshot_1-1.png\"><figure class=\"swiper-slide-inner\"><img class=\"swiper-slide-image\" src=\"https:\/\/ltim.lt\/wp-content\/uploads\/2022\/01\/Screenshot_1-1-150x150.png\" alt=\"Vytautas Didysis totoriams ypa\u010d svarbus: daugelio totori\u0173 namuose iki \u0161iol yra jo atvaizd\u0173\" \/><\/figure><\/a><\/div><div class=\"swiper-slide\"><a data-elementor-open-lightbox=\"yes\" data-elementor-lightbox-slideshow=\"bca6f66\" data-elementor-lightbox-title=\"K. Z. \u0160afranavi\u010dius rodo istorin\u0119 nuotrauk\u0105 - taip atrod\u0117 Did\u017eioji totori\u0173 gatv\u0117 1918-1921 m.\" href=\"https:\/\/ltim.lt\/wp-content\/uploads\/2022\/01\/Screenshot_2-2.png\"><figure class=\"swiper-slide-inner\"><img class=\"swiper-slide-image\" src=\"https:\/\/ltim.lt\/wp-content\/uploads\/2022\/01\/Screenshot_2-2-150x150.png\" alt=\"K. Z. \u0160afranavi\u010dius rodo istorin\u0119 nuotrauk\u0105 - taip atrod\u0117 Did\u017eioji totori\u0173 gatv\u0117 1918-1921 m.\" \/><\/figure><\/a><\/div><div class=\"swiper-slide\"><a data-elementor-open-lightbox=\"yes\" data-elementor-lightbox-slideshow=\"bca6f66\" data-elementor-lightbox-title=\"Lietuvos totori\u0173 istorij\u0105 nagrin\u0117jan\u010dios literat\u016bros atsiranda vis daugiau\" href=\"https:\/\/ltim.lt\/wp-content\/uploads\/2022\/01\/Screenshot_3-2.png\"><figure class=\"swiper-slide-inner\"><img class=\"swiper-slide-image\" src=\"https:\/\/ltim.lt\/wp-content\/uploads\/2022\/01\/Screenshot_3-2-150x150.png\" alt=\"Lietuvos totori\u0173 istorij\u0105 nagrin\u0117jan\u010dios literat\u016bros atsiranda vis daugiau\" \/><\/figure><\/a><\/div><div class=\"swiper-slide\"><a data-elementor-open-lightbox=\"yes\" data-elementor-lightbox-slideshow=\"bca6f66\" data-elementor-lightbox-title=\"Leidiniai apie totorius\" href=\"https:\/\/ltim.lt\/wp-content\/uploads\/2022\/01\/Screenshot_4-2.png\"><figure class=\"swiper-slide-inner\"><img class=\"swiper-slide-image\" src=\"https:\/\/ltim.lt\/wp-content\/uploads\/2022\/01\/Screenshot_4-2-150x150.png\" alt=\"Leidiniai apie totorius\" \/><\/figure><\/a><\/div><div class=\"swiper-slide\"><a data-elementor-open-lightbox=\"yes\" data-elementor-lightbox-slideshow=\"bca6f66\" data-elementor-lightbox-title=\"Geneloginis medis\" href=\"https:\/\/ltim.lt\/wp-content\/uploads\/2022\/01\/Screenshot_5-2.png\"><figure class=\"swiper-slide-inner\"><img class=\"swiper-slide-image\" src=\"https:\/\/ltim.lt\/wp-content\/uploads\/2022\/01\/Screenshot_5-2-150x150.png\" alt=\"Geneloginis medis\" \/><\/figure><\/a><\/div><div class=\"swiper-slide\"><a data-elementor-open-lightbox=\"yes\" data-elementor-lightbox-slideshow=\"bca6f66\" data-elementor-lightbox-title=\"Kauno apskrities totori\u0173 bendruomen\u0117s vadovas K. Z. \u0160afranavi\u010dius\" href=\"https:\/\/ltim.lt\/wp-content\/uploads\/2022\/01\/Screenshot_6-2.png\"><figure class=\"swiper-slide-inner\"><img class=\"swiper-slide-image\" src=\"https:\/\/ltim.lt\/wp-content\/uploads\/2022\/01\/Screenshot_6-2-150x150.png\" alt=\"Kauno apskrities totori\u0173 bendruomen\u0117s vadovas K. Z. \u0160afranavi\u010dius\" \/><\/figure><\/a><\/div><div class=\"swiper-slide\"><a data-elementor-open-lightbox=\"yes\" data-elementor-lightbox-slideshow=\"bca6f66\" data-elementor-lightbox-title=\"Pernai i\u0161leista naujausia knyga, pasakojanti apie Lietuvos totorius\" href=\"https:\/\/ltim.lt\/wp-content\/uploads\/2022\/01\/Screenshot_7-2.png\"><figure class=\"swiper-slide-inner\"><img class=\"swiper-slide-image\" src=\"https:\/\/ltim.lt\/wp-content\/uploads\/2022\/01\/Screenshot_7-2-150x150.png\" alt=\"Pernai i\u0161leista naujausia knyga, pasakojanti apie Lietuvos totorius\" \/><\/figure><\/a><\/div><div class=\"swiper-slide\"><a data-elementor-open-lightbox=\"yes\" data-elementor-lightbox-slideshow=\"bca6f66\" data-elementor-lightbox-title=\"Pernai i\u0161leista naujausia knyga, pasakojanti apie Lietuvos totorius\" href=\"https:\/\/ltim.lt\/wp-content\/uploads\/2022\/01\/Screenshot_8-2.png\"><figure class=\"swiper-slide-inner\"><img class=\"swiper-slide-image\" src=\"https:\/\/ltim.lt\/wp-content\/uploads\/2022\/01\/Screenshot_8-2-150x150.png\" alt=\"Pernai i\u0161leista naujausia knyga, pasakojanti apie Lietuvos totorius\" \/><\/figure><\/a><\/div><div class=\"swiper-slide\"><a data-elementor-open-lightbox=\"yes\" data-elementor-lightbox-slideshow=\"bca6f66\" data-elementor-lightbox-title=\"Kauno miest\u0105 juosusios sienos vart\u0173 bok\u0161tas - manoma, kad \u010dia buvo Totori\u0173 vartai\" href=\"https:\/\/ltim.lt\/wp-content\/uploads\/2022\/01\/Screenshot_9-2.png\"><figure class=\"swiper-slide-inner\"><img class=\"swiper-slide-image\" src=\"https:\/\/ltim.lt\/wp-content\/uploads\/2022\/01\/Screenshot_9-2-150x150.png\" alt=\"Kauno miest\u0105 juosusios sienos vart\u0173 bok\u0161tas - manoma, kad \u010dia buvo Totori\u0173 vartai\" \/><\/figure><\/a><\/div><div class=\"swiper-slide\"><a data-elementor-open-lightbox=\"yes\" data-elementor-lightbox-slideshow=\"bca6f66\" data-elementor-lightbox-title=\"\u201eGK galerijoje\u201c pama\u017eu kuriasi Lietuvos totori\u0173 istorijos muziejus\" href=\"https:\/\/ltim.lt\/wp-content\/uploads\/2022\/01\/Screenshot_10-2.png\"><figure class=\"swiper-slide-inner\"><img class=\"swiper-slide-image\" src=\"https:\/\/ltim.lt\/wp-content\/uploads\/2022\/01\/Screenshot_10-2-150x150.png\" alt=\"\u201eGK galerijoje\u201c pama\u017eu kuriasi Lietuvos totori\u0173 istorijos muziejus\" \/><\/figure><\/a><\/div><div class=\"swiper-slide\"><a data-elementor-open-lightbox=\"yes\" data-elementor-lightbox-slideshow=\"bca6f66\" data-elementor-lightbox-title=\"Lietuvos totori\u0173 istorij\u0105 primenantis eksponatas\" href=\"https:\/\/ltim.lt\/wp-content\/uploads\/2022\/01\/Screenshot_11-2.png\"><figure class=\"swiper-slide-inner\"><img class=\"swiper-slide-image\" src=\"https:\/\/ltim.lt\/wp-content\/uploads\/2022\/01\/Screenshot_11-2-150x150.png\" alt=\"Lietuvos totori\u0173 istorij\u0105 primenantis eksponatas\" \/><\/figure><\/a><\/div><div class=\"swiper-slide\"><a data-elementor-open-lightbox=\"yes\" data-elementor-lightbox-slideshow=\"bca6f66\" data-elementor-lightbox-title=\"Literat\u016bra apie totorius, islam\u0105, orientalistik\u0105\" href=\"https:\/\/ltim.lt\/wp-content\/uploads\/2022\/01\/Screenshot_12-2.png\"><figure class=\"swiper-slide-inner\"><img class=\"swiper-slide-image\" src=\"https:\/\/ltim.lt\/wp-content\/uploads\/2022\/01\/Screenshot_12-2-150x150.png\" alt=\"Literat\u016bra apie totorius, islam\u0105, orientalistik\u0105\" \/><\/figure><\/a><\/div>\t\t\t<\/div>\n\t\t\t\t\t\t\t\t\t\t\t\t<div class=\"swiper-pagination\"><\/div>\n\t\t\t\t\t\t\t\t\t\t\t\t\t<div class=\"elementor-swiper-button elementor-swiper-button-prev\">\n\t\t\t\t\t\t<i class=\"eicon-chevron-left\" aria-hidden=\"true\"><\/i>\n\t\t\t\t\t\t<span class=\"elementor-screen-only\">Previous<\/span>\n\t\t\t\t\t<\/div>\n\t\t\t\t\t<div class=\"elementor-swiper-button elementor-swiper-button-next\">\n\t\t\t\t\t\t<i class=\"eicon-chevron-right\" aria-hidden=\"true\"><\/i>\n\t\t\t\t\t\t<span class=\"elementor-screen-only\">Next<\/span>\n\t\t\t\t\t<\/div>\n\t\t\t\t\t\t\t\t\t<\/div>\n\t\t\t\t<\/div>\n\t\t\t\t<\/div>\n\t\t\t\t\t\t<\/div>\n\t\t\t\t\t<\/div>\n\t\t<\/div>\n\t\t\t\t\t\t\t\t<\/div>\n\t\t\t\t\t<\/div>\n\t\t<\/section>\n\t\t\t\t<section class=\"elementor-section elementor-top-section elementor-element elementor-element-d99e2dd elementor-section-boxed elementor-section-height-default elementor-section-height-default\" data-id=\"d99e2dd\" data-element_type=\"section\">\n\t\t\t\t\t\t<div class=\"elementor-container elementor-column-gap-default\">\n\t\t\t\t\t\t\t<div class=\"elementor-row\">\n\t\t\t\t\t<div class=\"elementor-column elementor-col-100 elementor-top-column elementor-element elementor-element-36a412d\" data-id=\"36a412d\" data-element_type=\"column\">\n\t\t\t<div class=\"elementor-column-wrap elementor-element-populated\">\n\t\t\t\t\t\t\t<div class=\"elementor-widget-wrap\">\n\t\t\t\t\t\t<div class=\"elementor-element elementor-element-2119439 elementor-widget elementor-widget-text-editor\" data-id=\"2119439\" data-element_type=\"widget\" data-widget_type=\"text-editor.default\">\n\t\t\t\t<div class=\"elementor-widget-container\">\n\t\t\t\t\t<div class=\"elementor-text-editor elementor-clearfix\"><p>Aliaus Koroliovo nuotraukos.<\/p><p>\u0160altinis: <a href=\"https:\/\/www.15min.lt\/galerija\/kauno-totoriu-istorija-tyrinejantis-ir-saugantis-k-z-safranavicius-savo-galerijoje-228850#galerija\/228850\/6130838\" target=\"_blank\" rel=\"noopener\">https:\/\/www.15min.lt\/galerija\/kauno-totoriu-istorija-tyrinejantis-ir-saugantis-k-z-safranavicius-savo-galerijoje-228850#galerija\/228850\/6130838<\/a><\/p><\/div>\n\t\t\t\t<\/div>\n\t\t\t\t<\/div>\n\t\t\t\t\t\t<\/div>\n\t\t\t\t\t<\/div>\n\t\t<\/div>\n\t\t\t\t\t\t\t\t<\/div>\n\t\t\t\t\t<\/div>\n\t\t<\/section>\n\t\t\t\t\t\t<\/div>\n\t\t\t\t\t\t<\/div>\n\t\t\t\t\t<\/div>\n\t\t","protected":false},"excerpt":{"rendered":"<p>Previous Next Aliaus Koroliovo nuotraukos. \u0160altinis: https:\/\/www.15min.lt\/galerija\/kauno-totoriu-istorija-tyrinejantis-ir-saugantis-k-z-safranavicius-savo-galerijoje-228850#galerija\/228850\/6130838<\/p>\n","protected":false},"author":1,"featured_media":1909,"parent":1791,"menu_order":0,"comment_status":"closed","ping_status":"closed","template":"","meta":[],"_links":{"self":[{"href":"https:\/\/ltim.lt\/en\/wp-json\/wp\/v2\/pages\/1907"}],"collection":[{"href":"https:\/\/ltim.lt\/en\/wp-json\/wp\/v2\/pages"}],"about":[{"href":"https:\/\/ltim.lt\/en\/wp-json\/wp\/v2\/types\/page"}],"author":[{"embeddable":true,"href":"https:\/\/ltim.lt\/en\/wp-json\/wp\/v2\/users\/1"}],"replies":[{"embeddable":true,"href":"https:\/\/ltim.lt\/en\/wp-json\/wp\/v2\/comments?post=1907"}],"version-history":[{"count":27,"href":"https:\/\/ltim.lt\/en\/wp-json\/wp\/v2\/pages\/1907\/revisions"}],"predecessor-version":[{"id":2041,"href":"https:\/\/ltim.lt\/en\/wp-json\/wp\/v2\/pages\/1907\/revisions\/2041"}],"up":[{"embeddable":true,"href":"https:\/\/ltim.lt\/en\/wp-json\/wp\/v2\/pages\/1791"}],"wp:featuredmedia":[{"embeddable":true,"href":"https:\/\/ltim.lt\/en\/wp-json\/wp\/v2\/media\/1909"}],"wp:attachment":[{"href":"https:\/\/ltim.lt\/en\/wp-json\/wp\/v2\/media?parent=1907"}],"curies":[{"name":"wp","href":"https:\/\/api.w.org\/{rel}","templated":true}]}}