{"id":1889,"date":"2022-01-13T22:42:20","date_gmt":"2022-01-14T00:42:20","guid":{"rendered":"http:\/\/ltim.lt\/?page_id=1889"},"modified":"2022-01-14T01:54:46","modified_gmt":"2022-01-14T03:54:46","slug":"senosios-lietuvos-totoriu-kapines-beliavscizna","status":"publish","type":"page","link":"https:\/\/ltim.lt\/en\/galerija\/straipsniu-ciklas-portale-15min\/senosios-lietuvos-totoriu-kapines-beliavscizna\/","title":{"rendered":"Senosios Lietuvos totori\u0173 kapin\u0117s Beliav\u0161\u010dizna"},"content":{"rendered":"\n\n\n<figure class=\"wp-block-gallery columns-1 is-cropped\"><ul class=\"blocks-gallery-grid\"><li class=\"blocks-gallery-item\"><figure><img loading=\"lazy\" width=\"1024\" height=\"662\" src=\"http:\/\/ltim.lt\/wp-content\/uploads\/2022\/01\/Screenshot_1-1024x662.png\" alt=\"\" data-id=\"1890\" data-full-url=\"http:\/\/ltim.lt\/wp-content\/uploads\/2022\/01\/Screenshot_1.png\" data-link=\"http:\/\/ltim.lt\/?attachment_id=1890\" class=\"wp-image-1890\" srcset=\"https:\/\/ltim.lt\/wp-content\/uploads\/2022\/01\/Screenshot_1-1024x662.png 1024w, https:\/\/ltim.lt\/wp-content\/uploads\/2022\/01\/Screenshot_1-300x194.png 300w, https:\/\/ltim.lt\/wp-content\/uploads\/2022\/01\/Screenshot_1-768x496.png 768w, https:\/\/ltim.lt\/wp-content\/uploads\/2022\/01\/Screenshot_1.png 1210w\" sizes=\"(max-width: 1024px) 100vw, 1024px\" \/><\/figure><\/li><li class=\"blocks-gallery-item\"><figure><img loading=\"lazy\" width=\"1024\" height=\"645\" src=\"http:\/\/ltim.lt\/wp-content\/uploads\/2022\/01\/Screenshot_2-1-1024x645.png\" alt=\"\" data-id=\"1891\" data-full-url=\"http:\/\/ltim.lt\/wp-content\/uploads\/2022\/01\/Screenshot_2-1.png\" data-link=\"http:\/\/ltim.lt\/?attachment_id=1891\" class=\"wp-image-1891\" srcset=\"https:\/\/ltim.lt\/wp-content\/uploads\/2022\/01\/Screenshot_2-1-1024x645.png 1024w, https:\/\/ltim.lt\/wp-content\/uploads\/2022\/01\/Screenshot_2-1-300x189.png 300w, https:\/\/ltim.lt\/wp-content\/uploads\/2022\/01\/Screenshot_2-1-768x484.png 768w, https:\/\/ltim.lt\/wp-content\/uploads\/2022\/01\/Screenshot_2-1.png 1223w\" sizes=\"(max-width: 1024px) 100vw, 1024px\" \/><\/figure><\/li><li class=\"blocks-gallery-item\"><figure><img loading=\"lazy\" width=\"1024\" height=\"636\" src=\"http:\/\/ltim.lt\/wp-content\/uploads\/2022\/01\/Screenshot_3-1-1024x636.png\" alt=\"\" data-id=\"1892\" data-full-url=\"http:\/\/ltim.lt\/wp-content\/uploads\/2022\/01\/Screenshot_3-1.png\" data-link=\"http:\/\/ltim.lt\/?attachment_id=1892\" class=\"wp-image-1892\" srcset=\"https:\/\/ltim.lt\/wp-content\/uploads\/2022\/01\/Screenshot_3-1-1024x636.png 1024w, https:\/\/ltim.lt\/wp-content\/uploads\/2022\/01\/Screenshot_3-1-300x186.png 300w, https:\/\/ltim.lt\/wp-content\/uploads\/2022\/01\/Screenshot_3-1-768x477.png 768w, https:\/\/ltim.lt\/wp-content\/uploads\/2022\/01\/Screenshot_3-1.png 1203w\" sizes=\"(max-width: 1024px) 100vw, 1024px\" \/><\/figure><\/li><li class=\"blocks-gallery-item\"><figure><img loading=\"lazy\" width=\"1024\" height=\"631\" src=\"http:\/\/ltim.lt\/wp-content\/uploads\/2022\/01\/Screenshot_4-1-1024x631.png\" alt=\"\" data-id=\"1893\" data-full-url=\"http:\/\/ltim.lt\/wp-content\/uploads\/2022\/01\/Screenshot_4-1.png\" data-link=\"http:\/\/ltim.lt\/?attachment_id=1893\" class=\"wp-image-1893\" srcset=\"https:\/\/ltim.lt\/wp-content\/uploads\/2022\/01\/Screenshot_4-1-1024x631.png 1024w, https:\/\/ltim.lt\/wp-content\/uploads\/2022\/01\/Screenshot_4-1-300x185.png 300w, https:\/\/ltim.lt\/wp-content\/uploads\/2022\/01\/Screenshot_4-1-768x473.png 768w, https:\/\/ltim.lt\/wp-content\/uploads\/2022\/01\/Screenshot_4-1.png 1233w\" sizes=\"(max-width: 1024px) 100vw, 1024px\" \/><\/figure><\/li><li class=\"blocks-gallery-item\"><figure><img loading=\"lazy\" width=\"1024\" height=\"640\" src=\"http:\/\/ltim.lt\/wp-content\/uploads\/2022\/01\/Screenshot_5-1-1024x640.png\" alt=\"\" data-id=\"1894\" data-full-url=\"http:\/\/ltim.lt\/wp-content\/uploads\/2022\/01\/Screenshot_5-1.png\" data-link=\"http:\/\/ltim.lt\/?attachment_id=1894\" class=\"wp-image-1894\" srcset=\"https:\/\/ltim.lt\/wp-content\/uploads\/2022\/01\/Screenshot_5-1-1024x640.png 1024w, https:\/\/ltim.lt\/wp-content\/uploads\/2022\/01\/Screenshot_5-1-300x187.png 300w, https:\/\/ltim.lt\/wp-content\/uploads\/2022\/01\/Screenshot_5-1-768x480.png 768w, https:\/\/ltim.lt\/wp-content\/uploads\/2022\/01\/Screenshot_5-1.png 1204w\" sizes=\"(max-width: 1024px) 100vw, 1024px\" \/><\/figure><\/li><li class=\"blocks-gallery-item\"><figure><img loading=\"lazy\" width=\"1024\" height=\"617\" src=\"http:\/\/ltim.lt\/wp-content\/uploads\/2022\/01\/Screenshot_6-1-1024x617.png\" alt=\"\" data-id=\"1895\" data-full-url=\"http:\/\/ltim.lt\/wp-content\/uploads\/2022\/01\/Screenshot_6-1.png\" data-link=\"http:\/\/ltim.lt\/?attachment_id=1895\" class=\"wp-image-1895\" srcset=\"https:\/\/ltim.lt\/wp-content\/uploads\/2022\/01\/Screenshot_6-1-1024x617.png 1024w, https:\/\/ltim.lt\/wp-content\/uploads\/2022\/01\/Screenshot_6-1-300x181.png 300w, https:\/\/ltim.lt\/wp-content\/uploads\/2022\/01\/Screenshot_6-1-768x463.png 768w, https:\/\/ltim.lt\/wp-content\/uploads\/2022\/01\/Screenshot_6-1.png 1221w\" sizes=\"(max-width: 1024px) 100vw, 1024px\" \/><\/figure><\/li><li class=\"blocks-gallery-item\"><figure><img loading=\"lazy\" width=\"1024\" height=\"637\" src=\"http:\/\/ltim.lt\/wp-content\/uploads\/2022\/01\/Screenshot_7-1-1024x637.png\" alt=\"\" data-id=\"1896\" data-full-url=\"http:\/\/ltim.lt\/wp-content\/uploads\/2022\/01\/Screenshot_7-1.png\" data-link=\"http:\/\/ltim.lt\/?attachment_id=1896\" class=\"wp-image-1896\" srcset=\"https:\/\/ltim.lt\/wp-content\/uploads\/2022\/01\/Screenshot_7-1-1024x637.png 1024w, https:\/\/ltim.lt\/wp-content\/uploads\/2022\/01\/Screenshot_7-1-300x187.png 300w, https:\/\/ltim.lt\/wp-content\/uploads\/2022\/01\/Screenshot_7-1-768x478.png 768w, https:\/\/ltim.lt\/wp-content\/uploads\/2022\/01\/Screenshot_7-1.png 1233w\" sizes=\"(max-width: 1024px) 100vw, 1024px\" \/><\/figure><\/li><li class=\"blocks-gallery-item\"><figure><img loading=\"lazy\" width=\"1024\" height=\"638\" src=\"http:\/\/ltim.lt\/wp-content\/uploads\/2022\/01\/Screenshot_8-1-1024x638.png\" alt=\"\" data-id=\"1897\" data-full-url=\"http:\/\/ltim.lt\/wp-content\/uploads\/2022\/01\/Screenshot_8-1.png\" data-link=\"http:\/\/ltim.lt\/?attachment_id=1897\" class=\"wp-image-1897\" srcset=\"https:\/\/ltim.lt\/wp-content\/uploads\/2022\/01\/Screenshot_8-1-1024x638.png 1024w, https:\/\/ltim.lt\/wp-content\/uploads\/2022\/01\/Screenshot_8-1-300x187.png 300w, https:\/\/ltim.lt\/wp-content\/uploads\/2022\/01\/Screenshot_8-1-768x479.png 768w, https:\/\/ltim.lt\/wp-content\/uploads\/2022\/01\/Screenshot_8-1.png 1226w\" sizes=\"(max-width: 1024px) 100vw, 1024px\" \/><\/figure><\/li><li class=\"blocks-gallery-item\"><figure><img loading=\"lazy\" width=\"1024\" height=\"645\" src=\"http:\/\/ltim.lt\/wp-content\/uploads\/2022\/01\/Screenshot_9-1-1024x645.png\" alt=\"\" data-id=\"1898\" data-full-url=\"http:\/\/ltim.lt\/wp-content\/uploads\/2022\/01\/Screenshot_9-1.png\" data-link=\"http:\/\/ltim.lt\/?attachment_id=1898\" class=\"wp-image-1898\" srcset=\"https:\/\/ltim.lt\/wp-content\/uploads\/2022\/01\/Screenshot_9-1-1024x645.png 1024w, https:\/\/ltim.lt\/wp-content\/uploads\/2022\/01\/Screenshot_9-1-300x189.png 300w, https:\/\/ltim.lt\/wp-content\/uploads\/2022\/01\/Screenshot_9-1-768x484.png 768w, https:\/\/ltim.lt\/wp-content\/uploads\/2022\/01\/Screenshot_9-1.png 1215w\" sizes=\"(max-width: 1024px) 100vw, 1024px\" \/><\/figure><\/li><li class=\"blocks-gallery-item\"><figure><img loading=\"lazy\" width=\"1024\" height=\"647\" src=\"http:\/\/ltim.lt\/wp-content\/uploads\/2022\/01\/Screenshot_10-1-1024x647.png\" alt=\"\" data-id=\"1899\" data-full-url=\"http:\/\/ltim.lt\/wp-content\/uploads\/2022\/01\/Screenshot_10-1.png\" data-link=\"http:\/\/ltim.lt\/?attachment_id=1899\" class=\"wp-image-1899\" srcset=\"https:\/\/ltim.lt\/wp-content\/uploads\/2022\/01\/Screenshot_10-1-1024x647.png 1024w, https:\/\/ltim.lt\/wp-content\/uploads\/2022\/01\/Screenshot_10-1-300x189.png 300w, https:\/\/ltim.lt\/wp-content\/uploads\/2022\/01\/Screenshot_10-1-768x485.png 768w, https:\/\/ltim.lt\/wp-content\/uploads\/2022\/01\/Screenshot_10-1.png 1210w\" sizes=\"(max-width: 1024px) 100vw, 1024px\" \/><\/figure><\/li><li class=\"blocks-gallery-item\"><figure><img loading=\"lazy\" width=\"1024\" height=\"641\" src=\"http:\/\/ltim.lt\/wp-content\/uploads\/2022\/01\/Screenshot_11-1-1024x641.png\" alt=\"\" data-id=\"1900\" data-full-url=\"http:\/\/ltim.lt\/wp-content\/uploads\/2022\/01\/Screenshot_11-1.png\" data-link=\"http:\/\/ltim.lt\/?attachment_id=1900\" class=\"wp-image-1900\" srcset=\"https:\/\/ltim.lt\/wp-content\/uploads\/2022\/01\/Screenshot_11-1-1024x641.png 1024w, https:\/\/ltim.lt\/wp-content\/uploads\/2022\/01\/Screenshot_11-1-300x188.png 300w, https:\/\/ltim.lt\/wp-content\/uploads\/2022\/01\/Screenshot_11-1-768x481.png 768w, https:\/\/ltim.lt\/wp-content\/uploads\/2022\/01\/Screenshot_11-1.png 1221w\" sizes=\"(max-width: 1024px) 100vw, 1024px\" \/><\/figure><\/li><li class=\"blocks-gallery-item\"><figure><img loading=\"lazy\" width=\"1024\" height=\"653\" src=\"http:\/\/ltim.lt\/wp-content\/uploads\/2022\/01\/Screenshot_12-1-1024x653.png\" alt=\"\" data-id=\"1901\" data-full-url=\"http:\/\/ltim.lt\/wp-content\/uploads\/2022\/01\/Screenshot_12-1.png\" data-link=\"http:\/\/ltim.lt\/?attachment_id=1901\" class=\"wp-image-1901\" srcset=\"https:\/\/ltim.lt\/wp-content\/uploads\/2022\/01\/Screenshot_12-1-1024x653.png 1024w, https:\/\/ltim.lt\/wp-content\/uploads\/2022\/01\/Screenshot_12-1-300x191.png 300w, https:\/\/ltim.lt\/wp-content\/uploads\/2022\/01\/Screenshot_12-1-768x490.png 768w, https:\/\/ltim.lt\/wp-content\/uploads\/2022\/01\/Screenshot_12-1.png 1216w\" sizes=\"(max-width: 1024px) 100vw, 1024px\" \/><\/figure><\/li><li class=\"blocks-gallery-item\"><figure><img loading=\"lazy\" width=\"1024\" height=\"627\" src=\"http:\/\/ltim.lt\/wp-content\/uploads\/2022\/01\/Screenshot_13-1-1024x627.png\" alt=\"\" data-id=\"1902\" data-full-url=\"http:\/\/ltim.lt\/wp-content\/uploads\/2022\/01\/Screenshot_13-1.png\" data-link=\"http:\/\/ltim.lt\/?attachment_id=1902\" class=\"wp-image-1902\" srcset=\"https:\/\/ltim.lt\/wp-content\/uploads\/2022\/01\/Screenshot_13-1-1024x627.png 1024w, https:\/\/ltim.lt\/wp-content\/uploads\/2022\/01\/Screenshot_13-1-300x184.png 300w, https:\/\/ltim.lt\/wp-content\/uploads\/2022\/01\/Screenshot_13-1-768x471.png 768w, https:\/\/ltim.lt\/wp-content\/uploads\/2022\/01\/Screenshot_13-1.png 1229w\" sizes=\"(max-width: 1024px) 100vw, 1024px\" \/><\/figure><\/li><li class=\"blocks-gallery-item\"><figure><img loading=\"lazy\" width=\"1024\" height=\"642\" src=\"http:\/\/ltim.lt\/wp-content\/uploads\/2022\/01\/Screenshot_14-1-1024x642.png\" alt=\"\" data-id=\"1903\" data-full-url=\"http:\/\/ltim.lt\/wp-content\/uploads\/2022\/01\/Screenshot_14-1.png\" data-link=\"http:\/\/ltim.lt\/?attachment_id=1903\" class=\"wp-image-1903\" srcset=\"https:\/\/ltim.lt\/wp-content\/uploads\/2022\/01\/Screenshot_14-1-1024x642.png 1024w, https:\/\/ltim.lt\/wp-content\/uploads\/2022\/01\/Screenshot_14-1-300x188.png 300w, https:\/\/ltim.lt\/wp-content\/uploads\/2022\/01\/Screenshot_14-1-768x482.png 768w, https:\/\/ltim.lt\/wp-content\/uploads\/2022\/01\/Screenshot_14-1.png 1228w\" sizes=\"(max-width: 1024px) 100vw, 1024px\" \/><\/figure><\/li><li class=\"blocks-gallery-item\"><figure><img loading=\"lazy\" width=\"1024\" height=\"652\" src=\"http:\/\/ltim.lt\/wp-content\/uploads\/2022\/01\/Screenshot_15-1-1024x652.png\" alt=\"\" data-id=\"1904\" data-full-url=\"http:\/\/ltim.lt\/wp-content\/uploads\/2022\/01\/Screenshot_15-1.png\" data-link=\"http:\/\/ltim.lt\/?attachment_id=1904\" class=\"wp-image-1904\" srcset=\"https:\/\/ltim.lt\/wp-content\/uploads\/2022\/01\/Screenshot_15-1-1024x652.png 1024w, https:\/\/ltim.lt\/wp-content\/uploads\/2022\/01\/Screenshot_15-1-300x191.png 300w, https:\/\/ltim.lt\/wp-content\/uploads\/2022\/01\/Screenshot_15-1-768x489.png 768w, https:\/\/ltim.lt\/wp-content\/uploads\/2022\/01\/Screenshot_15-1.png 1215w\" sizes=\"(max-width: 1024px) 100vw, 1024px\" \/><\/figure><\/li><\/ul><figcaption class=\"blocks-gallery-caption\">Senosios Lietuvos totori\u0173 kapin\u0117s <em>nuotraukos Eriko Ov\u010darenko<\/em><\/figcaption><\/figure>\n\n\n\n<p>\u0160altinis:\u00a0<a href=\"https:\/\/www.15min.lt\/pasaulis-kiseneje\/galerija\/senosios-lietuvos-totoriu-kapines-beliavscizna-229806#galerija\/229806\/6159808\" target=\"_blank\" rel=\"noopener noreferrer\">https:\/\/www.15min.lt\/pasaulis-kiseneje\/galerija\/senosios-lietuvos-totoriu-kapines-beliavscizna-229806#galerija\/229806\/6159808<\/a><\/p>\n","protected":false},"excerpt":{"rendered":"<p>\u0160altinis:\u00a0https:\/\/www.15min.lt\/pasaulis-kiseneje\/galerija\/senosios-lietuvos-totoriu-kapines-beliavscizna-229806#galerija\/229806\/6159808<\/p>\n","protected":false},"author":1,"featured_media":1901,"parent":1791,"menu_order":0,"comment_status":"closed","ping_status":"closed","template":"","meta":[],"_links":{"self":[{"href":"https:\/\/ltim.lt\/en\/wp-json\/wp\/v2\/pages\/1889"}],"collection":[{"href":"https:\/\/ltim.lt\/en\/wp-json\/wp\/v2\/pages"}],"about":[{"href":"https:\/\/ltim.lt\/en\/wp-json\/wp\/v2\/types\/page"}],"author":[{"embeddable":true,"href":"https:\/\/ltim.lt\/en\/wp-json\/wp\/v2\/users\/1"}],"replies":[{"embeddable":true,"href":"https:\/\/ltim.lt\/en\/wp-json\/wp\/v2\/comments?post=1889"}],"version-history":[{"count":3,"href":"https:\/\/ltim.lt\/en\/wp-json\/wp\/v2\/pages\/1889\/revisions"}],"predecessor-version":[{"id":2084,"href":"https:\/\/ltim.lt\/en\/wp-json\/wp\/v2\/pages\/1889\/revisions\/2084"}],"up":[{"embeddable":true,"href":"https:\/\/ltim.lt\/en\/wp-json\/wp\/v2\/pages\/1791"}],"wp:featuredmedia":[{"embeddable":true,"href":"https:\/\/ltim.lt\/en\/wp-json\/wp\/v2\/media\/1901"}],"wp:attachment":[{"href":"https:\/\/ltim.lt\/en\/wp-json\/wp\/v2\/media?parent=1889"}],"curies":[{"name":"wp","href":"https:\/\/api.w.org\/{rel}","templated":true}]}}