{"id":1808,"date":"2022-01-13T19:50:11","date_gmt":"2022-01-13T21:50:11","guid":{"rendered":"http:\/\/ltim.lt\/?page_id=1808"},"modified":"2022-01-13T19:52:47","modified_gmt":"2022-01-13T21:52:47","slug":"kaune-atidengta-atminimo-lenta-totoriu-vartu-bokstui-ir-totoriu-priemiesciui","status":"publish","type":"page","link":"https:\/\/ltim.lt\/en\/galerija\/straipsniu-ciklas-portale-15min\/kaune-atidengta-atminimo-lenta-totoriu-vartu-bokstui-ir-totoriu-priemiesciui\/","title":{"rendered":"Kaune atidengta atminimo lenta totori\u0173 vart\u0173 bok\u0161tui ir totori\u0173 priemies\u010diui"},"content":{"rendered":"\n<p>Minint Lietuvos totori\u0173 istorijos ir kult\u016bros metus, Kaune, I.Kanto g. 24, atidengta atminimo lenta, skirta \u012fvardinti buvusi\u0173 totori\u0173 vart\u0173 bok\u0161to ir totori\u0173 priemies\u010dio viet\u0105, ra\u0161oma prane\u0161ime \u017einiasklaidai.<\/p>\n\n\n\n<p>Atidengimo ceremonijoje dalyvavo Ministr\u0117s Pirminink\u0117s patar\u0117ja kult\u016bros klausimams Gabriel\u0117 \u017daidyt\u0117, kult\u016bros viceministras Rimantas Mikaitis, Tautini\u0173 ma\u017eum\u0173 departamento prie Lietuvos Respublikos Vyriausyb\u0117s direktor\u0117 Vida Montvydait\u0117, Kauno apskrities totori\u0173 bendruomen\u0117s pirmininkas K\u0119stutis Zenonas \u0160afranavi\u010dius, Kauno miesto savivaldyb\u0117s Tarybos \u0161vietimo ir kult\u016bros komiteto pirminink\u0117 J\u016brat\u0117 Norvai\u0161ien\u0117. <\/p>\n\n\n\n<p>T\u0105 pa\u010di\u0105 dien\u0105 nuo 14 val. Vytauto Did\u017eiojo karo muziejaus Did\u017eiojoje sal\u0117je vyks renginys, skirtas Lietuvos totori\u0173 istorijos ir kult\u016bros metams, kurio metu bus skaitomi prane\u0161imai, pristatoma knyga \u201eLietuvos totoriai\u201c ir paroda \u201eTotoriai \u2013 Lietuvos kariai\u201c.<\/p>\n\n\n\n<p><strong>Pirmieji totoriai <\/strong><\/p>\n\n\n\n<p>Lietuvoje Pirmieji totoriai Kaune apsigyveno apie 1396\u20131397 metus. Kunigaik\u0161tis Vytautas Didysis Kauno pakra\u0161tyje, prie kelio \u012f Vilni\u0173, suteik\u0117 totoriams teritorij\u0105 savo gyvenvietei \u012fkurti. Totori\u0173 priemiestis \u2013 tai \u0161iuo metu J.Gruod\u017eio, D.Po\u0161kos ir I.Kanto gatv\u0117s. Priemies\u010dio pastatai buvo mediniai. XVII a. septintajame de\u0161imtmetyje rytiniame pakra\u0161tyje sustiprinta buvusi i\u0161 m\u016bro ir med\u017eio pastatyta siena. Sienoje buvo m\u016brini\u0173 bok\u0161t\u0173 ir vart\u0173. Totori\u0173 vartai buvo Vilniaus kelio at\u0161akos, \u0117jusios \u0160v. Gertr\u016bdos gatve, gale. Visi vartai minimi XVII a. prad\u017eios istoriniuose \u0161altiniuose. <\/p>\n\n\n\n<p>Totoriai vartus, esan\u010dius prie Totori\u0173 priemies\u010dio, pri\u017ei\u016br\u0117jo ir saugojo, Tai buvo vienas i\u0161 \u012fva\u017eiavim\u0173 \u012f Kauno miest\u0105. Sp\u0117jama, kad tai buvo 2\u20133 auk\u0161t\u0173 bok\u0161tas, dengtas \u010derp\u0117mis. Bok\u0161tas XVIII am\u017eiaus pabaigoje.<\/p>\n\n\n\n<p>\u0160iuo metu Totori\u0173 vart\u0173 vieta pa\u017eym\u0117t\u0105 grindinyje.<\/p>\n\n\n\n<p><\/p>\n\n\n\n<p><strong>Kas suk\u016br\u0117 atminimo lent\u0105?<\/strong><\/p>\n\n\n\n<p>Atminimo lentos autorius \u2013 Motiejus Jakubauskas, gamino \u2013 UAB \u201eAkmenlita\u201c. Atminimo lentos suk\u016brim\u0105 finansavo Kauno miesto savivaldyb\u0117.<\/p>\n\n\n\n<p>Atminimo lentos, \u017eymin\u010dios Kauno mieste buvusius Totori\u0173 vartus, suk\u016brimas ir \u012frengimas \u012ftrauktas \u012f Vyriausyb\u0117s patvirtint\u0105 2021 m., Lietuvos totori\u0173 istorijos ir kult\u016bros met\u0173 min\u0117jimo 2021 metais plan\u0105. <\/p>\n\n\n\n<p>Priminsime, kad Seimas 2021 metus paskelb\u0117 Lietuvos totori\u0173 istorijos ir kult\u016bros metus, nes 2021 m. sukanka 700 met\u0173 nuo did\u017eiojo kunigaik\u0161\u010dio Gedimino s\u0105jungos su totoriais sudarymo. <\/p>\n\n\n\n<p>\u201eTotoriai paliko ry\u0161k\u0173 p\u0117dsak\u0105 Lietuvos istorijoje, dalyvavo visuose karuose ir sukilimuose, kovodami u\u017e Lietuvos laisv\u0119 ir nepriklausomyb\u0119. Lietuvos totori\u0173 bendruomen\u0117 reik\u0161mingai prisid\u0117jo prie Lietuvos valstybingumo atk\u016brimo, istorijos ir kult\u016bros, \u0161i bendruomen\u0117 savo gyvenim\u0105 susiejo su Lietuva ir yra jos istorijos dalis\u201c, \u2013 pabr\u0117\u017eiama<\/p>\n\n\n\n<p><\/p>\n\n\n\n<p><span style=\"color:#0693e3\" class=\"tadv-color\">Informacijos \u0161altinis: <\/span><a rel=\"noreferrer noopener\" href=\"https:\/\/www.15min.lt\/kultura\/naujiena\/naujienos\/kaune-atidengta-atminimo-lenta-totoriu-vartu-bokstui-ir-totoriu-priemiesciui-1104-1551828\" data-type=\"URL\" data-id=\"https:\/\/www.15min.lt\/kultura\/naujiena\/naujienos\/kaune-atidengta-atminimo-lenta-totoriu-vartu-bokstui-ir-totoriu-priemiesciui-1104-1551828\" target=\"_blank\">https:\/\/www.15min.lt\/kultura\/naujiena\/naujienos\/kaune-atidengta-atminimo-lenta-totoriu-vartu-bokstui-ir-totoriu-priemiesciui-1104-1551828<\/a><\/p>\n","protected":false},"excerpt":{"rendered":"<p>Minint Lietuvos totori\u0173 istorijos ir kult\u016bros metus, Kaune, I.Kanto g. 24, atidengta atminimo lenta, skirta \u012fvardinti buvusi\u0173 totori\u0173 vart\u0173 bok\u0161to ir totori\u0173 priemies\u010dio viet\u0105, ra\u0161oma prane\u0161ime \u017einiasklaidai. Atidengimo ceremonijoje dalyvavo Ministr\u0117s Pirminink\u0117s patar\u0117ja kult\u016bros klausimams Gabriel\u0117 \u017daidyt\u0117, kult\u016bros viceministras Rimantas Mikaitis, Tautini\u0173 ma\u017eum\u0173 departamento prie Lietuvos Respublikos Vyriausyb\u0117s direktor\u0117 Vida Montvydait\u0117, Kauno apskrities totori\u0173 bendruomen\u0117s [&hellip;]<\/p>\n","protected":false},"author":1,"featured_media":1809,"parent":1791,"menu_order":0,"comment_status":"closed","ping_status":"closed","template":"","meta":[],"_links":{"self":[{"href":"https:\/\/ltim.lt\/en\/wp-json\/wp\/v2\/pages\/1808"}],"collection":[{"href":"https:\/\/ltim.lt\/en\/wp-json\/wp\/v2\/pages"}],"about":[{"href":"https:\/\/ltim.lt\/en\/wp-json\/wp\/v2\/types\/page"}],"author":[{"embeddable":true,"href":"https:\/\/ltim.lt\/en\/wp-json\/wp\/v2\/users\/1"}],"replies":[{"embeddable":true,"href":"https:\/\/ltim.lt\/en\/wp-json\/wp\/v2\/comments?post=1808"}],"version-history":[{"count":2,"href":"https:\/\/ltim.lt\/en\/wp-json\/wp\/v2\/pages\/1808\/revisions"}],"predecessor-version":[{"id":1811,"href":"https:\/\/ltim.lt\/en\/wp-json\/wp\/v2\/pages\/1808\/revisions\/1811"}],"up":[{"embeddable":true,"href":"https:\/\/ltim.lt\/en\/wp-json\/wp\/v2\/pages\/1791"}],"wp:featuredmedia":[{"embeddable":true,"href":"https:\/\/ltim.lt\/en\/wp-json\/wp\/v2\/media\/1809"}],"wp:attachment":[{"href":"https:\/\/ltim.lt\/en\/wp-json\/wp\/v2\/media?parent=1808"}],"curies":[{"name":"wp","href":"https:\/\/api.w.org\/{rel}","templated":true}]}}