{"id":18,"date":"2016-10-29T18:21:43","date_gmt":"2016-10-29T20:21:43","guid":{"rendered":"http:\/\/ltim.lt\/?page_id=18"},"modified":"2021-10-13T14:52:48","modified_gmt":"2021-10-13T16:52:48","slug":"kontaktai","status":"publish","type":"page","link":"https:\/\/ltim.lt\/en\/kontaktai\/","title":{"rendered":"Contacts"},"content":{"rendered":"<p><\/p>\n<p><strong>Administration:<\/strong><\/p>\n<p>V. Putvinskio str. 42,<\/p>\n<p>LT-44211, Kaunas<\/p>\n<p>E-mail: info@ltim.lt<\/p>\n<p>K\u0119stutis Zenonas \u0160afranavi\u010dius<\/p>\n<p>Tel.: +370 698 72926<\/p>\n<p><\/p>","protected":false},"excerpt":{"rendered":"<p>Administration: V. Putvinskio str. 42, LT-44211, Kaunas E-mail: info@ltim.lt K\u0119stutis Zenonas \u0160afranavi\u010dius Tel.: +370 698 72926<\/p>\n","protected":false},"author":1,"featured_media":0,"parent":0,"menu_order":0,"comment_status":"closed","ping_status":"closed","template":"page-text.php","meta":[],"_links":{"self":[{"href":"https:\/\/ltim.lt\/en\/wp-json\/wp\/v2\/pages\/18"}],"collection":[{"href":"https:\/\/ltim.lt\/en\/wp-json\/wp\/v2\/pages"}],"about":[{"href":"https:\/\/ltim.lt\/en\/wp-json\/wp\/v2\/types\/page"}],"author":[{"embeddable":true,"href":"https:\/\/ltim.lt\/en\/wp-json\/wp\/v2\/users\/1"}],"replies":[{"embeddable":true,"href":"https:\/\/ltim.lt\/en\/wp-json\/wp\/v2\/comments?post=18"}],"version-history":[{"count":8,"href":"https:\/\/ltim.lt\/en\/wp-json\/wp\/v2\/pages\/18\/revisions"}],"predecessor-version":[{"id":954,"href":"https:\/\/ltim.lt\/en\/wp-json\/wp\/v2\/pages\/18\/revisions\/954"}],"wp:attachment":[{"href":"https:\/\/ltim.lt\/en\/wp-json\/wp\/v2\/media?parent=18"}],"curies":[{"name":"wp","href":"https:\/\/api.w.org\/{rel}","templated":true}]}}