{"id":1655,"date":"2021-12-22T22:33:08","date_gmt":"2021-12-23T00:33:08","guid":{"rendered":"http:\/\/ltim.lt\/?page_id=1655"},"modified":"2021-12-22T22:33:29","modified_gmt":"2021-12-23T00:33:29","slug":"vilniaus-musis-1794-m","status":"publish","type":"page","link":"https:\/\/ltim.lt\/en\/galerija\/karyba\/musiai\/vilniaus-musis-1794-m\/","title":{"rendered":"VILNIAUS M\u016a\u0160IS (1794 m)"},"content":{"rendered":"\n<p>T.Kosciu\u0161kos vadovaujam\u0105 sukilim\u0105\u00a0 palaik\u0117 Prie\u0161akin\u0117s sargybos pulkai.<\/p>\n<p>Pirmas \u012fsijung\u0117\u00a0 VI \u2013as pulkas, vadovaujamas pulkininko Jok\u016bbo Azulevi\u010diaus. 1974 m.\u00a0 rugpj\u016b\u010dio m\u0117n. gynant Vilni\u0173 \u017euvo pulkininkas J.Azulevi\u010dius\u00a0 ir apie 50 totori\u0173 kari\u0173. Totoriai vadovaujami Elijaus Sobolevskio\u00a0 kov\u0117si\u00a0 Baltarusijoje\u00a0 ties Krup\u010dicais, Macejovicais.<\/p>\n<p>Generolas Juzefas Beliakas \u012fsijungia \u012f sukilim\u0105 baland\u017eio\u00a0 pabaigoje. 1794 m bir\u017eelio 8 d. J.Beliakas pradeda vadovauti korpusui, bet po savit\u0117s mir\u0161ta. Vadovavim\u0105 perima Antanas Chlevinskis, o Prie\u0161akin\u0117s sargybos IV \u2013AM pulkui pradeda vadovauti pulkininkas\u00a0 Mustafa Achmatovi\u010dius.<\/p>\n","protected":false},"excerpt":{"rendered":"<p>T.Kosciu\u0161kos vadovaujam\u0105 sukilim\u0105\u00a0 palaik\u0117 Prie\u0161akin\u0117s sargybos pulkai. Pirmas \u012fsijung\u0117\u00a0 VI \u2013as pulkas, vadovaujamas pulkininko Jok\u016bbo Azulevi\u010diaus. 1974 m.\u00a0 rugpj\u016b\u010dio m\u0117n. gynant Vilni\u0173 \u017euvo pulkininkas J.Azulevi\u010dius\u00a0 ir apie 50 totori\u0173 kari\u0173. Totoriai vadovaujami Elijaus Sobolevskio\u00a0 kov\u0117si\u00a0 Baltarusijoje\u00a0 ties Krup\u010dicais, Macejovicais. Generolas Juzefas Beliakas \u012fsijungia \u012f sukilim\u0105 baland\u017eio\u00a0 pabaigoje. 1794 m bir\u017eelio 8 d. J.Beliakas pradeda vadovauti [&hellip;]<\/p>\n","protected":false},"author":1,"featured_media":1656,"parent":160,"menu_order":0,"comment_status":"closed","ping_status":"closed","template":"page-gallery-inside.php","meta":[],"_links":{"self":[{"href":"https:\/\/ltim.lt\/en\/wp-json\/wp\/v2\/pages\/1655"}],"collection":[{"href":"https:\/\/ltim.lt\/en\/wp-json\/wp\/v2\/pages"}],"about":[{"href":"https:\/\/ltim.lt\/en\/wp-json\/wp\/v2\/types\/page"}],"author":[{"embeddable":true,"href":"https:\/\/ltim.lt\/en\/wp-json\/wp\/v2\/users\/1"}],"replies":[{"embeddable":true,"href":"https:\/\/ltim.lt\/en\/wp-json\/wp\/v2\/comments?post=1655"}],"version-history":[{"count":3,"href":"https:\/\/ltim.lt\/en\/wp-json\/wp\/v2\/pages\/1655\/revisions"}],"predecessor-version":[{"id":1659,"href":"https:\/\/ltim.lt\/en\/wp-json\/wp\/v2\/pages\/1655\/revisions\/1659"}],"up":[{"embeddable":true,"href":"https:\/\/ltim.lt\/en\/wp-json\/wp\/v2\/pages\/160"}],"wp:featuredmedia":[{"embeddable":true,"href":"https:\/\/ltim.lt\/en\/wp-json\/wp\/v2\/media\/1656"}],"wp:attachment":[{"href":"https:\/\/ltim.lt\/en\/wp-json\/wp\/v2\/media?parent=1655"}],"curies":[{"name":"wp","href":"https:\/\/api.w.org\/{rel}","templated":true}]}}