{"id":1649,"date":"2021-12-22T22:26:39","date_gmt":"2021-12-23T00:26:39","guid":{"rendered":"http:\/\/ltim.lt\/?page_id=1649"},"modified":"2021-12-22T22:26:56","modified_gmt":"2021-12-23T00:26:56","slug":"vienos-musis-1683-m","status":"publish","type":"page","link":"https:\/\/ltim.lt\/en\/galerija\/karyba\/musiai\/vienos-musis-1683-m\/","title":{"rendered":"VIENOS  M\u016a\u0160IS  (1683 m)"},"content":{"rendered":"\n<p>Kunigaik\u0161\u010dio Jano Sabieskio\u00a0 Abiej\u0173 Taut\u0173 Respublikos\u00a0 vadovaujamoje kariuomen\u0117je dalyvavo totoriai \u2013 lipkos.\u00a0 Karalius ra\u0161\u0117, kad \u201etotoriai\u00a0 gerai ir i\u0161tikimai pasirod\u0117 \u0161ioje kompanijoje\u201c.<\/p>\n<p>\u0160is mu\u0161is n\u0117ra pla\u010diai apra\u0161ytas. Jo svarb\u0105 patvirtina Vienoje paminklas stovintis\u00a0 Janui Sabieskiui\u00a0 kaip i\u0161gelb\u0117jusiam Vien\u0105.<\/p>\n<p>\u00a0<\/p>\n","protected":false},"excerpt":{"rendered":"<p>Kunigaik\u0161\u010dio Jano Sabieskio\u00a0 Abiej\u0173 Taut\u0173 Respublikos\u00a0 vadovaujamoje kariuomen\u0117je dalyvavo totoriai \u2013 lipkos.\u00a0 Karalius ra\u0161\u0117, kad \u201etotoriai\u00a0 gerai ir i\u0161tikimai pasirod\u0117 \u0161ioje kompanijoje\u201c. \u0160is mu\u0161is n\u0117ra pla\u010diai apra\u0161ytas. Jo svarb\u0105 patvirtina Vienoje paminklas stovintis\u00a0 Janui Sabieskiui\u00a0 kaip i\u0161gelb\u0117jusiam Vien\u0105. \u00a0<\/p>\n","protected":false},"author":1,"featured_media":1650,"parent":160,"menu_order":0,"comment_status":"closed","ping_status":"closed","template":"page-gallery-inside.php","meta":[],"_links":{"self":[{"href":"https:\/\/ltim.lt\/en\/wp-json\/wp\/v2\/pages\/1649"}],"collection":[{"href":"https:\/\/ltim.lt\/en\/wp-json\/wp\/v2\/pages"}],"about":[{"href":"https:\/\/ltim.lt\/en\/wp-json\/wp\/v2\/types\/page"}],"author":[{"embeddable":true,"href":"https:\/\/ltim.lt\/en\/wp-json\/wp\/v2\/users\/1"}],"replies":[{"embeddable":true,"href":"https:\/\/ltim.lt\/en\/wp-json\/wp\/v2\/comments?post=1649"}],"version-history":[{"count":4,"href":"https:\/\/ltim.lt\/en\/wp-json\/wp\/v2\/pages\/1649\/revisions"}],"predecessor-version":[{"id":1654,"href":"https:\/\/ltim.lt\/en\/wp-json\/wp\/v2\/pages\/1649\/revisions\/1654"}],"up":[{"embeddable":true,"href":"https:\/\/ltim.lt\/en\/wp-json\/wp\/v2\/pages\/160"}],"wp:featuredmedia":[{"embeddable":true,"href":"https:\/\/ltim.lt\/en\/wp-json\/wp\/v2\/media\/1650"}],"wp:attachment":[{"href":"https:\/\/ltim.lt\/en\/wp-json\/wp\/v2\/media?parent=1649"}],"curies":[{"name":"wp","href":"https:\/\/api.w.org\/{rel}","templated":true}]}}