{"id":1641,"date":"2021-12-22T22:17:08","date_gmt":"2021-12-23T00:17:08","guid":{"rendered":"http:\/\/ltim.lt\/?page_id=1641"},"modified":"2021-12-22T22:17:09","modified_gmt":"2021-12-23T00:17:09","slug":"kirholmo-musis-1605-m","status":"publish","type":"page","link":"https:\/\/ltim.lt\/en\/galerija\/karyba\/musiai\/kirholmo-musis-1605-m\/","title":{"rendered":"KIRHOLMO  M\u016a\u0160IS (1605 m)"},"content":{"rendered":"\n<p>M\u016b\u0161is vyko dabartin\u0117s Estijos teritorijoje.<\/p>\n<p>K.Chodkevi\u010diaus vadovaujamoje kariuomen\u0117je\u00a0 dalyvavo penkios totori\u0173 v\u0117liavos. Joms vadovavo\u00a0 rotmistrai: Ibrahimas,\u00a0 Bohdanas, Zacharijus, Achmedas, Mustafa. Viso 450 kari\u0173. Trys v\u0117liavos kov\u0117si kairiajame sparne ir pad\u0117jo Tomui Dambravai. Dvi de\u0161iniajame sparne ir pad\u0117jo Teodorui Lackiui. Baigiamojo m\u016b\u0161io stadijoje totori\u0173 v\u0117liavos persekiojo b\u0117gant\u012f prie\u0161\u0105.\u00a0 Poetas S.\u0160lionskis \u0161lovino totori\u0173 dalyvavim\u0105\u00a0 \u0161iame m\u016b\u0161yje. Pa\u017eym\u0117tina, kad \u0161iame m\u016b\u0161yje K. Chotkevi\u010diaus dispozicijoje buvo apie 3800 kari\u0173, o\u00a0 \u0161ved\u0173 kariuomen\u0119 sudar\u0117 14\u00a0 t\u016bkstan\u010di\u0173 \u017emoni\u0173.<\/p>\n<p>Paskutiniais pirmojo karo su \u0161vedais metais (1617-1629), kaip ir visai LDK kariuomenei, taip gerai nesisek\u0117. 1627 m. \u017euvo net \u0161e\u0161i totori\u0173 rotmistrai (Bohdanas Asanovi\u010dius, Abrahimas Lostaiskis, Fursas Lostaickis, Juchno Lostaickis, Adomas Lov\u010dickis ir Pertas Sieleckis.<\/p>\n","protected":false},"excerpt":{"rendered":"<p>M\u016b\u0161is vyko dabartin\u0117s Estijos teritorijoje. K.Chodkevi\u010diaus vadovaujamoje kariuomen\u0117je\u00a0 dalyvavo penkios totori\u0173 v\u0117liavos. Joms vadovavo\u00a0 rotmistrai: Ibrahimas,\u00a0 Bohdanas, Zacharijus, Achmedas, Mustafa. Viso 450 kari\u0173. Trys v\u0117liavos kov\u0117si kairiajame sparne ir pad\u0117jo Tomui Dambravai. Dvi de\u0161iniajame sparne ir pad\u0117jo Teodorui Lackiui. Baigiamojo m\u016b\u0161io stadijoje totori\u0173 v\u0117liavos persekiojo b\u0117gant\u012f prie\u0161\u0105.\u00a0 Poetas S.\u0160lionskis \u0161lovino totori\u0173 dalyvavim\u0105\u00a0 \u0161iame m\u016b\u0161yje. Pa\u017eym\u0117tina, [&hellip;]<\/p>\n","protected":false},"author":1,"featured_media":1642,"parent":160,"menu_order":0,"comment_status":"closed","ping_status":"closed","template":"page-gallery-inside.php","meta":[],"_links":{"self":[{"href":"https:\/\/ltim.lt\/en\/wp-json\/wp\/v2\/pages\/1641"}],"collection":[{"href":"https:\/\/ltim.lt\/en\/wp-json\/wp\/v2\/pages"}],"about":[{"href":"https:\/\/ltim.lt\/en\/wp-json\/wp\/v2\/types\/page"}],"author":[{"embeddable":true,"href":"https:\/\/ltim.lt\/en\/wp-json\/wp\/v2\/users\/1"}],"replies":[{"embeddable":true,"href":"https:\/\/ltim.lt\/en\/wp-json\/wp\/v2\/comments?post=1641"}],"version-history":[{"count":2,"href":"https:\/\/ltim.lt\/en\/wp-json\/wp\/v2\/pages\/1641\/revisions"}],"predecessor-version":[{"id":1644,"href":"https:\/\/ltim.lt\/en\/wp-json\/wp\/v2\/pages\/1641\/revisions\/1644"}],"up":[{"embeddable":true,"href":"https:\/\/ltim.lt\/en\/wp-json\/wp\/v2\/pages\/160"}],"wp:featuredmedia":[{"embeddable":true,"href":"https:\/\/ltim.lt\/en\/wp-json\/wp\/v2\/media\/1642"}],"wp:attachment":[{"href":"https:\/\/ltim.lt\/en\/wp-json\/wp\/v2\/media?parent=1641"}],"curies":[{"name":"wp","href":"https:\/\/api.w.org\/{rel}","templated":true}]}}