{"id":1636,"date":"2021-12-22T22:10:46","date_gmt":"2021-12-23T00:10:46","guid":{"rendered":"http:\/\/ltim.lt\/?page_id=1636"},"modified":"2021-12-22T22:12:15","modified_gmt":"2021-12-23T00:12:15","slug":"zalgirio-musis-1410-m-liepos-men-15-d","status":"publish","type":"page","link":"https:\/\/ltim.lt\/en\/galerija\/karyba\/musiai\/zalgirio-musis-1410-m-liepos-men-15-d\/","title":{"rendered":"\u017dALGIRIO M\u016a\u0160IS 1410 m.  liepos m\u0117n. 15 d."},"content":{"rendered":"\n<p>Istorikas Dlugo\u0161as teigia, kad m\u016b\u0161yje dalyvavo iki 300 totori\u0173. Kry\u017eiuo\u010diai padidino skai\u010di\u0173 iki keliasde\u0161imt t\u016bkstan\u010di\u0173 .\u0160iuolaikini\u0173 istorik\u0173 vertinimu totori\u0173 kariuomen\u0117 sudar\u0117 keli t\u016bkstan\u010diai kari\u0173.<\/p>\n<p>Chanas D\u017eelal-al \u2013Dinas su b\u016briu (\u201edvi ordos\u201c) dalyvavo m\u016b\u0161yje. Totori\u0173 raitininkai buvo Lietuvos \u2013Lenkijos kariuomen\u0117s de\u0161niajame kra\u0161to sparne. M\u016b\u0161is prasid\u0117jo totori\u0173 ataka prie\u0161 kair\u012fj\u012f Teuton\u0173 sparn\u0105. Jie buvo sutikti artilerijos salve, nepadariusia ypatingos \u017ealos totori\u0173 kavalerijai. Netur\u0117dami galimyb\u0117s pasiprie\u0161inti gerai apsi\u0161arvojusiai ordino kavalerijai ,totoriai panaudojo sau \u012fprast\u0105 taktik\u0105 \u2013 atsitrauk\u0117 imituodami b\u0117gim\u0105, v\u0117liau gr\u012f\u017eo \u012f m\u016b\u0161io lauk\u0105 kovoti su apsuptais kry\u017eiuo\u010diais.<\/p>\n<p>Totori\u0173 \u2013musulmon\u0173 dalyvavimas \u017dalgirio m\u016b\u0161yje buvo apra\u0161ytas ne tik kronikose ,bet ir t\u0173 laik\u0173 diplomatiniuose lai\u0161kuose.<\/p>\n<p>Literat\u016bra: \u201eLietuvos totoriai istorijoje ir kult\u016broje\u201c A.Jakubauskas , S.Dumin, G.Satdykov, 2012m. Kaunas<\/p>\n","protected":false},"excerpt":{"rendered":"<p>Istorikas Dlugo\u0161as teigia, kad m\u016b\u0161yje dalyvavo iki 300 totori\u0173. Kry\u017eiuo\u010diai padidino skai\u010di\u0173 iki keliasde\u0161imt t\u016bkstan\u010di\u0173 .\u0160iuolaikini\u0173 istorik\u0173 vertinimu totori\u0173 kariuomen\u0117 sudar\u0117 keli t\u016bkstan\u010diai kari\u0173. Chanas D\u017eelal-al \u2013Dinas su b\u016briu (\u201edvi ordos\u201c) dalyvavo m\u016b\u0161yje. Totori\u0173 raitininkai buvo Lietuvos \u2013Lenkijos kariuomen\u0117s de\u0161niajame kra\u0161to sparne. M\u016b\u0161is prasid\u0117jo totori\u0173 ataka prie\u0161 kair\u012fj\u012f Teuton\u0173 sparn\u0105. Jie buvo sutikti artilerijos salve, [&hellip;]<\/p>\n","protected":false},"author":1,"featured_media":1637,"parent":160,"menu_order":0,"comment_status":"closed","ping_status":"closed","template":"page-gallery-inside.php","meta":[],"_links":{"self":[{"href":"https:\/\/ltim.lt\/en\/wp-json\/wp\/v2\/pages\/1636"}],"collection":[{"href":"https:\/\/ltim.lt\/en\/wp-json\/wp\/v2\/pages"}],"about":[{"href":"https:\/\/ltim.lt\/en\/wp-json\/wp\/v2\/types\/page"}],"author":[{"embeddable":true,"href":"https:\/\/ltim.lt\/en\/wp-json\/wp\/v2\/users\/1"}],"replies":[{"embeddable":true,"href":"https:\/\/ltim.lt\/en\/wp-json\/wp\/v2\/comments?post=1636"}],"version-history":[{"count":3,"href":"https:\/\/ltim.lt\/en\/wp-json\/wp\/v2\/pages\/1636\/revisions"}],"predecessor-version":[{"id":1640,"href":"https:\/\/ltim.lt\/en\/wp-json\/wp\/v2\/pages\/1636\/revisions\/1640"}],"up":[{"embeddable":true,"href":"https:\/\/ltim.lt\/en\/wp-json\/wp\/v2\/pages\/160"}],"wp:featuredmedia":[{"embeddable":true,"href":"https:\/\/ltim.lt\/en\/wp-json\/wp\/v2\/media\/1637"}],"wp:attachment":[{"href":"https:\/\/ltim.lt\/en\/wp-json\/wp\/v2\/media?parent=1636"}],"curies":[{"name":"wp","href":"https:\/\/api.w.org\/{rel}","templated":true}]}}