{"id":1590,"date":"2021-12-15T23:33:01","date_gmt":"2021-12-16T01:33:01","guid":{"rendered":"http:\/\/ltim.lt\/?page_id=1590"},"modified":"2021-12-15T23:33:02","modified_gmt":"2021-12-16T01:33:02","slug":"paminklas-labdariams","status":"publish","type":"page","link":"https:\/\/ltim.lt\/en\/galerija\/vietoves\/vilnius\/paminklas-labdariams\/","title":{"rendered":"Paminklas labdariams"},"content":{"rendered":"\n<p>2011 m. Vilniuje pastatytas paminklas labdariams, kuriame i\u0161kalta ir Aleksandro Iljasevi\u010diaus pavard\u0117. Taip pat yra i\u0161kaltos ir kit\u0173 i\u0161kili\u0173 totori\u0173 bendruomen\u0117s\u00a0nari\u0173 pavard\u0117s: Alijaus Aleksandrovi\u010diaus, Zofijos Kri\u010dinskos, Jok\u016bbo \u0160inkevi\u010diaus, kurie daug l\u0117\u0161\u0173 paaukojo labdarai, taip daug prisid\u0117jo gelb\u0117dami \u017emones\u00a0nuo \u012fvairi\u0173 nelaimi\u0173. Paminklo autorius: skulptorius Romas Kvintas.<\/p>\n<p>Nuotraukos autor\u0117 \u017divil\u0117 Ralyt\u0117-Jakubausk\u0117.<\/p>\n","protected":false},"excerpt":{"rendered":"<p>2011 m. Vilniuje pastatytas paminklas labdariams, kuriame i\u0161kalta ir Aleksandro Iljasevi\u010diaus pavard\u0117. Taip pat yra i\u0161kaltos ir kit\u0173 i\u0161kili\u0173 totori\u0173 bendruomen\u0117s\u00a0nari\u0173 pavard\u0117s: Alijaus Aleksandrovi\u010diaus, Zofijos Kri\u010dinskos, Jok\u016bbo \u0160inkevi\u010diaus, kurie daug l\u0117\u0161\u0173 paaukojo labdarai, taip daug prisid\u0117jo gelb\u0117dami \u017emones\u00a0nuo \u012fvairi\u0173 nelaimi\u0173. Paminklo autorius: skulptorius Romas Kvintas. Nuotraukos autor\u0117 \u017divil\u0117 Ralyt\u0117-Jakubausk\u0117.<\/p>\n","protected":false},"author":1,"featured_media":1591,"parent":150,"menu_order":0,"comment_status":"closed","ping_status":"closed","template":"page-gallery-inside.php","meta":[],"_links":{"self":[{"href":"https:\/\/ltim.lt\/en\/wp-json\/wp\/v2\/pages\/1590"}],"collection":[{"href":"https:\/\/ltim.lt\/en\/wp-json\/wp\/v2\/pages"}],"about":[{"href":"https:\/\/ltim.lt\/en\/wp-json\/wp\/v2\/types\/page"}],"author":[{"embeddable":true,"href":"https:\/\/ltim.lt\/en\/wp-json\/wp\/v2\/users\/1"}],"replies":[{"embeddable":true,"href":"https:\/\/ltim.lt\/en\/wp-json\/wp\/v2\/comments?post=1590"}],"version-history":[{"count":2,"href":"https:\/\/ltim.lt\/en\/wp-json\/wp\/v2\/pages\/1590\/revisions"}],"predecessor-version":[{"id":1593,"href":"https:\/\/ltim.lt\/en\/wp-json\/wp\/v2\/pages\/1590\/revisions\/1593"}],"up":[{"embeddable":true,"href":"https:\/\/ltim.lt\/en\/wp-json\/wp\/v2\/pages\/150"}],"wp:featuredmedia":[{"embeddable":true,"href":"https:\/\/ltim.lt\/en\/wp-json\/wp\/v2\/media\/1591"}],"wp:attachment":[{"href":"https:\/\/ltim.lt\/en\/wp-json\/wp\/v2\/media?parent=1590"}],"curies":[{"name":"wp","href":"https:\/\/api.w.org\/{rel}","templated":true}]}}