{"id":1581,"date":"2021-12-15T23:25:57","date_gmt":"2021-12-16T01:25:57","guid":{"rendered":"http:\/\/ltim.lt\/?page_id=1581"},"modified":"2021-12-16T11:24:12","modified_gmt":"2021-12-16T13:24:12","slug":"apie-nevezi","status":"publish","type":"page","link":"https:\/\/ltim.lt\/en\/galerija\/vietoves\/nevezis\/apie-nevezi\/","title":{"rendered":"Apie Nem\u0117\u017e\u012f"},"content":{"rendered":"\n<p>Nem\u0117\u017eio kaimo pavadinimas kil\u0119s nuo \u0161alia tekan\u010dio Nem\u0117\u017eos upelio pavadinimo. Ra\u0161ytiniuose \u0161altiniuose Nem\u0117\u017eio gyvenviet\u0117s atsiradimas siejamas su\u00a0XIV am\u017eiumi. Yra nema\u017eai \u0161altini\u0173, liudijan\u010di\u0173 apie i\u0161kilias, Lietuvos istorijai\u00a0didel\u012f indel\u012f atne\u0161usias asmenyb\u0117s, siejamas net su kunigaik\u0161\u010diu Vytautu. Nem\u0117\u017eis \u2013 istorinis kaimelis, kuriame Lietuvos didysis kunigaik\u0161tis Vytautas 1397\u00a0m. apgyvendino atvykusius \u012f kunigaik\u0161tyst\u0119 s\u0117sliam gyvenimui totorius. \u010cia j\u0173 palikuonys gyvena iki \u0161iol. Nem\u0117\u017eyje kadaise stov\u0117jusi kunigaik\u0161\u010dio Vytauto\u00a0vasaros rezidencija tapo pirmuoju totori\u0173 prieglobs\u010diu. XV a. Nem\u0117\u017eis minimas kaip vals\u010dius (pavietas), kuris karui tur\u0117jo atsi\u0173sti 92 raitelius.\u00a0<\/p>\n<p>Sp\u0117jama, kad 1656 m. Nem\u0117\u017eio dvare pasira\u0161yta Nem\u0117\u017eio sutartis, pagal kuri\u0105 Abiej\u0173 Taut\u0173 Respublika ir Rusija \u012fsipareigojo bendrai kovoti prie\u0161 \u0160vedij\u0105.<\/p>\n<p>1684 m. Nem\u0117\u017eio totoriai tarnavo Lietuvos kariuomen\u0117s pulkuose, kovojusiuose prie\u0161 turkus. I\u0161 to meto i\u0161lik\u0119s totoriaus Romano Dovidovino testamentas:\u00a0turk\u0173 sunkiai su\u017eeistas, jis pra\u0161\u0117 savo brolio palaidoti j\u012f mylimajame Nem\u0117\u017eyje.<\/p>\n<p>1794 m. Nem\u0117\u017eyje susib\u016br\u0117 sukil\u0117li\u0173 pulkas, kuriam vadovavo pulkininkas in\u017e. Jok\u016bbas Jasinskis. Baland\u017eio 23-\u0105j\u0105, susivienij\u0119s su kitais pulkais, Jasinskis puol\u0117 caro kariuomen\u0119, taip pat ir Vilni\u0173. Sukil\u0117li\u0173 tradicijos i\u0161liko. 1863 m. buv\u0119s pr\u016bs\u0173 kariuomen\u0117s pulkininkas Lepelskis Nem\u0117\u017eyje surinko sukil\u0117li\u0173\u00a0b\u016br\u012f, kuris v\u0117liau kov\u0117si su caro kariuomene R\u016bdi\u0161ki\u0173 mi\u0161kuose. 1863 m. sukilime dalyvavo ir Nem\u0117\u017eio totoriai, kuriems vadovavo Samuelis Ulanas.<\/p>\n<p>Nem\u0117\u017e\u012f vald\u0117 ir \u010dia gyveno bajorai Sapiegos. 1828 m. i\u0161 Sapieg\u0173 Nem\u0117\u017e\u012f per\u0117m\u0117 grafas Benediktas Ti\u0161kevi\u010dius, buv\u0119s Kauno gubernijos mar\u0161alka. Manoma, kad apie 1840\u20131856 metus grafas pastat\u0117 v\u0117lyvojo klasicizmo stiliaus r\u016bmus ir kitus su jais sudaran\u010dius kompozicin\u012f kompleks\u0105 pastatus.<\/p>\n<p>Nem\u0117\u017eis buvo m\u0117gstama nusiteikusi\u0173 prie\u0161 caro vald\u017ei\u0105 Vilniaus universiteto student\u0173 filomat\u0173 ir filaret\u0173 susitikim\u0173 vieta. Tarp j\u0173 buvo Adomas Mickevi\u010dius, Tomas Zanas, Onufrijus Petra\u0161kevi\u010dius, Jonas \u010ce\u010diotas ir kiti.<\/p>\n<p>1823\u20131832 m. Nem\u0117\u017eyje gyveno ir dirbo Vilniaus universiteto Astronomijos observatorijos direktorius prof. Piotras Slavinskis. Pas j\u012f da\u017enai sve\u010diuodavosi astronomas ir matematikas J. Sniadeckis, botanikas St. Judzilas,\u00a0garsus architektas K. Pod\u010da\u0161inskis ir kt. 1852 m. Nem\u0117\u017eyje gim\u0117 fotografas Benediktas Henrikas Ti\u0161kevi\u010dius.<\/p>\n<p>Taigi u\u017e Liepkalnio, septintame Vilniaus\u2013Minsko autostrados kilometre, \u012fsik\u016br\u0119s Nem\u0117\u017eio kaimas.<\/p>\n<p>\u00a0<\/p>\n<p><strong>Nuotraukoje \u012fam\u017eintas Nem\u0117\u017eio totori\u0173 bendruomen\u0117s namas.<\/strong><\/p>\n","protected":false},"excerpt":{"rendered":"<p>Nem\u0117\u017eio kaimo pavadinimas kil\u0119s nuo \u0161alia tekan\u010dio Nem\u0117\u017eos upelio pavadinimo. Ra\u0161ytiniuose \u0161altiniuose Nem\u0117\u017eio gyvenviet\u0117s atsiradimas siejamas su\u00a0XIV am\u017eiumi. Yra nema\u017eai \u0161altini\u0173, liudijan\u010di\u0173 apie i\u0161kilias, Lietuvos istorijai\u00a0didel\u012f indel\u012f atne\u0161usias asmenyb\u0117s, siejamas net su kunigaik\u0161\u010diu Vytautu. Nem\u0117\u017eis \u2013 istorinis kaimelis, kuriame Lietuvos didysis kunigaik\u0161tis Vytautas 1397\u00a0m. apgyvendino atvykusius \u012f kunigaik\u0161tyst\u0119 s\u0117sliam gyvenimui totorius. \u010cia j\u0173 palikuonys gyvena [&hellip;]<\/p>\n","protected":false},"author":1,"featured_media":1582,"parent":1578,"menu_order":0,"comment_status":"closed","ping_status":"closed","template":"page-gallery-inside.php","meta":[],"_links":{"self":[{"href":"https:\/\/ltim.lt\/en\/wp-json\/wp\/v2\/pages\/1581"}],"collection":[{"href":"https:\/\/ltim.lt\/en\/wp-json\/wp\/v2\/pages"}],"about":[{"href":"https:\/\/ltim.lt\/en\/wp-json\/wp\/v2\/types\/page"}],"author":[{"embeddable":true,"href":"https:\/\/ltim.lt\/en\/wp-json\/wp\/v2\/users\/1"}],"replies":[{"embeddable":true,"href":"https:\/\/ltim.lt\/en\/wp-json\/wp\/v2\/comments?post=1581"}],"version-history":[{"count":3,"href":"https:\/\/ltim.lt\/en\/wp-json\/wp\/v2\/pages\/1581\/revisions"}],"predecessor-version":[{"id":1629,"href":"https:\/\/ltim.lt\/en\/wp-json\/wp\/v2\/pages\/1581\/revisions\/1629"}],"up":[{"embeddable":true,"href":"https:\/\/ltim.lt\/en\/wp-json\/wp\/v2\/pages\/1578"}],"wp:featuredmedia":[{"embeddable":true,"href":"https:\/\/ltim.lt\/en\/wp-json\/wp\/v2\/media\/1582"}],"wp:attachment":[{"href":"https:\/\/ltim.lt\/en\/wp-json\/wp\/v2\/media?parent=1581"}],"curies":[{"name":"wp","href":"https:\/\/api.w.org\/{rel}","templated":true}]}}