{"id":1494,"date":"2021-12-15T19:18:51","date_gmt":"2021-12-15T21:18:51","guid":{"rendered":"http:\/\/ltim.lt\/?page_id=1494"},"modified":"2021-12-15T19:19:11","modified_gmt":"2021-12-15T21:19:11","slug":"kitabas","status":"publish","type":"page","link":"https:\/\/ltim.lt\/en\/galerija\/terminu-zodynas\/kitabas\/","title":{"rendered":"Kitabas"},"content":{"rendered":"\n<p>Kitabas &#8211; prana\u0161\u0173 gyvenimo apra\u0161ymai, religiniai pasakojimai.<\/p>\n","protected":false},"excerpt":{"rendered":"<p>Kitabas &#8211; prana\u0161\u0173 gyvenimo apra\u0161ymai, religiniai pasakojimai.<\/p>\n","protected":false},"author":1,"featured_media":1488,"parent":130,"menu_order":0,"comment_status":"closed","ping_status":"closed","template":"page-text.php","meta":[],"_links":{"self":[{"href":"https:\/\/ltim.lt\/en\/wp-json\/wp\/v2\/pages\/1494"}],"collection":[{"href":"https:\/\/ltim.lt\/en\/wp-json\/wp\/v2\/pages"}],"about":[{"href":"https:\/\/ltim.lt\/en\/wp-json\/wp\/v2\/types\/page"}],"author":[{"embeddable":true,"href":"https:\/\/ltim.lt\/en\/wp-json\/wp\/v2\/users\/1"}],"replies":[{"embeddable":true,"href":"https:\/\/ltim.lt\/en\/wp-json\/wp\/v2\/comments?post=1494"}],"version-history":[{"count":2,"href":"https:\/\/ltim.lt\/en\/wp-json\/wp\/v2\/pages\/1494\/revisions"}],"predecessor-version":[{"id":1496,"href":"https:\/\/ltim.lt\/en\/wp-json\/wp\/v2\/pages\/1494\/revisions\/1496"}],"up":[{"embeddable":true,"href":"https:\/\/ltim.lt\/en\/wp-json\/wp\/v2\/pages\/130"}],"wp:featuredmedia":[{"embeddable":true,"href":"https:\/\/ltim.lt\/en\/wp-json\/wp\/v2\/media\/1488"}],"wp:attachment":[{"href":"https:\/\/ltim.lt\/en\/wp-json\/wp\/v2\/media?parent=1494"}],"curies":[{"name":"wp","href":"https:\/\/api.w.org\/{rel}","templated":true}]}}