{"id":1492,"date":"2021-12-15T19:55:56","date_gmt":"2021-12-15T21:55:56","guid":{"rendered":"http:\/\/ltim.lt\/?page_id=1492"},"modified":"2021-12-15T19:55:57","modified_gmt":"2021-12-15T21:55:57","slug":"safranas","status":"publish","type":"page","link":"https:\/\/ltim.lt\/en\/galerija\/terminu-zodynas\/safranas\/","title":{"rendered":"\u0160afranas"},"content":{"rendered":"\n<p>\u0160afranas &#8211; prieskonis; med\u017eiaga ra\u0161alui gaminti.<\/p>\n","protected":false},"excerpt":{"rendered":"<p>\u0160afranas &#8211; prieskonis; med\u017eiaga ra\u0161alui gaminti.<\/p>\n","protected":false},"author":1,"featured_media":1486,"parent":130,"menu_order":0,"comment_status":"closed","ping_status":"closed","template":"page-text.php","meta":[],"_links":{"self":[{"href":"https:\/\/ltim.lt\/en\/wp-json\/wp\/v2\/pages\/1492"}],"collection":[{"href":"https:\/\/ltim.lt\/en\/wp-json\/wp\/v2\/pages"}],"about":[{"href":"https:\/\/ltim.lt\/en\/wp-json\/wp\/v2\/types\/page"}],"author":[{"embeddable":true,"href":"https:\/\/ltim.lt\/en\/wp-json\/wp\/v2\/users\/1"}],"replies":[{"embeddable":true,"href":"https:\/\/ltim.lt\/en\/wp-json\/wp\/v2\/comments?post=1492"}],"version-history":[{"count":2,"href":"https:\/\/ltim.lt\/en\/wp-json\/wp\/v2\/pages\/1492\/revisions"}],"predecessor-version":[{"id":1509,"href":"https:\/\/ltim.lt\/en\/wp-json\/wp\/v2\/pages\/1492\/revisions\/1509"}],"up":[{"embeddable":true,"href":"https:\/\/ltim.lt\/en\/wp-json\/wp\/v2\/pages\/130"}],"wp:featuredmedia":[{"embeddable":true,"href":"https:\/\/ltim.lt\/en\/wp-json\/wp\/v2\/media\/1486"}],"wp:attachment":[{"href":"https:\/\/ltim.lt\/en\/wp-json\/wp\/v2\/media?parent=1492"}],"curies":[{"name":"wp","href":"https:\/\/api.w.org\/{rel}","templated":true}]}}