{"id":1369,"date":"2021-11-18T15:29:41","date_gmt":"2021-11-18T17:29:41","guid":{"rendered":"http:\/\/ltim.lt\/?page_id=1369"},"modified":"2022-01-30T17:10:22","modified_gmt":"2022-01-30T19:10:22","slug":"virtualios-parodos","status":"publish","type":"page","link":"https:\/\/ltim.lt\/en\/laikinos-parodos\/virtualios-parodos\/","title":{"rendered":"VIRTUALIOS PARODOS \u201eLIETUVOS TOTORIAI ARCHYV\u0172 DOKUMENTUOSE\u201c"},"content":{"rendered":"\n<table style=\"border-collapse: collapse; width: 100%; height: 23px;\">\n<tbody>\n<tr style=\"height: 23px;\">\n<td style=\"width: 100%; text-align: center; height: 23px;\">\n<h4>Virtualias parodas galite pamatyti paspaud\u0119 <span style=\"background-color: #ffffff;\"><span style=\"color: #333399;\"><a style=\"background-color: #ffffff; color: #333399;\" href=\"http:\/\/virtualios-parodos.archyvai.lt\/lt\/virtualios-parodos\/34\/lietuvos-totoriai-archyvu-dokumentuose\/exh-234\" target=\"_blank\" rel=\"noopener noreferrer\">\u010dia<\/a><\/span>.\u00a0<\/span><\/h4>\n<\/td>\n<\/tr>\n<\/tbody>\n<\/table>\n<p>Nuo ra\u0161ytinio \u017eod\u017eio atsiradimo reik\u0161mingi \u012fvykiai yra fiksuojami dokumentuose. B\u0117gant am\u017eiams kinta dokument\u0173 rengimo priemon\u0117s, ta\u010diau j\u0173 esm\u0117 i\u0161lieka ta pati \u2013 perduoti \u017eini\u0105.<\/p>\n<p>Archyvai, kuri\u0173 funkcija kaupti ir saugoti, valstyb\u0117je u\u017eima ypating\u0105 viet\u0105. D\u0117l juose sukaupt\u0173 kult\u016bros vertybi\u0173 mes galime geriau pa\u017einti savo praeit\u012f ir kurti ateit\u012f.\u00a0\u00a0\u00a0<\/p>\n<p>Parodoje \u201eSeniausi dokumentai Lietuvos literat\u016bros ir meno archyvo fonduose\u201c pristatomi XV\u2013XIX a. dokumentai. Daugiausia eksponat\u0173 rasta Kondratovi\u010di\u0173 gimin\u0117s fonde: tai Lietuvos ir Lenkijos valdov\u0173 privilegijos bei ra\u0161tai, aktai, liudijimai, reskriptai, lai\u0161kai, religiniai paveiksl\u0117liai, nuotraukos ir kt. \u0160iame fonde saugomas ir seniausias Lietuvos literat\u016bros ir meno archyvo dokumentas, siekiantis XV a. ir pasakojantis apie privilegijas Trak\u0173 karaimams.<\/p>\n<p>I\u0161 \u012fvairi\u0173 fond\u0173 surinkti religiniai, periodiniai, muzikos k\u016brini\u0173 leidiniai, afi\u0161os. Eksponuojama 1844 m. Vilniuje i\u0161leista, reta giesmi\u0173 knyga<em>\u00a0Kantyczkos \u017eemaytyszkos<\/em>, rasta ra\u0161ytojo J. Ma\u010diulio fonde, Lauryno Ivinskio rengto 1860 m. lietuvi\u0161ko periodinio leidinio\u00a0<em>Kalendorius\u00a0<\/em>(<em>Metskaitlius \u016bki\u0161kas<\/em>) fragmentai aptikti kompozitoriaus St. \u0160imkaus archyve, A. Skriabino\u00a0<em>7 preliudai fortepijonui<\/em>\u00a0su autoriaus dedikacija E. Mlynarskiui (1897 m.), S. Moniu\u0161kos Mazurkos i\u0161 operos\u00a0<em>Jawnuta<\/em>\u00a0(<em>Jaunut\u0117<\/em>) partit\u016bra su Moniu\u0161kos vardo sekcijos dovanojimo \u012fra\u0161u (1899 m.) \u2013 kompozitoriaus, dirigento, smuikininko E. Mlynarskio fonde, 1877 m., 1888 m. Druskinink\u0173 mineralini\u0173 vanden\u0173 orkestro koncert\u0173 afi\u0161os \u2013 Rengini\u0173 dokument\u0173 kolekcijoje.<\/p>\n<p>XIX a. portretin\u0117s nuotraukos atrinktos i\u0161 M. Trofimovi\u010diaus dailinink\u0173 Slendzinski\u0173 \u0161eimos nuotrauk\u0173 kolekcijos, Kondratovi\u010di\u0173 gimin\u0117s nuotrauk\u0173 album\u0173, dailininko St.Vara\u0161iaus, daininink\u0117s B.Grincevi\u010di\u016bt\u0117s, Karnavi\u010di\u0173 \u0161eimos, \u00a0kompozitoriaus, pedagogo, dirigento K.Galkausko, kompozitoriaus, pedagogo I.Prielgausko, ra\u0161ytojos A.Kazanavi\u010dien\u0117s \u00a0ir Pavieni\u0173 dokument\u0173 rinkinio fond\u0173.\u00a0<\/p>\n<p>Dokumentai sura\u0161yti rus\u0117n\u0173, lenk\u0173, rus\u0173, lotyn\u0173, pranc\u016bz\u0173, vokie\u010di\u0173, lietuvi\u0173 kalbomis.<\/p>\n<p>Virtuali\u0105 parod\u0105 i\u0161 Lietuvos literat\u016bros ir meno archyve saugom\u0173 dokument\u0173 pareng\u0117 R\u016bta \u017demaityt\u0117.<\/p>\n<table style=\"border-collapse: collapse; width: 100%;\">\n<tbody>\n<tr>\n<td style=\"width: 100%; text-align: center;\"><strong>Virtualios parodos:<\/strong><\/td>\n<\/tr>\n<\/tbody>\n<\/table>\n<table style=\"border-collapse: collapse; width: 100%; height: 205px;\">\n<tbody>\n<tr style=\"height: 23px;\">\n<td style=\"width: 100%; text-align: center; height: 23px;\"><a href=\"https:\/\/virtualios-parodos.archyvai.lt\/lt\/virtualios-parodos\/34\/lietuvos-totoriai-archyvu-dokumentuose\/exh-234\/bendrai-apie-totorius\/case-1160\" target=\"_blank\" rel=\"noopener noreferrer\">Bendrai apie totorius<\/a><\/td>\n<\/tr>\n<tr style=\"height: 23px;\">\n<td style=\"width: 100%; text-align: center; height: 23px;\"><a href=\"https:\/\/virtualios-parodos.archyvai.lt\/lt\/virtualios-parodos\/34\/lietuvos-totoriai-archyvu-dokumentuose\/exh-234\/bajoru-totoriu-genealogijos\/case-1161\" target=\"_blank\" rel=\"noopener noreferrer\">Bajor\u0173 totori\u0173 genealogijos<\/a><\/td>\n<\/tr>\n<tr style=\"height: 23px;\">\n<td style=\"width: 100%; text-align: center; height: 23px;\"><a href=\"https:\/\/virtualios-parodos.archyvai.lt\/lt\/virtualios-parodos\/34\/lietuvos-totoriai-archyvu-dokumentuose\/exh-234\/totoriai-ldk-kariuomeneje\/case-1162\" target=\"_blank\" rel=\"noopener noreferrer\">Totoriai LDK kariuomen\u0117je<\/a><\/td>\n<\/tr>\n<tr style=\"height: 23px;\">\n<td style=\"width: 100%; text-align: center; height: 23px;\"><a href=\"https:\/\/virtualios-parodos.archyvai.lt\/lt\/virtualios-parodos\/34\/lietuvos-totoriai-archyvu-dokumentuose\/exh-234\/totoriai-rusijos-imperijos-kariuomeneje\/case-1163\" target=\"_blank\" rel=\"noopener noreferrer\">Totoriai Rusijos Imperijos kariuomen\u0117je<\/a><\/td>\n<\/tr>\n<tr style=\"height: 23px;\">\n<td style=\"width: 100%; text-align: center; height: 23px;\"><a href=\"https:\/\/virtualios-parodos.archyvai.lt\/lt\/virtualios-parodos\/34\/lietuvos-totoriai-archyvu-dokumentuose\/exh-234\/xx-a.-i-puses-totoriu-organizacijos-ir-draugijos\/case-1164\" target=\"_blank\" rel=\"noopener noreferrer\">XX a. I pus\u0117s totori\u0173 organizacijos ir draugijos<\/a><\/td>\n<\/tr>\n<tr style=\"height: 22px;\">\n<td style=\"width: 100%; height: 22px; text-align: center;\"><a href=\"https:\/\/virtualios-parodos.archyvai.lt\/lt\/virtualios-parodos\/34\/lietuvos-totoriai-archyvu-dokumentuose\/exh-234\/xx-a.-i-puses-zymus-totoriai-karininkai\/case-1165\" target=\"_blank\" rel=\"noopener noreferrer\">XX a. I pus\u0117s \u017eym\u016bs totoriai karininkai<\/a><\/td>\n<\/tr>\n<tr style=\"height: 22px;\">\n<td style=\"width: 100%; text-align: center; height: 22px;\"><a href=\"https:\/\/virtualios-parodos.archyvai.lt\/lt\/virtualios-parodos\/34\/lietuvos-totoriai-archyvu-dokumentuose\/exh-234\/xx-a.-5-desimtmetyje-istremti-totoriai\/case-1166\" target=\"_blank\" rel=\"noopener noreferrer\">XX a. 5 de\u0161imtmetyje i\u0161tremti totoriai<\/a><\/td>\n<\/tr>\n<tr style=\"height: 23px;\">\n<td style=\"width: 100%; text-align: center; height: 23px;\"><a href=\"https:\/\/virtualios-parodos.archyvai.lt\/lt\/virtualios-parodos\/34\/lietuvos-totoriai-archyvu-dokumentuose\/exh-234\/totoriu-mecetes-lietuvoje\/case-1167\" target=\"_blank\" rel=\"noopener noreferrer\">Totori\u0173 me\u010det\u0117s Lietuvoje<\/a><\/td>\n<\/tr>\n<tr style=\"height: 23px;\">\n<td style=\"width: 100%; text-align: center; height: 23px;\"><a href=\"https:\/\/virtualios-parodos.archyvai.lt\/lt\/virtualios-parodos\/34\/lietuvos-totoriai-archyvu-dokumentuose\/exh-234\/totoriu-mecetes-dabartineje-baltarusijos-teritorijoje\/case-1168\" target=\"_blank\" rel=\"noopener noreferrer\">Totori\u0173 me\u010det\u0117s dabartin\u0117je Baltarusijos teritorijoje<\/a><\/td>\n<\/tr>\n<\/tbody>\n<\/table>\n","protected":false},"excerpt":{"rendered":"<p>Virtualias parodas galite pamatyti paspaud\u0119 \u010dia.\u00a0 Nuo ra\u0161ytinio \u017eod\u017eio atsiradimo reik\u0161mingi \u012fvykiai yra fiksuojami dokumentuose. B\u0117gant am\u017eiams kinta dokument\u0173 rengimo priemon\u0117s, ta\u010diau j\u0173 esm\u0117 i\u0161lieka ta pati \u2013 perduoti \u017eini\u0105. Archyvai, kuri\u0173 funkcija kaupti ir saugoti, valstyb\u0117je u\u017eima ypating\u0105 viet\u0105. D\u0117l juose sukaupt\u0173 kult\u016bros vertybi\u0173 mes galime geriau pa\u017einti savo praeit\u012f ir kurti ateit\u012f.\u00a0\u00a0\u00a0 Parodoje [&hellip;]<\/p>\n","protected":false},"author":1,"featured_media":1366,"parent":14,"menu_order":0,"comment_status":"closed","ping_status":"closed","template":"page-text.php","meta":[],"_links":{"self":[{"href":"https:\/\/ltim.lt\/en\/wp-json\/wp\/v2\/pages\/1369"}],"collection":[{"href":"https:\/\/ltim.lt\/en\/wp-json\/wp\/v2\/pages"}],"about":[{"href":"https:\/\/ltim.lt\/en\/wp-json\/wp\/v2\/types\/page"}],"author":[{"embeddable":true,"href":"https:\/\/ltim.lt\/en\/wp-json\/wp\/v2\/users\/1"}],"replies":[{"embeddable":true,"href":"https:\/\/ltim.lt\/en\/wp-json\/wp\/v2\/comments?post=1369"}],"version-history":[{"count":10,"href":"https:\/\/ltim.lt\/en\/wp-json\/wp\/v2\/pages\/1369\/revisions"}],"predecessor-version":[{"id":2167,"href":"https:\/\/ltim.lt\/en\/wp-json\/wp\/v2\/pages\/1369\/revisions\/2167"}],"up":[{"embeddable":true,"href":"https:\/\/ltim.lt\/en\/wp-json\/wp\/v2\/pages\/14"}],"wp:featuredmedia":[{"embeddable":true,"href":"https:\/\/ltim.lt\/en\/wp-json\/wp\/v2\/media\/1366"}],"wp:attachment":[{"href":"https:\/\/ltim.lt\/en\/wp-json\/wp\/v2\/media?parent=1369"}],"curies":[{"name":"wp","href":"https:\/\/api.w.org\/{rel}","templated":true}]}}