{"id":1349,"date":"2021-11-14T11:28:35","date_gmt":"2021-11-14T13:28:35","guid":{"rendered":"http:\/\/ltim.lt\/?page_id=1349"},"modified":"2022-01-14T01:03:44","modified_gmt":"2022-01-14T03:03:44","slug":"tradicinis-amatas-senoji-kailiadirbyste","status":"publish","type":"page","link":"https:\/\/ltim.lt\/en\/galerija\/amatai\/tradicinis-amatas-senoji-kailiadirbyste\/","title":{"rendered":"Senoji kailiadirbyst\u0117"},"content":{"rendered":"\n<p>Kailiadirbyst\u0117\u00a0 \u2013 \u00a0\u00a0tai\u00a0 vienas i\u0161 seniausi\u0173 totori\u0173 tradicini\u0173 amat\u0173. Lietuvos totoriai nuo pat patekimo \u012f LDK \u017eemes\u00a0 vert\u0117si \u0161iuo amatu.<\/p>\n<p>Kiekviena vietov\u0117 tur\u0117jo savo kailiadirb\u012f \u2013 totori\u0173.<\/p>\n<p>Kaili\u0173 poreikis buvo visada didelis. Gaminiai i\u0161 odos \u2013 tai arkli\u0173, \u017eirg\u0173 balnai, pakinktai, drabu\u017eiai, apavas, rankin\u0117s ir\u00a0 kt.<\/p>\n<p>Senasis kailiadirbyst\u0117s amatas yra perduodama i\u0161 kartos \u012f kart\u0105. \u0160io amato paslaptis\u00a0 kruop\u0161\u010diai saugojama. Amato i\u0161mokti u\u017etrunka 3-5 metus.\u00a0 \u00a0Kiekvienas amatininkas turi savo darbo b\u016bd\u0105. Tai kruop\u0161tus, kantryb\u0117s reikalaujantis darbas.<\/p>\n<p>Kailiams apdirbti naudojami nat\u016bralios med\u017eiagos \u2013 augal\u0173 \u017eiev\u0117s, ruginiai miltai.<\/p>\n<p>Senojoje kailiadirbyst\u0117je yra daug rank\u0173 darbo. Darbo priemon\u0117s: specialus mediniai stovai, \u012fvairaus dyd\u017eio indai, metaliniai peiliai, \u00a0grem\u017etukai (tai ir dalgis).<\/p>\n<p>1945 \u2013 1950 m. Lietuvoje atsirado chemin\u0117s med\u017eiagos. D\u0117l to kaili\u0173 i\u0161dirbimas pasidar\u0117 greitesnis, bet kaili\u0173 kokyb\u0117 suprast\u0117jo.<\/p>\n<p>Lietuvos totorius Virginijus Jakubauskas yra \u0161eimos tradicinio amato t\u0119s\u0117jas. Mokytis amato prad\u0117jo b\u016bdamas 12 met\u0173. 2020 m.\u00a0 veikl\u0105 vyst\u0117 \u0160irvint\u0173 raj. Aktyviai dalyvauja edukaciniuose renginiuose, parodose, mug\u0117se.<\/p>\n<p>Lietuvos radijas ir televizija (LRT)\u00a0 2021 m.\u00a0 sukurtame dokumentiniame filme \u201eI\u0161tikimyb\u0117s \u017eiedas\u201c (autor\u0117 E.Milda\u017eyt\u0117) \u00a0rodo su \u0161io\u00a0 tradicinio amato pristatym\u0105.<\/p>\n<p>Film\u0105 galite per\u017ei\u016br\u0117ti <span style=\"color: #99cc00;\"><a style=\"color: #99cc00;\" href=\"https:\/\/www.lrt.lt\/mediateka\/irasas\/2000157445\/dokumentinis-filmas-istikimybes-ziedas\" target=\"_blank\" rel=\"noopener noreferrer\">\u010dia<\/a><\/span>.<\/p>\n<p>\u00a0<\/p>\n","protected":false},"excerpt":{"rendered":"<p>Kailiadirbyst\u0117\u00a0 \u2013 \u00a0\u00a0tai\u00a0 vienas i\u0161 seniausi\u0173 totori\u0173 tradicini\u0173 amat\u0173. Lietuvos totoriai nuo pat patekimo \u012f LDK \u017eemes\u00a0 vert\u0117si \u0161iuo amatu. Kiekviena vietov\u0117 tur\u0117jo savo kailiadirb\u012f \u2013 totori\u0173. Kaili\u0173 poreikis buvo visada didelis. Gaminiai i\u0161 odos \u2013 tai arkli\u0173, \u017eirg\u0173 balnai, pakinktai, drabu\u017eiai, apavas, rankin\u0117s ir\u00a0 kt. Senasis kailiadirbyst\u0117s amatas yra perduodama i\u0161 kartos \u012f kart\u0105. [&hellip;]<\/p>\n","protected":false},"author":1,"featured_media":1352,"parent":103,"menu_order":0,"comment_status":"closed","ping_status":"closed","template":"page-gallery.php","meta":[],"_links":{"self":[{"href":"https:\/\/ltim.lt\/en\/wp-json\/wp\/v2\/pages\/1349"}],"collection":[{"href":"https:\/\/ltim.lt\/en\/wp-json\/wp\/v2\/pages"}],"about":[{"href":"https:\/\/ltim.lt\/en\/wp-json\/wp\/v2\/types\/page"}],"author":[{"embeddable":true,"href":"https:\/\/ltim.lt\/en\/wp-json\/wp\/v2\/users\/1"}],"replies":[{"embeddable":true,"href":"https:\/\/ltim.lt\/en\/wp-json\/wp\/v2\/comments?post=1349"}],"version-history":[{"count":4,"href":"https:\/\/ltim.lt\/en\/wp-json\/wp\/v2\/pages\/1349\/revisions"}],"predecessor-version":[{"id":2059,"href":"https:\/\/ltim.lt\/en\/wp-json\/wp\/v2\/pages\/1349\/revisions\/2059"}],"up":[{"embeddable":true,"href":"https:\/\/ltim.lt\/en\/wp-json\/wp\/v2\/pages\/103"}],"wp:featuredmedia":[{"embeddable":true,"href":"https:\/\/ltim.lt\/en\/wp-json\/wp\/v2\/media\/1352"}],"wp:attachment":[{"href":"https:\/\/ltim.lt\/en\/wp-json\/wp\/v2\/media?parent=1349"}],"curies":[{"name":"wp","href":"https:\/\/api.w.org\/{rel}","templated":true}]}}