{"id":1328,"date":"2021-11-12T17:29:15","date_gmt":"2021-11-12T19:29:15","guid":{"rendered":"http:\/\/ltim.lt\/?page_id=1328"},"modified":"2021-11-12T17:29:15","modified_gmt":"2021-11-12T19:29:15","slug":"prusijos-kariuomenes-ulonu-pulko-kavaleristai","status":"publish","type":"page","link":"https:\/\/ltim.lt\/en\/galerija\/karyba\/regimentai\/prusijos-kariuomenes-ulonu-pulko-kavaleristai\/","title":{"rendered":"Pr\u016bsijos kariuomen\u0117s ulon\u0173 pulko kavaleristai."},"content":{"rendered":"\n<p>Litografija TOWARCZYS VOM REGIMENT<br \/>TOWARCZYS. 1806. Pr\u016bsijos kariuomen\u0117s<br \/>\u201edraug\u0173\u201c, nuo 1807 m. &#8211; ulon\u0173 pulko kavaleristai.<br \/>Leidykla Max Babenzien.<\/p>\n","protected":false},"excerpt":{"rendered":"<p>Litografija TOWARCZYS VOM REGIMENTTOWARCZYS. 1806. Pr\u016bsijos kariuomen\u0117s\u201edraug\u0173\u201c, nuo 1807 m. &#8211; ulon\u0173 pulko kavaleristai.Leidykla Max Babenzien.<\/p>\n","protected":false},"author":1,"featured_media":1322,"parent":158,"menu_order":0,"comment_status":"closed","ping_status":"closed","template":"page-gallery-inside.php","meta":[],"_links":{"self":[{"href":"https:\/\/ltim.lt\/en\/wp-json\/wp\/v2\/pages\/1328"}],"collection":[{"href":"https:\/\/ltim.lt\/en\/wp-json\/wp\/v2\/pages"}],"about":[{"href":"https:\/\/ltim.lt\/en\/wp-json\/wp\/v2\/types\/page"}],"author":[{"embeddable":true,"href":"https:\/\/ltim.lt\/en\/wp-json\/wp\/v2\/users\/1"}],"replies":[{"embeddable":true,"href":"https:\/\/ltim.lt\/en\/wp-json\/wp\/v2\/comments?post=1328"}],"version-history":[{"count":2,"href":"https:\/\/ltim.lt\/en\/wp-json\/wp\/v2\/pages\/1328\/revisions"}],"predecessor-version":[{"id":1330,"href":"https:\/\/ltim.lt\/en\/wp-json\/wp\/v2\/pages\/1328\/revisions\/1330"}],"up":[{"embeddable":true,"href":"https:\/\/ltim.lt\/en\/wp-json\/wp\/v2\/pages\/158"}],"wp:featuredmedia":[{"embeddable":true,"href":"https:\/\/ltim.lt\/en\/wp-json\/wp\/v2\/media\/1322"}],"wp:attachment":[{"href":"https:\/\/ltim.lt\/en\/wp-json\/wp\/v2\/media?parent=1328"}],"curies":[{"name":"wp","href":"https:\/\/api.w.org\/{rel}","templated":true}]}}