{"id":1319,"date":"2021-11-12T17:24:58","date_gmt":"2021-11-12T19:24:58","guid":{"rendered":"http:\/\/ltim.lt\/?page_id=1319"},"modified":"2021-11-12T17:30:11","modified_gmt":"2021-11-12T19:30:11","slug":"prancuzijos-kariuomenes-imperatoriaus-gvardijos-lietuviskuju-ekleru-pulko-kavaleristai","status":"publish","type":"page","link":"https:\/\/ltim.lt\/en\/galerija\/karyba\/regimentai\/prancuzijos-kariuomenes-imperatoriaus-gvardijos-lietuviskuju-ekleru-pulko-kavaleristai\/","title":{"rendered":"Pranc\u016bzijos kariuomen\u0117s imperatoriaus gvardijos lietuvi\u0161k\u0173j\u0173 ekler\u0173 pulko kavaleristai"},"content":{"rendered":"\n<p>Litografija ARMEE FRANCAISE GARDE INPERIALE. Eclaireur<br \/>Lithuanien 1813. Pranc\u016bzijos kariuomen\u0117s imperatoriaus gvardijos<br \/>lietuvi\u0161k\u0173j\u0173 ekler\u0173 pulko kavaleristai. Dailininkas R. Knotel.<\/p>\n","protected":false},"excerpt":{"rendered":"<p>Litografija ARMEE FRANCAISE GARDE INPERIALE. EclaireurLithuanien 1813. Pranc\u016bzijos kariuomen\u0117s imperatoriaus gvardijoslietuvi\u0161k\u0173j\u0173 ekler\u0173 pulko kavaleristai. Dailininkas R. Knotel.<\/p>\n","protected":false},"author":1,"featured_media":1320,"parent":158,"menu_order":0,"comment_status":"closed","ping_status":"closed","template":"page-gallery-inside.php","meta":[],"_links":{"self":[{"href":"https:\/\/ltim.lt\/en\/wp-json\/wp\/v2\/pages\/1319"}],"collection":[{"href":"https:\/\/ltim.lt\/en\/wp-json\/wp\/v2\/pages"}],"about":[{"href":"https:\/\/ltim.lt\/en\/wp-json\/wp\/v2\/types\/page"}],"author":[{"embeddable":true,"href":"https:\/\/ltim.lt\/en\/wp-json\/wp\/v2\/users\/1"}],"replies":[{"embeddable":true,"href":"https:\/\/ltim.lt\/en\/wp-json\/wp\/v2\/comments?post=1319"}],"version-history":[{"count":4,"href":"https:\/\/ltim.lt\/en\/wp-json\/wp\/v2\/pages\/1319\/revisions"}],"predecessor-version":[{"id":1333,"href":"https:\/\/ltim.lt\/en\/wp-json\/wp\/v2\/pages\/1319\/revisions\/1333"}],"up":[{"embeddable":true,"href":"https:\/\/ltim.lt\/en\/wp-json\/wp\/v2\/pages\/158"}],"wp:featuredmedia":[{"embeddable":true,"href":"https:\/\/ltim.lt\/en\/wp-json\/wp\/v2\/media\/1320"}],"wp:attachment":[{"href":"https:\/\/ltim.lt\/en\/wp-json\/wp\/v2\/media?parent=1319"}],"curies":[{"name":"wp","href":"https:\/\/api.w.org\/{rel}","templated":true}]}}