{"id":1308,"date":"2021-11-12T17:10:23","date_gmt":"2021-11-12T19:10:23","guid":{"rendered":"http:\/\/ltim.lt\/?page_id=1308"},"modified":"2021-11-12T17:12:07","modified_gmt":"2021-11-12T19:12:07","slug":"generolas-leitenantas-motiejus-sulkevicius","status":"publish","type":"page","link":"https:\/\/ltim.lt\/en\/galerija\/karyba\/asmenybes\/generolas-leitenantas-motiejus-sulkevicius\/","title":{"rendered":"Generolas leitenantas Motiejus Sulkevi\u010dius"},"content":{"rendered":"\n<p>Gim\u0117 1865 m. Generolas leitenantas, i\u0161kilus karo ir politikos veik\u0117jas.<\/p>\n<p>Pirm\u0105 apdovanojim\u0105 gavo 1899 m. &#8211; \u0160v. Stanislovo 3-iojo laipsnio ordin\u0105.\u00a0<\/p>\n<p>1903 m. spal\u012f M. Sulkevi\u010dius paskirtas 15-psios p\u0117stinink\u0173 divizijos \u0161tabo vir\u0161ininku, gruod\u017eio m\u0117nes\u012f jam suteiktas pulkininko laipsnis.<\/p>\n<p>Motiejus Sulkevi\u010dius dalyvavo Pirmajame pasauliniame kare.<\/p>\n<p>Mir\u0117 1922m. gegu\u017e\u0117s m\u0117nes\u012f.<\/p>\n<p>Platesn\u0119 generolo leitenanto Motiejaus Sulkevi\u010diaus biografij\u0105 galima paskaityti knygoje \u201eLietuvos totoriai istorijoje ir kult\u016broje\u201c, autoriai: Adas Jakubavi\u010dius, Galim Sitdykov, Stanislav Dumin.<\/p>\n","protected":false},"excerpt":{"rendered":"<p>Gim\u0117 1865 m. Generolas leitenantas, i\u0161kilus karo ir politikos veik\u0117jas. Pirm\u0105 apdovanojim\u0105 gavo 1899 m. &#8211; \u0160v. Stanislovo 3-iojo laipsnio ordin\u0105.\u00a0 1903 m. spal\u012f M. Sulkevi\u010dius paskirtas 15-psios p\u0117stinink\u0173 divizijos \u0161tabo vir\u0161ininku, gruod\u017eio m\u0117nes\u012f jam suteiktas pulkininko laipsnis. Motiejus Sulkevi\u010dius dalyvavo Pirmajame pasauliniame kare. Mir\u0117 1922m. gegu\u017e\u0117s m\u0117nes\u012f. Platesn\u0119 generolo leitenanto Motiejaus Sulkevi\u010diaus biografij\u0105 galima [&hellip;]<\/p>\n","protected":false},"author":1,"featured_media":1309,"parent":1297,"menu_order":0,"comment_status":"closed","ping_status":"closed","template":"page-gallery-inside.php","meta":[],"_links":{"self":[{"href":"https:\/\/ltim.lt\/en\/wp-json\/wp\/v2\/pages\/1308"}],"collection":[{"href":"https:\/\/ltim.lt\/en\/wp-json\/wp\/v2\/pages"}],"about":[{"href":"https:\/\/ltim.lt\/en\/wp-json\/wp\/v2\/types\/page"}],"author":[{"embeddable":true,"href":"https:\/\/ltim.lt\/en\/wp-json\/wp\/v2\/users\/1"}],"replies":[{"embeddable":true,"href":"https:\/\/ltim.lt\/en\/wp-json\/wp\/v2\/comments?post=1308"}],"version-history":[{"count":4,"href":"https:\/\/ltim.lt\/en\/wp-json\/wp\/v2\/pages\/1308\/revisions"}],"predecessor-version":[{"id":1313,"href":"https:\/\/ltim.lt\/en\/wp-json\/wp\/v2\/pages\/1308\/revisions\/1313"}],"up":[{"embeddable":true,"href":"https:\/\/ltim.lt\/en\/wp-json\/wp\/v2\/pages\/1297"}],"wp:featuredmedia":[{"embeddable":true,"href":"https:\/\/ltim.lt\/en\/wp-json\/wp\/v2\/media\/1309"}],"wp:attachment":[{"href":"https:\/\/ltim.lt\/en\/wp-json\/wp\/v2\/media?parent=1308"}],"curies":[{"name":"wp","href":"https:\/\/api.w.org\/{rel}","templated":true}]}}