{"id":1291,"date":"2021-11-12T16:47:59","date_gmt":"2021-11-12T18:47:59","guid":{"rendered":"http:\/\/ltim.lt\/?page_id=1291"},"modified":"2021-11-12T16:52:56","modified_gmt":"2021-11-12T18:52:56","slug":"mustafa-chaleckas","status":"publish","type":"page","link":"https:\/\/ltim.lt\/en\/galerija\/karyba\/asmenybes\/mustafa-chaleckas\/","title":{"rendered":"Mustafa Chaleckas"},"content":{"rendered":"\n<p>Mustafa Chaleckas &#8211; Carin\u0117s Rusijos karys 1914-1917m. Rygoje.<\/p>\n<p>Nuotraukoje yra Mustafa Chaleckas (de\u0161in\u0117je) Carin\u0117s Rusijos kariuomen\u0117je Rygoje.<\/p>\n","protected":false},"excerpt":{"rendered":"<p>Mustafa Chaleckas &#8211; Carin\u0117s Rusijos karys 1914-1917m. Rygoje. Nuotraukoje yra Mustafa Chaleckas (de\u0161in\u0117je) Carin\u0117s Rusijos kariuomen\u0117je Rygoje.<\/p>\n","protected":false},"author":1,"featured_media":1292,"parent":1297,"menu_order":0,"comment_status":"closed","ping_status":"closed","template":"page-gallery-inside.php","meta":[],"_links":{"self":[{"href":"https:\/\/ltim.lt\/en\/wp-json\/wp\/v2\/pages\/1291"}],"collection":[{"href":"https:\/\/ltim.lt\/en\/wp-json\/wp\/v2\/pages"}],"about":[{"href":"https:\/\/ltim.lt\/en\/wp-json\/wp\/v2\/types\/page"}],"author":[{"embeddable":true,"href":"https:\/\/ltim.lt\/en\/wp-json\/wp\/v2\/users\/1"}],"replies":[{"embeddable":true,"href":"https:\/\/ltim.lt\/en\/wp-json\/wp\/v2\/comments?post=1291"}],"version-history":[{"count":2,"href":"https:\/\/ltim.lt\/en\/wp-json\/wp\/v2\/pages\/1291\/revisions"}],"predecessor-version":[{"id":1296,"href":"https:\/\/ltim.lt\/en\/wp-json\/wp\/v2\/pages\/1291\/revisions\/1296"}],"up":[{"embeddable":true,"href":"https:\/\/ltim.lt\/en\/wp-json\/wp\/v2\/pages\/1297"}],"wp:featuredmedia":[{"embeddable":true,"href":"https:\/\/ltim.lt\/en\/wp-json\/wp\/v2\/media\/1292"}],"wp:attachment":[{"href":"https:\/\/ltim.lt\/en\/wp-json\/wp\/v2\/media?parent=1291"}],"curies":[{"name":"wp","href":"https:\/\/api.w.org\/{rel}","templated":true}]}}