{"id":1277,"date":"2021-11-02T18:57:26","date_gmt":"2021-11-02T20:57:26","guid":{"rendered":"http:\/\/ltim.lt\/?page_id=1277"},"modified":"2021-12-15T22:03:39","modified_gmt":"2021-12-16T00:03:39","slug":"vaiku-ansamblio-leisan-pasirodymas-parodos-kauno-miesto-muziejuje-metu","status":"publish","type":"page","link":"https:\/\/ltim.lt\/en\/galerija\/vietoves\/kaunas\/vaiku-ansamblio-leisan-pasirodymas-parodos-kauno-miesto-muziejuje-metu\/","title":{"rendered":"Vaik\u0173 ansamblio \u201eLeisan\u201c pasirodymas parodos Kauno miesto muziejuje metu"},"content":{"rendered":"\n<p>1993\u20131995 m. folkloro kolektyv\u0105 \u201eLeisan\u201c \u012fsteig\u0117 Alevtina Orlova. Nuo 2007 m. ansambliui dvejus metus vadovavo J. Gruod\u017eio muzikos mokyklos absolvent\u0117 Nelly Ma\u017eitova. Prie kolektyvo veiklos skirtingais laikotarpiais\u00a0 prisid\u0117jo Gintar\u0117 Kalkauskait\u0117, Evelina, Kamil\u0117 ir Emilija Radlinskait\u0117s, Julija Kaz\u0117nait\u0117, Vaiva \u0160afranavi\u010di\u016bt\u0117, Danielius Ma\u017eitovas, Daniel\u0117 Makulavi\u010di\u016bt\u0117, Pijus Liubinskas. Nuo 2009 m. ansambliui vadovavo Natalija Jackevi\u010dien\u0117. Kolektyvo repeticijos vyko Kauno \u012fvairi\u0173 taut\u0173 kult\u016br\u0173 centre.<\/p>\n<p>Nuotraukos autorius Eugenijus Strioga. 2008 m.<\/p>\n","protected":false},"excerpt":{"rendered":"<p>1993\u20131995 m. folkloro kolektyv\u0105 \u201eLeisan\u201c \u012fsteig\u0117 Alevtina Orlova. Nuo 2007 m. ansambliui dvejus metus vadovavo J. Gruod\u017eio muzikos mokyklos absolvent\u0117 Nelly Ma\u017eitova. Prie kolektyvo veiklos skirtingais laikotarpiais\u00a0 prisid\u0117jo Gintar\u0117 Kalkauskait\u0117, Evelina, Kamil\u0117 ir Emilija Radlinskait\u0117s, Julija Kaz\u0117nait\u0117, Vaiva \u0160afranavi\u010di\u016bt\u0117, Danielius Ma\u017eitovas, Daniel\u0117 Makulavi\u010di\u016bt\u0117, Pijus Liubinskas. Nuo 2009 m. ansambliui vadovavo Natalija Jackevi\u010dien\u0117. Kolektyvo repeticijos vyko [&hellip;]<\/p>\n","protected":false},"author":1,"featured_media":1278,"parent":148,"menu_order":0,"comment_status":"closed","ping_status":"closed","template":"page-gallery-inside.php","meta":[],"_links":{"self":[{"href":"https:\/\/ltim.lt\/en\/wp-json\/wp\/v2\/pages\/1277"}],"collection":[{"href":"https:\/\/ltim.lt\/en\/wp-json\/wp\/v2\/pages"}],"about":[{"href":"https:\/\/ltim.lt\/en\/wp-json\/wp\/v2\/types\/page"}],"author":[{"embeddable":true,"href":"https:\/\/ltim.lt\/en\/wp-json\/wp\/v2\/users\/1"}],"replies":[{"embeddable":true,"href":"https:\/\/ltim.lt\/en\/wp-json\/wp\/v2\/comments?post=1277"}],"version-history":[{"count":4,"href":"https:\/\/ltim.lt\/en\/wp-json\/wp\/v2\/pages\/1277\/revisions"}],"predecessor-version":[{"id":1538,"href":"https:\/\/ltim.lt\/en\/wp-json\/wp\/v2\/pages\/1277\/revisions\/1538"}],"up":[{"embeddable":true,"href":"https:\/\/ltim.lt\/en\/wp-json\/wp\/v2\/pages\/148"}],"wp:featuredmedia":[{"embeddable":true,"href":"https:\/\/ltim.lt\/en\/wp-json\/wp\/v2\/media\/1278"}],"wp:attachment":[{"href":"https:\/\/ltim.lt\/en\/wp-json\/wp\/v2\/media?parent=1277"}],"curies":[{"name":"wp","href":"https:\/\/api.w.org\/{rel}","templated":true}]}}