{"id":1270,"date":"2021-11-02T18:54:01","date_gmt":"2021-11-02T20:54:01","guid":{"rendered":"http:\/\/ltim.lt\/?page_id=1270"},"modified":"2021-12-15T23:07:23","modified_gmt":"2021-12-16T01:07:23","slug":"raiziu-totoriu-bendruomene-20-a-6-des","status":"publish","type":"page","link":"https:\/\/ltim.lt\/en\/galerija\/vietoves\/alytus\/raiziu-totoriu-bendruomene-20-a-6-des\/","title":{"rendered":"Rai\u017ei\u0173 totori\u0173 bendruomen\u0117 20 a. 6 de\u0161."},"content":{"rendered":"\n<p>Nuotraukos, kuriose \u012fam\u017einta\u00a0Rai\u017ei\u0173 totori\u0173 bendruomen\u0117 20 a. 6 de\u0161.<\/p>\n","protected":false},"excerpt":{"rendered":"<p>Nuotraukos, kuriose \u012fam\u017einta\u00a0Rai\u017ei\u0173 totori\u0173 bendruomen\u0117 20 a. 6 de\u0161.<\/p>\n","protected":false},"author":1,"featured_media":1272,"parent":153,"menu_order":0,"comment_status":"closed","ping_status":"closed","template":"page-gallery-inside.php","meta":[],"_links":{"self":[{"href":"https:\/\/ltim.lt\/en\/wp-json\/wp\/v2\/pages\/1270"}],"collection":[{"href":"https:\/\/ltim.lt\/en\/wp-json\/wp\/v2\/pages"}],"about":[{"href":"https:\/\/ltim.lt\/en\/wp-json\/wp\/v2\/types\/page"}],"author":[{"embeddable":true,"href":"https:\/\/ltim.lt\/en\/wp-json\/wp\/v2\/users\/1"}],"replies":[{"embeddable":true,"href":"https:\/\/ltim.lt\/en\/wp-json\/wp\/v2\/comments?post=1270"}],"version-history":[{"count":3,"href":"https:\/\/ltim.lt\/en\/wp-json\/wp\/v2\/pages\/1270\/revisions"}],"predecessor-version":[{"id":1573,"href":"https:\/\/ltim.lt\/en\/wp-json\/wp\/v2\/pages\/1270\/revisions\/1573"}],"up":[{"embeddable":true,"href":"https:\/\/ltim.lt\/en\/wp-json\/wp\/v2\/pages\/153"}],"wp:featuredmedia":[{"embeddable":true,"href":"https:\/\/ltim.lt\/en\/wp-json\/wp\/v2\/media\/1272"}],"wp:attachment":[{"href":"https:\/\/ltim.lt\/en\/wp-json\/wp\/v2\/media?parent=1270"}],"curies":[{"name":"wp","href":"https:\/\/api.w.org\/{rel}","templated":true}]}}