{"id":1266,"date":"2021-11-02T18:49:24","date_gmt":"2021-11-02T20:49:24","guid":{"rendered":"http:\/\/ltim.lt\/?page_id=1266"},"modified":"2021-12-15T21:49:02","modified_gmt":"2021-12-15T23:49:02","slug":"burelis-kauno-totoriu-prie-mecetes-duru-1937m","status":"publish","type":"page","link":"https:\/\/ltim.lt\/en\/galerija\/vietoves\/kaunas\/burelis-kauno-totoriu-prie-mecetes-duru-1937m\/","title":{"rendered":"B\u016brelis Kauno totori\u0173 prie me\u010det\u0117s dur\u0173, 1937m."},"content":{"rendered":"\n<p>\u0160alia me\u010det\u0117s buvo kapini\u0173 teritorija, kuri buvo prad\u0117ta naudoti apie 1850 m. Paskutinis totorius Motiejus Tuhan Baranauskas palaidotas 1946 m.. Kapin\u0117se buvo palaiduoti \u0161ie totoriai musulmonai: Iljasevi\u010di\u0173 \u0161eimos nariai, karys Mikalmanavi\u010dius,\u00a0pulkininkas J. Kalina, pulkininkas D. Kalina, 1941 m. bir\u017eelio sukilimo dalyvis A. (Aleksandras) Tuhan Baranauskas, Asanavi\u010di\u0173 \u0161eimos nariai ir kiti.\u00a0Musulmon\u0173 kapin\u0117s buvo aptvertos medine, o v\u0117liau 1932 m. m\u016brine tvora. Kapin\u0117s panaikintos 1958 m.. Apie palaik\u0173 perlaidojim\u0105 duomen\u0173 n\u0117ra.<\/p>\n<p>Kapini\u0173 teritorijoje apie 1960 m. buvo \u012frengtas fontanas. \u0160iuo metu \u012frengta vaik\u0173 \u017eaidimo aik\u0161tel\u0117.<\/p>\n","protected":false},"excerpt":{"rendered":"<p>\u0160alia me\u010det\u0117s buvo kapini\u0173 teritorija, kuri buvo prad\u0117ta naudoti apie 1850 m. Paskutinis totorius Motiejus Tuhan Baranauskas palaidotas 1946 m.. Kapin\u0117se buvo palaiduoti \u0161ie totoriai musulmonai: Iljasevi\u010di\u0173 \u0161eimos nariai, karys Mikalmanavi\u010dius,\u00a0pulkininkas J. Kalina, pulkininkas D. Kalina, 1941 m. bir\u017eelio sukilimo dalyvis A. (Aleksandras) Tuhan Baranauskas, Asanavi\u010di\u0173 \u0161eimos nariai ir kiti.\u00a0Musulmon\u0173 kapin\u0117s buvo aptvertos medine, o [&hellip;]<\/p>\n","protected":false},"author":1,"featured_media":1267,"parent":148,"menu_order":0,"comment_status":"closed","ping_status":"closed","template":"page-gallery-inside.php","meta":[],"_links":{"self":[{"href":"https:\/\/ltim.lt\/en\/wp-json\/wp\/v2\/pages\/1266"}],"collection":[{"href":"https:\/\/ltim.lt\/en\/wp-json\/wp\/v2\/pages"}],"about":[{"href":"https:\/\/ltim.lt\/en\/wp-json\/wp\/v2\/types\/page"}],"author":[{"embeddable":true,"href":"https:\/\/ltim.lt\/en\/wp-json\/wp\/v2\/users\/1"}],"replies":[{"embeddable":true,"href":"https:\/\/ltim.lt\/en\/wp-json\/wp\/v2\/comments?post=1266"}],"version-history":[{"count":3,"href":"https:\/\/ltim.lt\/en\/wp-json\/wp\/v2\/pages\/1266\/revisions"}],"predecessor-version":[{"id":1532,"href":"https:\/\/ltim.lt\/en\/wp-json\/wp\/v2\/pages\/1266\/revisions\/1532"}],"up":[{"embeddable":true,"href":"https:\/\/ltim.lt\/en\/wp-json\/wp\/v2\/pages\/148"}],"wp:featuredmedia":[{"embeddable":true,"href":"https:\/\/ltim.lt\/en\/wp-json\/wp\/v2\/media\/1267"}],"wp:attachment":[{"href":"https:\/\/ltim.lt\/en\/wp-json\/wp\/v2\/media?parent=1266"}],"curies":[{"name":"wp","href":"https:\/\/api.w.org\/{rel}","templated":true}]}}