{"id":1263,"date":"2021-11-02T18:47:53","date_gmt":"2021-11-02T20:47:53","guid":{"rendered":"http:\/\/ltim.lt\/?page_id=1263"},"modified":"2021-12-15T22:00:31","modified_gmt":"2021-12-16T00:00:31","slug":"ibrahimas-ambajevas-su-seima","status":"publish","type":"page","link":"https:\/\/ltim.lt\/en\/galerija\/vietoves\/kaunas\/ibrahimas-ambajevas-su-seima\/","title":{"rendered":"Ibrahimas Ambajevas su \u0161eima"},"content":{"rendered":"\n<p>Ibrahimas Ambajevas buvo Kauno me\u010det\u0117s imamas 1929 &#8211; 1937 m.\u00a0<\/p>\n<p>Prie\u0161 j\u012f\u00a0Kauno me\u010det\u0117s imamu 1913 m. buvo i\u0161rinktas vietinis pa\u0161to tarnautojas Mykolas Bazarauskas (1870\u20131929). Tuomet Ibrahimas Ambajevas buvo jo pad\u0117j\u0117ju, mezimu, o Kauno musulmon\u0173 bendruomen\u0117s pirmininku i\u0161rinktas\u00a0Jonas Rizvanavi\u010dius. Parapija priklaus\u0117 Tavrijos muftiatui, kurio centras buvo Simferopolyje (Kryme).<\/p>\n","protected":false},"excerpt":{"rendered":"<p>Ibrahimas Ambajevas buvo Kauno me\u010det\u0117s imamas 1929 &#8211; 1937 m.\u00a0 Prie\u0161 j\u012f\u00a0Kauno me\u010det\u0117s imamu 1913 m. buvo i\u0161rinktas vietinis pa\u0161to tarnautojas Mykolas Bazarauskas (1870\u20131929). Tuomet Ibrahimas Ambajevas buvo jo pad\u0117j\u0117ju, mezimu, o Kauno musulmon\u0173 bendruomen\u0117s pirmininku i\u0161rinktas\u00a0Jonas Rizvanavi\u010dius. Parapija priklaus\u0117 Tavrijos muftiatui, kurio centras buvo Simferopolyje (Kryme).<\/p>\n","protected":false},"author":1,"featured_media":1256,"parent":148,"menu_order":0,"comment_status":"closed","ping_status":"closed","template":"page-gallery-inside.php","meta":[],"_links":{"self":[{"href":"https:\/\/ltim.lt\/en\/wp-json\/wp\/v2\/pages\/1263"}],"collection":[{"href":"https:\/\/ltim.lt\/en\/wp-json\/wp\/v2\/pages"}],"about":[{"href":"https:\/\/ltim.lt\/en\/wp-json\/wp\/v2\/types\/page"}],"author":[{"embeddable":true,"href":"https:\/\/ltim.lt\/en\/wp-json\/wp\/v2\/users\/1"}],"replies":[{"embeddable":true,"href":"https:\/\/ltim.lt\/en\/wp-json\/wp\/v2\/comments?post=1263"}],"version-history":[{"count":3,"href":"https:\/\/ltim.lt\/en\/wp-json\/wp\/v2\/pages\/1263\/revisions"}],"predecessor-version":[{"id":1536,"href":"https:\/\/ltim.lt\/en\/wp-json\/wp\/v2\/pages\/1263\/revisions\/1536"}],"up":[{"embeddable":true,"href":"https:\/\/ltim.lt\/en\/wp-json\/wp\/v2\/pages\/148"}],"wp:featuredmedia":[{"embeddable":true,"href":"https:\/\/ltim.lt\/en\/wp-json\/wp\/v2\/media\/1256"}],"wp:attachment":[{"href":"https:\/\/ltim.lt\/en\/wp-json\/wp\/v2\/media?parent=1263"}],"curies":[{"name":"wp","href":"https:\/\/api.w.org\/{rel}","templated":true}]}}