{"id":1260,"date":"2021-11-02T18:46:03","date_gmt":"2021-11-02T20:46:03","guid":{"rendered":"http:\/\/ltim.lt\/?page_id=1260"},"modified":"2021-12-15T21:46:51","modified_gmt":"2021-12-15T23:46:51","slug":"kauno-lietuvos-didziojo-kunigaikscio-vytauto-mecetes-statybos-pradzia","status":"publish","type":"page","link":"https:\/\/ltim.lt\/en\/galerija\/vietoves\/kaunas\/kauno-lietuvos-didziojo-kunigaikscio-vytauto-mecetes-statybos-pradzia\/","title":{"rendered":"Kauno Lietuvos Did\u017eiojo Kunigaik\u0161\u010dio Vytauto me\u010det\u0117s statybos prad\u017eia"},"content":{"rendered":"\n<p>Pagrindin\u0117 Dievo nam\u0173 a\u0161is, kaip ir vis\u0173 me\u010de\u010di\u0173, nukreipta \u012f Mek\u0105. Pastatas nugriautas 1930 m.<br \/>Teritorijoje buvo pastatyti parapijos namai su keturiais butais ir keli \u016bkin\u0119<br \/>paskirt\u012f turintys pastatai. Statiniai d\u0117l avarin\u0117s b\u016bkl\u0117s buvo nugriauti iki 1940 m.<\/p>\n<p>M\u016brin\u0117 totori\u0173 me\u010det\u0117 pastatyta 1930\u20131933 m.. Projekto autoriai architektai V. Michnevi\u010dius ir A. Netyksa. Projekto vir\u0161uje kair\u0117je pus\u0117je para\u0161ytas\u00a0pirmas me\u010det\u0117s pavadinimas: \u201eKauno me\u010det\u0117s Lietuvos Did\u017eiojo kunigaik\u0161\u010dio Vytauto vardo\u201c projektas. M\u016brin\u0117 me\u010det\u0117 buvo pastatyta Kauno totori\u0173\u00a0draugijos iniciatyva. Pastatas sum\u016brytas i\u0161 tu\u0161\u010diaviduri\u0173 betono blokeli\u0173, viduje ir i\u0161or\u0117je sienos tinkuotos. Perdang\u0105 laiko metalin\u0117s sijos. Pertvaros medin\u0117s, stogas dengtas skarda. Did\u017eioji kupolo konstrukcija dviguba kiautin\u0117.\u00a0Pastatas nedidelis, grak\u0161\u010di\u0173 proporcij\u0173. Me\u010det\u0117s vidus buvo dekoruotas ornamentine tapyba, langai inkrustuoti \u012fvairiaspalviu stiklu, portalo durys puo\u0161tos\u00a0a\u0161tuoniakampio motyvais.<\/p>\n<p>Pokario metais pastatas tur\u0117jo \u016bkin\u0119 paskirt\u012f. 1972\u20131973 m. kapitaliai suremontuotas pagal architekto Z. Dargio projekt\u0105. I\u0161 pietin\u0117s pus\u0117s pristatyta atvira gel\u017ebetonin\u0117 galerija. Pastatas buvo remontuotas. 1991 m. Kauno\u00a0miesto mero sprendimu me\u010det\u0117 gr\u0105\u017einta Lietuvos totori\u0173 musulmon\u0173 sunit\u0173 bendruomenei. Pastatas buvo kelet\u0105 kart\u0173 remontuotas. 2019\u20131920 m. me\u010det\u0117s pastatas v\u0117l remontuotas.<\/p>\n","protected":false},"excerpt":{"rendered":"<p>Pagrindin\u0117 Dievo nam\u0173 a\u0161is, kaip ir vis\u0173 me\u010de\u010di\u0173, nukreipta \u012f Mek\u0105. Pastatas nugriautas 1930 m.Teritorijoje buvo pastatyti parapijos namai su keturiais butais ir keli \u016bkin\u0119paskirt\u012f turintys pastatai. Statiniai d\u0117l avarin\u0117s b\u016bkl\u0117s buvo nugriauti iki 1940 m. M\u016brin\u0117 totori\u0173 me\u010det\u0117 pastatyta 1930\u20131933 m.. Projekto autoriai architektai V. Michnevi\u010dius ir A. Netyksa. Projekto vir\u0161uje kair\u0117je pus\u0117je para\u0161ytas\u00a0pirmas [&hellip;]<\/p>\n","protected":false},"author":1,"featured_media":1255,"parent":148,"menu_order":0,"comment_status":"closed","ping_status":"closed","template":"page-gallery-inside.php","meta":[],"_links":{"self":[{"href":"https:\/\/ltim.lt\/en\/wp-json\/wp\/v2\/pages\/1260"}],"collection":[{"href":"https:\/\/ltim.lt\/en\/wp-json\/wp\/v2\/pages"}],"about":[{"href":"https:\/\/ltim.lt\/en\/wp-json\/wp\/v2\/types\/page"}],"author":[{"embeddable":true,"href":"https:\/\/ltim.lt\/en\/wp-json\/wp\/v2\/users\/1"}],"replies":[{"embeddable":true,"href":"https:\/\/ltim.lt\/en\/wp-json\/wp\/v2\/comments?post=1260"}],"version-history":[{"count":4,"href":"https:\/\/ltim.lt\/en\/wp-json\/wp\/v2\/pages\/1260\/revisions"}],"predecessor-version":[{"id":1530,"href":"https:\/\/ltim.lt\/en\/wp-json\/wp\/v2\/pages\/1260\/revisions\/1530"}],"up":[{"embeddable":true,"href":"https:\/\/ltim.lt\/en\/wp-json\/wp\/v2\/pages\/148"}],"wp:featuredmedia":[{"embeddable":true,"href":"https:\/\/ltim.lt\/en\/wp-json\/wp\/v2\/media\/1255"}],"wp:attachment":[{"href":"https:\/\/ltim.lt\/en\/wp-json\/wp\/v2\/media?parent=1260"}],"curies":[{"name":"wp","href":"https:\/\/api.w.org\/{rel}","templated":true}]}}