{"id":1250,"date":"2021-11-02T18:42:21","date_gmt":"2021-11-02T20:42:21","guid":{"rendered":"http:\/\/ltim.lt\/?page_id=1250"},"modified":"2021-12-15T21:54:04","modified_gmt":"2021-12-15T23:54:04","slug":"chalilis-janusauskas-tarp-bendradarbiu-kauno-paste","status":"publish","type":"page","link":"https:\/\/ltim.lt\/en\/galerija\/vietoves\/kaunas\/chalilis-janusauskas-tarp-bendradarbiu-kauno-paste\/","title":{"rendered":"Chalilis Janu\u0161auskas tarp bendradarbi\u0173 Kauno pa\u0161te"},"content":{"rendered":"\n<p>Kaunas, kaip buvusi Lietuvos laikinoji sostin\u0117, suvaidino reik\u0161ming\u0105\u00a0vaidmen\u012f Lietuvos totori\u0173 istorijoje, \u010dia 1933 m. buvo pastatyta vienintel\u0117 Lietuvoje m\u016brin\u0117 me\u010det\u0117. Palikuonys tur\u0117t\u0173 b\u016bti d\u0117kingi pulkininkui, v\u0117liau Lietuvos valdininkui Chaliliui Janu\u0161auskui, kuris \u0117m\u0117si \u0161ios kilnios misijos\u00a0ir sub\u016br\u0117 Kauno me\u010det\u0117s statybos komitet\u0105.<\/p>\n","protected":false},"excerpt":{"rendered":"<p>Kaunas, kaip buvusi Lietuvos laikinoji sostin\u0117, suvaidino reik\u0161ming\u0105\u00a0vaidmen\u012f Lietuvos totori\u0173 istorijoje, \u010dia 1933 m. buvo pastatyta vienintel\u0117 Lietuvoje m\u016brin\u0117 me\u010det\u0117. Palikuonys tur\u0117t\u0173 b\u016bti d\u0117kingi pulkininkui, v\u0117liau Lietuvos valdininkui Chaliliui Janu\u0161auskui, kuris \u0117m\u0117si \u0161ios kilnios misijos\u00a0ir sub\u016br\u0117 Kauno me\u010det\u0117s statybos komitet\u0105.<\/p>\n","protected":false},"author":1,"featured_media":1251,"parent":148,"menu_order":0,"comment_status":"closed","ping_status":"closed","template":"page-gallery-inside.php","meta":[],"_links":{"self":[{"href":"https:\/\/ltim.lt\/en\/wp-json\/wp\/v2\/pages\/1250"}],"collection":[{"href":"https:\/\/ltim.lt\/en\/wp-json\/wp\/v2\/pages"}],"about":[{"href":"https:\/\/ltim.lt\/en\/wp-json\/wp\/v2\/types\/page"}],"author":[{"embeddable":true,"href":"https:\/\/ltim.lt\/en\/wp-json\/wp\/v2\/users\/1"}],"replies":[{"embeddable":true,"href":"https:\/\/ltim.lt\/en\/wp-json\/wp\/v2\/comments?post=1250"}],"version-history":[{"count":3,"href":"https:\/\/ltim.lt\/en\/wp-json\/wp\/v2\/pages\/1250\/revisions"}],"predecessor-version":[{"id":1533,"href":"https:\/\/ltim.lt\/en\/wp-json\/wp\/v2\/pages\/1250\/revisions\/1533"}],"up":[{"embeddable":true,"href":"https:\/\/ltim.lt\/en\/wp-json\/wp\/v2\/pages\/148"}],"wp:featuredmedia":[{"embeddable":true,"href":"https:\/\/ltim.lt\/en\/wp-json\/wp\/v2\/media\/1251"}],"wp:attachment":[{"href":"https:\/\/ltim.lt\/en\/wp-json\/wp\/v2\/media?parent=1250"}],"curies":[{"name":"wp","href":"https:\/\/api.w.org\/{rel}","templated":true}]}}